{"id":12383,"date":"2025-02-17T20:28:26","date_gmt":"2025-02-17T20:28:26","guid":{"rendered":"https:\/\/shoelutions.pt\/?page_id=12383"},"modified":"2025-04-02T15:10:21","modified_gmt":"2025-04-02T15:10:21","slug":"jeanette-vieira","status":"publish","type":"page","link":"https:\/\/shoelutions.pt\/pt\/about\/jeanette-vieira\/","title":{"rendered":"Jeanette Vieira"},"content":{"rendered":"<div data-elementor-type=\"wp-page\" data-elementor-id=\"12383\" class=\"elementor elementor-12383\" data-elementor-post-type=\"page\">\n\t\t\t\t\t\t<section class=\"elementor-section elementor-top-section elementor-element elementor-element-25ec764b elementor-section-full_width elementor-section-height-default elementor-section-height-default\" data-id=\"25ec764b\" data-element_type=\"section\" data-e-type=\"section\">\n\t\t\t\t\t\t<div class=\"elementor-container elementor-column-gap-default\">\n\t\t\t\t\t<div class=\"elementor-column elementor-col-100 elementor-top-column elementor-element elementor-element-77ec4905\" data-id=\"77ec4905\" data-element_type=\"column\" data-e-type=\"column\">\n\t\t\t<div class=\"elementor-widget-wrap elementor-element-populated\">\n\t\t\t\t\t\t<div class=\"elementor-element elementor-element-67688f32 elementor-widget elementor-widget-heading\" data-id=\"67688f32\" data-element_type=\"widget\" data-e-type=\"widget\" data-widget_type=\"heading.default\">\n\t\t\t\t<div class=\"elementor-widget-container\">\n\t\t\t\t\t<h2 class=\"elementor-heading-title elementor-size-default\">Conhe\u00e7a a nossa equipa<\/h2>\t\t\t\t<\/div>\n\t\t\t\t<\/div>\n\t\t\t\t\t<\/div>\n\t\t<\/div>\n\t\t\t\t\t<\/div>\n\t\t<\/section>\n\t\t\t\t<section class=\"elementor-section elementor-top-section elementor-element elementor-element-293ce48c elementor-section-full_width elementor-section-height-default elementor-section-height-default\" data-id=\"293ce48c\" data-element_type=\"section\" data-e-type=\"section\" data-settings=\"{&quot;background_background&quot;:&quot;classic&quot;}\">\n\t\t\t\t\t\t<div class=\"elementor-container elementor-column-gap-no\">\n\t\t\t\t\t<div class=\"elementor-column elementor-col-50 elementor-top-column elementor-element elementor-element-50ffd43f\" data-id=\"50ffd43f\" data-element_type=\"column\" data-e-type=\"column\">\n\t\t\t<div class=\"elementor-widget-wrap elementor-element-populated\">\n\t\t\t\t\t\t<div class=\"elementor-element elementor-element-11c9b4c elementor-widget elementor-widget-image\" data-id=\"11c9b4c\" data-element_type=\"widget\" data-e-type=\"widget\" data-widget_type=\"image.default\">\n\t\t\t\t<div class=\"elementor-widget-container\">\n\t\t\t\t\t\t\t\t\t\t\t\t\t\t\t<img fetchpriority=\"high\" decoding=\"async\" width=\"800\" height=\"800\" src=\"https:\/\/shoelutions.pt\/wp-content\/uploads\/2025\/03\/Jeanette-1024x1024.jpg\" class=\"attachment-large size-large wp-image-12873\" alt=\"\" srcset=\"https:\/\/shoelutions.pt\/wp-content\/uploads\/2025\/03\/Jeanette-1024x1024.jpg 1024w, https:\/\/shoelutions.pt\/wp-content\/uploads\/2025\/03\/Jeanette-300x300.jpg 300w, https:\/\/shoelutions.pt\/wp-content\/uploads\/2025\/03\/Jeanette-150x150.jpg 150w, https:\/\/shoelutions.pt\/wp-content\/uploads\/2025\/03\/Jeanette-768x768.jpg 768w, https:\/\/shoelutions.pt\/wp-content\/uploads\/2025\/03\/Jeanette-12x12.jpg 12w, https:\/\/shoelutions.pt\/wp-content\/uploads\/2025\/03\/Jeanette-600x600.jpg 600w, https:\/\/shoelutions.pt\/wp-content\/uploads\/2025\/03\/Jeanette-100x100.jpg 100w, https:\/\/shoelutions.pt\/wp-content\/uploads\/2025\/03\/Jeanette.jpg 1080w\" sizes=\"(max-width: 800px) 100vw, 800px\" \/>\t\t\t\t\t\t\t\t\t\t\t\t\t\t\t<\/div>\n\t\t\t\t<\/div>\n\t\t\t\t\t<\/div>\n\t\t<\/div>\n\t\t\t\t<div class=\"elementor-column elementor-col-50 elementor-top-column elementor-element elementor-element-6219d255\" data-id=\"6219d255\" data-element_type=\"column\" data-e-type=\"column\">\n\t\t\t<div class=\"elementor-widget-wrap elementor-element-populated\">\n\t\t\t\t\t\t<div class=\"elementor-element elementor-element-236ce48f elementor-widget elementor-widget-heading\" data-id=\"236ce48f\" data-element_type=\"widget\" data-e-type=\"widget\" data-widget_type=\"heading.default\">\n\t\t\t\t<div class=\"elementor-widget-container\">\n\t\t\t\t\t<h2 class=\"elementor-heading-title elementor-size-default\">Jeanette Vieira<span style=\"font-size:1em;color:#ff0500\">.<\/span><\/h2>\t\t\t\t<\/div>\n\t\t\t\t<\/div>\n\t\t\t\t<div class=\"elementor-element elementor-element-66ac5508 elementor-widget elementor-widget-heading\" data-id=\"66ac5508\" data-element_type=\"widget\" data-e-type=\"widget\" data-widget_type=\"heading.default\">\n\t\t\t\t<div class=\"elementor-widget-container\">\n\t\t\t\t\t<h2 class=\"elementor-heading-title elementor-size-default\">Gerente<\/h2>\t\t\t\t<\/div>\n\t\t\t\t<\/div>\n\t\t\t\t<div class=\"elementor-element elementor-element-5c1f6f0c elementor-widget elementor-widget-text-editor\" data-id=\"5c1f6f0c\" data-element_type=\"widget\" data-e-type=\"widget\" data-widget_type=\"text-editor.default\">\n\t\t\t\t<div class=\"elementor-widget-container\">\n\t\t\t\t\t\t\t\t\t<div id=\"idTextPanel\" class=\"jqDnR\"><p>Formada em Administra\u00e7\u00e3o de Empresas e com s\u00f3lida experi\u00eancia em contabilidade e gest\u00e3o comercial, Jeanette fundou a Shoelutions em 2009 ao lado de Ricardo, dando vida a um projeto que alia inova\u00e7\u00e3o, qualidade e paix\u00e3o pelo setor do cal\u00e7ado.<\/p><p>Na Shoelutions, a Jeanette desempenha um papel fundamental na gest\u00e3o financeira e comercial. Ela garante a solidez da empresa, gerindo or\u00e7amentos, controlando custos e analisando o desempenho financeiro para garantir decis\u00f5es estrat\u00e9gicas bem fundamentadas. Ela tamb\u00e9m \u00e9 gestora comercial das marcas de cal\u00e7ado pr\u00f3prias e que a empresa representa. A sua vis\u00e3o estrat\u00e9gica e capacidade de relacionamento fortalecem parcerias e expandem a presen\u00e7a da Shoelutions no mercado.<\/p><p>Nascida na Venezuela, ela \u00e9 aventureira, soci\u00e1vel e extrovertida, caracter\u00edsticas que se refletem tanto na sua vida pessoal quanto profissional. Apaixonada por viagens, adora explorar novos destinos, culturas e sabores, sempre em busca de novas inspira\u00e7\u00f5es.<\/p><p>O desporto faz parte do seu dia a dia, sendo uma presen\u00e7a ass\u00eddua no gin\u00e1sio e uma adepta de futebol, que vibra dentro e fora do est\u00e1dio e que adora reunir os amigos para partilhar as emo\u00e7\u00f5es do jogo.<\/p><p>Com um olhar atento aos detalhes e uma abordagem sempre din\u00e2mica, a Jeanette garante que a Shoelutions continue a crescer de forma sustent\u00e1vel, mantendo a qualidade e a inova\u00e7\u00e3o no centro do neg\u00f3cio.<\/p><\/div>\t\t\t\t\t\t\t\t<\/div>\n\t\t\t\t<\/div>\n\t\t\t\t<div class=\"elementor-element elementor-element-14ea245e e-grid-align-left elementor-shape-rounded elementor-grid-0 elementor-widget elementor-widget-social-icons\" data-id=\"14ea245e\" data-element_type=\"widget\" data-e-type=\"widget\" data-widget_type=\"social-icons.default\">\n\t\t\t\t<div class=\"elementor-widget-container\">\n\t\t\t\t\t\t\t<div class=\"elementor-social-icons-wrapper elementor-grid\">\n\t\t\t\t\t\t\t<span class=\"elementor-grid-item\">\n\t\t\t\t\t<a class=\"elementor-icon elementor-social-icon elementor-social-icon-linkedin elementor-repeater-item-78ec553\" href=\"https:\/\/www.linkedin.com\/in\/jeanette-vieira-b5810427\/\" target=\"_blank\">\n\t\t\t\t\t\t<span class=\"elementor-screen-only\">Linkedin<\/span>\n\t\t\t\t\t\t<i aria-hidden=\"true\" class=\"fab fa-linkedin\"><\/i>\t\t\t\t\t<\/a>\n\t\t\t\t<\/span>\n\t\t\t\t\t<\/div>\n\t\t\t\t\t\t<\/div>\n\t\t\t\t<\/div>\n\t\t\t\t<div class=\"elementor-element elementor-element-2738a35 e-transform elementor-widget elementor-widget-heading\" data-id=\"2738a35\" data-element_type=\"widget\" data-e-type=\"widget\" data-settings=\"{&quot;_transform_scale_effect_hover&quot;:{&quot;unit&quot;:&quot;px&quot;,&quot;size&quot;:1.1,&quot;sizes&quot;:[]},&quot;_transform_scale_effect_hover_tablet&quot;:{&quot;unit&quot;:&quot;px&quot;,&quot;size&quot;:&quot;&quot;,&quot;sizes&quot;:[]},&quot;_transform_scale_effect_hover_mobile&quot;:{&quot;unit&quot;:&quot;px&quot;,&quot;size&quot;:&quot;&quot;,&quot;sizes&quot;:[]}}\" data-widget_type=\"heading.default\">\n\t\t\t\t<div class=\"elementor-widget-container\">\n\t\t\t\t\t<h5 class=\"elementor-heading-title elementor-size-default\"><a href=\"https:\/\/shoelutions.pt\/pt\/about\/#team\">Ver toda a equipa<span style=\"font-size:1em;color:#ff0500\">.<\/span><\/a><\/h5>\t\t\t\t<\/div>\n\t\t\t\t<\/div>\n\t\t\t\t\t<\/div>\n\t\t<\/div>\n\t\t\t\t\t<\/div>\n\t\t<\/section>\n\t\t\t\t<\/div>","protected":false},"excerpt":{"rendered":"<p>Meet our team Jeanette Vieira. Managing Director With a degree in Business Management and solid experience in accounting and commercial management, Jeanette founded Shoelutions in 2009 alongside Ricardo, giving life to a project that combines innovation, quality and passion for the footwear sector. At Shoelutions, Jeanette plays a key role in financial and commercial management. [&hellip;]<\/p>\n","protected":false},"author":1,"featured_media":0,"parent":193,"menu_order":0,"comment_status":"closed","ping_status":"closed","template":"","meta":{"_acf_changed":false,"footnotes":""},"categories":[],"tags":[],"class_list":["post-12383","page","type-page","status-publish","hentry"],"acf":[],"_links":{"self":[{"href":"https:\/\/shoelutions.pt\/pt\/wp-json\/wp\/v2\/pages\/12383","targetHints":{"allow":["GET"]}}],"collection":[{"href":"https:\/\/shoelutions.pt\/pt\/wp-json\/wp\/v2\/pages"}],"about":[{"href":"https:\/\/shoelutions.pt\/pt\/wp-json\/wp\/v2\/types\/page"}],"author":[{"embeddable":true,"href":"https:\/\/shoelutions.pt\/pt\/wp-json\/wp\/v2\/users\/1"}],"replies":[{"embeddable":true,"href":"https:\/\/shoelutions.pt\/pt\/wp-json\/wp\/v2\/comments?post=12383"}],"version-history":[{"count":31,"href":"https:\/\/shoelutions.pt\/pt\/wp-json\/wp\/v2\/pages\/12383\/revisions"}],"predecessor-version":[{"id":13080,"href":"https:\/\/shoelutions.pt\/pt\/wp-json\/wp\/v2\/pages\/12383\/revisions\/13080"}],"up":[{"embeddable":true,"href":"https:\/\/shoelutions.pt\/pt\/wp-json\/wp\/v2\/pages\/193"}],"wp:attachment":[{"href":"https:\/\/shoelutions.pt\/pt\/wp-json\/wp\/v2\/media?parent=12383"}],"wp:term":[{"taxonomy":"category","embeddable":true,"href":"https:\/\/shoelutions.pt\/pt\/wp-json\/wp\/v2\/categories?post=12383"},{"taxonomy":"post_tag","embeddable":true,"href":"https:\/\/shoelutions.pt\/pt\/wp-json\/wp\/v2\/tags?post=12383"}],"curies":[{"name":"wp","href":"https:\/\/api.w.org\/{rel}","templated":true}]}}