{"id":12399,"date":"2025-02-17T20:35:45","date_gmt":"2025-02-17T20:35:45","guid":{"rendered":"https:\/\/shoelutions.pt\/?page_id=12399"},"modified":"2026-01-23T13:04:10","modified_gmt":"2026-01-23T13:04:10","slug":"ricardo-conceicao","status":"publish","type":"page","link":"https:\/\/shoelutions.pt\/pt\/about\/ricardo-conceicao\/","title":{"rendered":"Ricardo Concei\u00e7\u00e3o"},"content":{"rendered":"<div data-elementor-type=\"wp-page\" data-elementor-id=\"12399\" class=\"elementor elementor-12399\" data-elementor-post-type=\"page\">\n\t\t\t\t\t\t<section class=\"elementor-section elementor-top-section elementor-element elementor-element-73f284ae elementor-section-full_width elementor-section-height-default elementor-section-height-default\" data-id=\"73f284ae\" data-element_type=\"section\" data-e-type=\"section\">\n\t\t\t\t\t\t<div class=\"elementor-container elementor-column-gap-default\">\n\t\t\t\t\t<div class=\"elementor-column elementor-col-100 elementor-top-column elementor-element elementor-element-357a3d76\" data-id=\"357a3d76\" data-element_type=\"column\" data-e-type=\"column\">\n\t\t\t<div class=\"elementor-widget-wrap elementor-element-populated\">\n\t\t\t\t\t\t<div class=\"elementor-element elementor-element-7221563e elementor-widget elementor-widget-heading\" data-id=\"7221563e\" data-element_type=\"widget\" data-e-type=\"widget\" data-widget_type=\"heading.default\">\n\t\t\t\t<div class=\"elementor-widget-container\">\n\t\t\t\t\t<h2 class=\"elementor-heading-title elementor-size-default\">Conhe\u00e7a a nossa equipa<\/h2>\t\t\t\t<\/div>\n\t\t\t\t<\/div>\n\t\t\t\t\t<\/div>\n\t\t<\/div>\n\t\t\t\t\t<\/div>\n\t\t<\/section>\n\t\t\t\t<section class=\"elementor-section elementor-top-section elementor-element elementor-element-2b655631 elementor-section-full_width elementor-section-height-default elementor-section-height-default\" data-id=\"2b655631\" data-element_type=\"section\" data-e-type=\"section\" data-settings=\"{&quot;background_background&quot;:&quot;classic&quot;}\">\n\t\t\t\t\t\t<div class=\"elementor-container elementor-column-gap-no\">\n\t\t\t\t\t<div class=\"elementor-column elementor-col-50 elementor-top-column elementor-element elementor-element-67a6c395\" data-id=\"67a6c395\" data-element_type=\"column\" data-e-type=\"column\">\n\t\t\t<div class=\"elementor-widget-wrap elementor-element-populated\">\n\t\t\t\t\t\t<div class=\"elementor-element elementor-element-288654c elementor-widget elementor-widget-image\" data-id=\"288654c\" data-element_type=\"widget\" data-e-type=\"widget\" data-widget_type=\"image.default\">\n\t\t\t\t<div class=\"elementor-widget-container\">\n\t\t\t\t\t\t\t\t\t\t\t\t\t\t\t<img fetchpriority=\"high\" decoding=\"async\" width=\"800\" height=\"800\" src=\"https:\/\/shoelutions.pt\/wp-content\/uploads\/2025\/05\/RicardoC-workstation-1024x1024.jpg\" class=\"attachment-large size-large wp-image-13306\" alt=\"\" srcset=\"https:\/\/shoelutions.pt\/wp-content\/uploads\/2025\/05\/RicardoC-workstation-1024x1024.jpg 1024w, https:\/\/shoelutions.pt\/wp-content\/uploads\/2025\/05\/RicardoC-workstation-300x300.jpg 300w, https:\/\/shoelutions.pt\/wp-content\/uploads\/2025\/05\/RicardoC-workstation-150x150.jpg 150w, https:\/\/shoelutions.pt\/wp-content\/uploads\/2025\/05\/RicardoC-workstation-768x768.jpg 768w, https:\/\/shoelutions.pt\/wp-content\/uploads\/2025\/05\/RicardoC-workstation-12x12.jpg 12w, https:\/\/shoelutions.pt\/wp-content\/uploads\/2025\/05\/RicardoC-workstation-600x600.jpg 600w, https:\/\/shoelutions.pt\/wp-content\/uploads\/2025\/05\/RicardoC-workstation-100x100.jpg 100w, https:\/\/shoelutions.pt\/wp-content\/uploads\/2025\/05\/RicardoC-workstation.jpg 1080w\" sizes=\"(max-width: 800px) 100vw, 800px\" \/>\t\t\t\t\t\t\t\t\t\t\t\t\t\t\t<\/div>\n\t\t\t\t<\/div>\n\t\t\t\t\t<\/div>\n\t\t<\/div>\n\t\t\t\t<div class=\"elementor-column elementor-col-50 elementor-top-column elementor-element elementor-element-5f984a83\" data-id=\"5f984a83\" data-element_type=\"column\" data-e-type=\"column\">\n\t\t\t<div class=\"elementor-widget-wrap elementor-element-populated\">\n\t\t\t\t\t\t<div class=\"elementor-element elementor-element-71a4e933 elementor-widget elementor-widget-heading\" data-id=\"71a4e933\" data-element_type=\"widget\" data-e-type=\"widget\" data-widget_type=\"heading.default\">\n\t\t\t\t<div class=\"elementor-widget-container\">\n\t\t\t\t\t<h2 class=\"elementor-heading-title elementor-size-default\">Ricardo Concei\u00e7\u00e3o<span style=\"font-size:1em;color:#ff0500\">.<\/span><\/h2>\t\t\t\t<\/div>\n\t\t\t\t<\/div>\n\t\t\t\t<div class=\"elementor-element elementor-element-644f488d elementor-widget elementor-widget-heading\" data-id=\"644f488d\" data-element_type=\"widget\" data-e-type=\"widget\" data-widget_type=\"heading.default\">\n\t\t\t\t<div class=\"elementor-widget-container\">\n\t\t\t\t\t<h2 class=\"elementor-heading-title elementor-size-default\">Gerente de Marca e Design<\/h2>\t\t\t\t<\/div>\n\t\t\t\t<\/div>\n\t\t\t\t<div class=\"elementor-element elementor-element-1dfd2666 elementor-widget elementor-widget-text-editor\" data-id=\"1dfd2666\" data-element_type=\"widget\" data-e-type=\"widget\" data-widget_type=\"text-editor.default\">\n\t\t\t\t<div class=\"elementor-widget-container\">\n\t\t\t\t\t\t\t\t\t<div id=\"idTextPanel\" class=\"jqDnR\"><p>Ricardo Concei\u00e7\u00e3o \u00e9 natural do Porto mas cresceu em S\u00e3o Jo\u00e3o da Madeira, cidade conhecida como a capital do cal\u00e7ado devido \u00e0 sua liga\u00e7\u00e3o hist\u00f3rica a esta ind\u00fastria. Formou-se em Modela\u00e7\u00e3o e Design de Cal\u00e7ado e Marroquinaria, o que deu in\u00edcio \u00e0 sua carreira profissional. Em 2009 fundou a Shoelutions, combinando conhecimento t\u00e9cnico e vis\u00e3o estrat\u00e9gica para criar um neg\u00f3cio inovador. Para aprofundar os seus conhecimentos e acompanhar as necessidades dos clientes, concluiu uma p\u00f3s-gradua\u00e7\u00e3o em Branding, refor\u00e7ando a import\u00e2ncia da identidade e estrat\u00e9gias das marcas.<\/p><p>Como Gerente de Marca e Designer, \u00e9 respons\u00e1vel pelo desenvolvimento de todos os projetos da empresa. Acompanha de perto todo o processo criativo, do conceito ao produto final, garantindo que cada detalhe reflita qualidade e personalidade.<\/p><p>Organizado, met\u00f3dico e focado, mas com um esp\u00edrito aventureiro e curioso, o Ricardo encontra inspira\u00e7\u00e3o em novas experi\u00eancias. Sempre que pode, coloca a mochila \u00e0s costas para viajar e explorar o mundo.<\/p><p>O desporto faz parte de sua rotina di\u00e1ria, mantendo-o ativo e equilibrado. Nas horas vagas, gosta de ir a concertos, sair com amigos, ler e ouvir podcasts, sempre em busca de novas ideias e refer\u00eancias.<\/p><p>Com uma abordagem criativa e estrat\u00e9gica, o Ricardo ajuda a Shoelutions a continuar a crescer, sempre focada na inova\u00e7\u00e3o e na excel\u00eancia.<\/p><\/div>\t\t\t\t\t\t\t\t<\/div>\n\t\t\t\t<\/div>\n\t\t\t\t<div class=\"elementor-element elementor-element-29adde e-grid-align-left elementor-shape-rounded elementor-grid-0 elementor-widget elementor-widget-social-icons\" data-id=\"29adde\" data-element_type=\"widget\" data-e-type=\"widget\" data-widget_type=\"social-icons.default\">\n\t\t\t\t<div class=\"elementor-widget-container\">\n\t\t\t\t\t\t\t<div class=\"elementor-social-icons-wrapper elementor-grid\">\n\t\t\t\t\t\t\t<span class=\"elementor-grid-item\">\n\t\t\t\t\t<a class=\"elementor-icon elementor-social-icon elementor-social-icon-linkedin elementor-repeater-item-78ec553\" href=\"https:\/\/www.linkedin.com\/in\/rcshoes\/\" target=\"_blank\">\n\t\t\t\t\t\t<span class=\"elementor-screen-only\">Linkedin<\/span>\n\t\t\t\t\t\t<i aria-hidden=\"true\" class=\"fab fa-linkedin\"><\/i>\t\t\t\t\t<\/a>\n\t\t\t\t<\/span>\n\t\t\t\t\t<\/div>\n\t\t\t\t\t\t<\/div>\n\t\t\t\t<\/div>\n\t\t\t\t<div class=\"elementor-element elementor-element-4bcc29cd e-transform elementor-widget elementor-widget-heading\" data-id=\"4bcc29cd\" data-element_type=\"widget\" data-e-type=\"widget\" data-settings=\"{&quot;_transform_scale_effect_hover&quot;:{&quot;unit&quot;:&quot;px&quot;,&quot;size&quot;:1.1,&quot;sizes&quot;:[]},&quot;_transform_scale_effect_hover_tablet&quot;:{&quot;unit&quot;:&quot;px&quot;,&quot;size&quot;:&quot;&quot;,&quot;sizes&quot;:[]},&quot;_transform_scale_effect_hover_mobile&quot;:{&quot;unit&quot;:&quot;px&quot;,&quot;size&quot;:&quot;&quot;,&quot;sizes&quot;:[]}}\" data-widget_type=\"heading.default\">\n\t\t\t\t<div class=\"elementor-widget-container\">\n\t\t\t\t\t<h5 class=\"elementor-heading-title elementor-size-default\"><a href=\"https:\/\/shoelutions.pt\/pt\/about\/#team\">Ver toda a equipa<span style=\"font-size:1em;color:#ff0500\">.<\/span><\/a><\/h5>\t\t\t\t<\/div>\n\t\t\t\t<\/div>\n\t\t\t\t\t<\/div>\n\t\t<\/div>\n\t\t\t\t\t<\/div>\n\t\t<\/section>\n\t\t\t\t<\/div>","protected":false},"excerpt":{"rendered":"<p>Meet our team Ricardo Concei\u00e7\u00e3o. Brand &amp; Design Manager Ricardo Concei\u00e7\u00e3o was born in Porto but grew up in S\u00e3o Jo\u00e3o da Madeira, a city known as the footwear capital due to its historical connection to this industry. He graduated in Footwear and Leather Goods Modeling and Design, which marked the beginning of his professional [&hellip;]<\/p>\n","protected":false},"author":1,"featured_media":0,"parent":193,"menu_order":0,"comment_status":"closed","ping_status":"closed","template":"","meta":{"_acf_changed":false,"footnotes":""},"categories":[],"tags":[],"class_list":["post-12399","page","type-page","status-publish","hentry"],"acf":[],"_links":{"self":[{"href":"https:\/\/shoelutions.pt\/pt\/wp-json\/wp\/v2\/pages\/12399","targetHints":{"allow":["GET"]}}],"collection":[{"href":"https:\/\/shoelutions.pt\/pt\/wp-json\/wp\/v2\/pages"}],"about":[{"href":"https:\/\/shoelutions.pt\/pt\/wp-json\/wp\/v2\/types\/page"}],"author":[{"embeddable":true,"href":"https:\/\/shoelutions.pt\/pt\/wp-json\/wp\/v2\/users\/1"}],"replies":[{"embeddable":true,"href":"https:\/\/shoelutions.pt\/pt\/wp-json\/wp\/v2\/comments?post=12399"}],"version-history":[{"count":25,"href":"https:\/\/shoelutions.pt\/pt\/wp-json\/wp\/v2\/pages\/12399\/revisions"}],"predecessor-version":[{"id":14490,"href":"https:\/\/shoelutions.pt\/pt\/wp-json\/wp\/v2\/pages\/12399\/revisions\/14490"}],"up":[{"embeddable":true,"href":"https:\/\/shoelutions.pt\/pt\/wp-json\/wp\/v2\/pages\/193"}],"wp:attachment":[{"href":"https:\/\/shoelutions.pt\/pt\/wp-json\/wp\/v2\/media?parent=12399"}],"wp:term":[{"taxonomy":"category","embeddable":true,"href":"https:\/\/shoelutions.pt\/pt\/wp-json\/wp\/v2\/categories?post=12399"},{"taxonomy":"post_tag","embeddable":true,"href":"https:\/\/shoelutions.pt\/pt\/wp-json\/wp\/v2\/tags?post=12399"}],"curies":[{"name":"wp","href":"https:\/\/api.w.org\/{rel}","templated":true}]}}