{"id":12421,"date":"2025-02-17T21:16:17","date_gmt":"2025-02-17T21:16:17","guid":{"rendered":"https:\/\/shoelutions.pt\/?page_id=12421"},"modified":"2025-04-02T15:13:34","modified_gmt":"2025-04-02T15:13:34","slug":"rita-guerreiro","status":"publish","type":"page","link":"https:\/\/shoelutions.pt\/pt\/about\/rita-guerreiro\/","title":{"rendered":"Rita Guerreiro"},"content":{"rendered":"<div data-elementor-type=\"wp-page\" data-elementor-id=\"12421\" class=\"elementor elementor-12421\" data-elementor-post-type=\"page\">\n\t\t\t\t\t\t<section class=\"elementor-section elementor-top-section elementor-element elementor-element-10767562 elementor-section-full_width elementor-section-height-default elementor-section-height-default\" data-id=\"10767562\" data-element_type=\"section\" data-e-type=\"section\">\n\t\t\t\t\t\t<div class=\"elementor-container elementor-column-gap-default\">\n\t\t\t\t\t<div class=\"elementor-column elementor-col-100 elementor-top-column elementor-element elementor-element-1a608a86\" data-id=\"1a608a86\" data-element_type=\"column\" data-e-type=\"column\">\n\t\t\t<div class=\"elementor-widget-wrap elementor-element-populated\">\n\t\t\t\t\t\t<div class=\"elementor-element elementor-element-2ba78577 elementor-widget elementor-widget-heading\" data-id=\"2ba78577\" data-element_type=\"widget\" data-e-type=\"widget\" data-widget_type=\"heading.default\">\n\t\t\t\t<div class=\"elementor-widget-container\">\n\t\t\t\t\t<h2 class=\"elementor-heading-title elementor-size-default\">Conhe\u00e7a a nossa equipa<\/h2>\t\t\t\t<\/div>\n\t\t\t\t<\/div>\n\t\t\t\t\t<\/div>\n\t\t<\/div>\n\t\t\t\t\t<\/div>\n\t\t<\/section>\n\t\t\t\t<section class=\"elementor-section elementor-top-section elementor-element elementor-element-573addac elementor-section-full_width elementor-section-height-default elementor-section-height-default\" data-id=\"573addac\" data-element_type=\"section\" data-e-type=\"section\" data-settings=\"{&quot;background_background&quot;:&quot;classic&quot;}\">\n\t\t\t\t\t\t<div class=\"elementor-container elementor-column-gap-no\">\n\t\t\t\t\t<div class=\"elementor-column elementor-col-50 elementor-top-column elementor-element elementor-element-6036ed5a\" data-id=\"6036ed5a\" data-element_type=\"column\" data-e-type=\"column\">\n\t\t\t<div class=\"elementor-widget-wrap elementor-element-populated\">\n\t\t\t\t\t\t<div class=\"elementor-element elementor-element-4f50286 elementor-widget elementor-widget-image\" data-id=\"4f50286\" data-element_type=\"widget\" data-e-type=\"widget\" data-widget_type=\"image.default\">\n\t\t\t\t<div class=\"elementor-widget-container\">\n\t\t\t\t\t\t\t\t\t\t\t\t\t\t\t<img fetchpriority=\"high\" decoding=\"async\" width=\"800\" height=\"800\" src=\"https:\/\/shoelutions.pt\/wp-content\/uploads\/2025\/03\/Rita-1024x1024.jpg\" class=\"attachment-large size-large wp-image-12884\" alt=\"\" srcset=\"https:\/\/shoelutions.pt\/wp-content\/uploads\/2025\/03\/Rita-1024x1024.jpg 1024w, https:\/\/shoelutions.pt\/wp-content\/uploads\/2025\/03\/Rita-300x300.jpg 300w, https:\/\/shoelutions.pt\/wp-content\/uploads\/2025\/03\/Rita-150x150.jpg 150w, https:\/\/shoelutions.pt\/wp-content\/uploads\/2025\/03\/Rita-768x768.jpg 768w, https:\/\/shoelutions.pt\/wp-content\/uploads\/2025\/03\/Rita-12x12.jpg 12w, https:\/\/shoelutions.pt\/wp-content\/uploads\/2025\/03\/Rita-600x600.jpg 600w, https:\/\/shoelutions.pt\/wp-content\/uploads\/2025\/03\/Rita-100x100.jpg 100w, https:\/\/shoelutions.pt\/wp-content\/uploads\/2025\/03\/Rita.jpg 1080w\" sizes=\"(max-width: 800px) 100vw, 800px\" \/>\t\t\t\t\t\t\t\t\t\t\t\t\t\t\t<\/div>\n\t\t\t\t<\/div>\n\t\t\t\t\t<\/div>\n\t\t<\/div>\n\t\t\t\t<div class=\"elementor-column elementor-col-50 elementor-top-column elementor-element elementor-element-61fef8aa\" data-id=\"61fef8aa\" data-element_type=\"column\" data-e-type=\"column\">\n\t\t\t<div class=\"elementor-widget-wrap elementor-element-populated\">\n\t\t\t\t\t\t<div class=\"elementor-element elementor-element-7c75ae50 elementor-widget elementor-widget-heading\" data-id=\"7c75ae50\" data-element_type=\"widget\" data-e-type=\"widget\" data-widget_type=\"heading.default\">\n\t\t\t\t<div class=\"elementor-widget-container\">\n\t\t\t\t\t<h2 class=\"elementor-heading-title elementor-size-default\">Rita Guerreiro<span style=\"font-size:1em;color:#ff0500\">.<\/span><\/h2>\t\t\t\t<\/div>\n\t\t\t\t<\/div>\n\t\t\t\t<div class=\"elementor-element elementor-element-45f8433a elementor-widget elementor-widget-heading\" data-id=\"45f8433a\" data-element_type=\"widget\" data-e-type=\"widget\" data-widget_type=\"heading.default\">\n\t\t\t\t<div class=\"elementor-widget-container\">\n\t\t\t\t\t<h2 class=\"elementor-heading-title elementor-size-default\">Design<\/h2>\t\t\t\t<\/div>\n\t\t\t\t<\/div>\n\t\t\t\t<div class=\"elementor-element elementor-element-ec5c1b4 elementor-widget elementor-widget-text-editor\" data-id=\"ec5c1b4\" data-element_type=\"widget\" data-e-type=\"widget\" data-widget_type=\"text-editor.default\">\n\t\t\t\t<div class=\"elementor-widget-container\">\n\t\t\t\t\t\t\t\t\t<div id=\"idTextPanel\" class=\"jqDnR\"><p>Licenciada em Artes Pl\u00e1sticas, a Rita descobriu a sua paix\u00e3o pelo mundo da moda e do cal\u00e7ado, o que a levou a aprofundar os seus conhecimentos com forma\u00e7\u00f5es especializadas em Design de Moda, Design de Cal\u00e7ado, Modela\u00e7\u00e3o Manual de Cal\u00e7ado e CAD 2D. Antes de integrar a equipa da Shoelutions, estagiou em It\u00e1lia na Falpal\u00e1 e no gabinete de design da Marques Soares, onde teve a oportunidade de desenvolver a sua criatividade e aperfei\u00e7oar t\u00e9cnicas essenciais para o setor.<\/p><p>Na Shoelutions, Rita aplica o seu talento e aten\u00e7\u00e3o ao detalhe no desenvolvimento de conceitos visuais e design de produto, contribuindo para a identidade e inova\u00e7\u00e3o nos diversos projectos da empresa. A sua abordagem art\u00edstica e t\u00e9cnica reflete-se em cada desafio que lhe \u00e9 proposto, combinando est\u00e9tica e funcionalidade para criar solu\u00e7\u00f5es \u00fanicas e diferenciadoras.<\/p><p>De ar calmo e tranquilo, mesmo quando a inquieta\u00e7\u00e3o se instala, Rita \u00e9 focada e dedicada. Embora seja introvertida, tem sempre um sorriso no rosto e aprecia bons momentos de socializa\u00e7\u00e3o.<\/p><p>Nos tempos livres, \u00e9 presen\u00e7a ass\u00eddua em concertos e festivais de m\u00fasica, mas, quando a sua bateria social se esgota, encontra ref\u00fagio na criatividade. Desenhar, pintar, fazer crochet e costura, trabalhar com ourivesaria e cer\u00e2mica s\u00e3o algumas das formas que encontra para se expressar.<\/p><\/div>\t\t\t\t\t\t\t\t<\/div>\n\t\t\t\t<\/div>\n\t\t\t\t<div class=\"elementor-element elementor-element-40f4b33 e-grid-align-left elementor-shape-rounded elementor-grid-0 elementor-widget elementor-widget-social-icons\" data-id=\"40f4b33\" data-element_type=\"widget\" data-e-type=\"widget\" data-widget_type=\"social-icons.default\">\n\t\t\t\t<div class=\"elementor-widget-container\">\n\t\t\t\t\t\t\t<div class=\"elementor-social-icons-wrapper elementor-grid\">\n\t\t\t\t\t\t\t<span class=\"elementor-grid-item\">\n\t\t\t\t\t<a class=\"elementor-icon elementor-social-icon elementor-social-icon-linkedin elementor-repeater-item-78ec553\" href=\"https:\/\/www.linkedin.com\/in\/ana-rita-silva-guerreiro-3a97a01a8\/\" target=\"_blank\">\n\t\t\t\t\t\t<span class=\"elementor-screen-only\">Linkedin<\/span>\n\t\t\t\t\t\t<i aria-hidden=\"true\" class=\"fab fa-linkedin\"><\/i>\t\t\t\t\t<\/a>\n\t\t\t\t<\/span>\n\t\t\t\t\t<\/div>\n\t\t\t\t\t\t<\/div>\n\t\t\t\t<\/div>\n\t\t\t\t<div class=\"elementor-element elementor-element-7ae352e1 e-transform elementor-widget elementor-widget-heading\" data-id=\"7ae352e1\" data-element_type=\"widget\" data-e-type=\"widget\" data-settings=\"{&quot;_transform_scale_effect_hover&quot;:{&quot;unit&quot;:&quot;px&quot;,&quot;size&quot;:1.1,&quot;sizes&quot;:[]},&quot;_transform_scale_effect_hover_tablet&quot;:{&quot;unit&quot;:&quot;px&quot;,&quot;size&quot;:&quot;&quot;,&quot;sizes&quot;:[]},&quot;_transform_scale_effect_hover_mobile&quot;:{&quot;unit&quot;:&quot;px&quot;,&quot;size&quot;:&quot;&quot;,&quot;sizes&quot;:[]}}\" data-widget_type=\"heading.default\">\n\t\t\t\t<div class=\"elementor-widget-container\">\n\t\t\t\t\t<h5 class=\"elementor-heading-title elementor-size-default\"><a href=\"https:\/\/shoelutions.pt\/pt\/about\/#team\">Ver toda a equipa<span style=\"font-size:1em;color:#ff0500\">.<\/span><\/a><\/h5>\t\t\t\t<\/div>\n\t\t\t\t<\/div>\n\t\t\t\t\t<\/div>\n\t\t<\/div>\n\t\t\t\t\t<\/div>\n\t\t<\/section>\n\t\t\t\t<\/div>","protected":false},"excerpt":{"rendered":"<p>Meet our team Rita Guerreiro. Design With a degree in Fine Arts, Rita discovered her passion for the world of fashion and footwear, which led her to deepen her knowledge with specialized training in Fashion Design, Footwear Design, Manual Footwear Modeling and 2D CAD. Before joining the Shoelutions team, she did internships in Italy at [&hellip;]<\/p>\n","protected":false},"author":1,"featured_media":0,"parent":193,"menu_order":0,"comment_status":"closed","ping_status":"closed","template":"","meta":{"_acf_changed":false,"footnotes":""},"categories":[],"tags":[],"class_list":["post-12421","page","type-page","status-publish","hentry"],"acf":[],"_links":{"self":[{"href":"https:\/\/shoelutions.pt\/pt\/wp-json\/wp\/v2\/pages\/12421","targetHints":{"allow":["GET"]}}],"collection":[{"href":"https:\/\/shoelutions.pt\/pt\/wp-json\/wp\/v2\/pages"}],"about":[{"href":"https:\/\/shoelutions.pt\/pt\/wp-json\/wp\/v2\/types\/page"}],"author":[{"embeddable":true,"href":"https:\/\/shoelutions.pt\/pt\/wp-json\/wp\/v2\/users\/1"}],"replies":[{"embeddable":true,"href":"https:\/\/shoelutions.pt\/pt\/wp-json\/wp\/v2\/comments?post=12421"}],"version-history":[{"count":22,"href":"https:\/\/shoelutions.pt\/pt\/wp-json\/wp\/v2\/pages\/12421\/revisions"}],"predecessor-version":[{"id":13107,"href":"https:\/\/shoelutions.pt\/pt\/wp-json\/wp\/v2\/pages\/12421\/revisions\/13107"}],"up":[{"embeddable":true,"href":"https:\/\/shoelutions.pt\/pt\/wp-json\/wp\/v2\/pages\/193"}],"wp:attachment":[{"href":"https:\/\/shoelutions.pt\/pt\/wp-json\/wp\/v2\/media?parent=12421"}],"wp:term":[{"taxonomy":"category","embeddable":true,"href":"https:\/\/shoelutions.pt\/pt\/wp-json\/wp\/v2\/categories?post=12421"},{"taxonomy":"post_tag","embeddable":true,"href":"https:\/\/shoelutions.pt\/pt\/wp-json\/wp\/v2\/tags?post=12421"}],"curies":[{"name":"wp","href":"https:\/\/api.w.org\/{rel}","templated":true}]}}