{"id":12461,"date":"2025-02-18T17:01:37","date_gmt":"2025-02-18T17:01:37","guid":{"rendered":"https:\/\/shoelutions.pt\/?page_id=12461"},"modified":"2025-04-02T15:15:22","modified_gmt":"2025-04-02T15:15:22","slug":"antonio-soares","status":"publish","type":"page","link":"https:\/\/shoelutions.pt\/pt\/about\/antonio-soares\/","title":{"rendered":"Ant\u00f3nio Soares"},"content":{"rendered":"<div data-elementor-type=\"wp-page\" data-elementor-id=\"12461\" class=\"elementor elementor-12461\" data-elementor-post-type=\"page\">\n\t\t\t\t\t\t<section class=\"elementor-section elementor-top-section elementor-element elementor-element-3865592d elementor-section-full_width elementor-section-height-default elementor-section-height-default\" data-id=\"3865592d\" data-element_type=\"section\" data-e-type=\"section\">\n\t\t\t\t\t\t<div class=\"elementor-container elementor-column-gap-default\">\n\t\t\t\t\t<div class=\"elementor-column elementor-col-100 elementor-top-column elementor-element elementor-element-291b58bd\" data-id=\"291b58bd\" data-element_type=\"column\" data-e-type=\"column\">\n\t\t\t<div class=\"elementor-widget-wrap elementor-element-populated\">\n\t\t\t\t\t\t<div class=\"elementor-element elementor-element-2fe57fcd elementor-widget elementor-widget-heading\" data-id=\"2fe57fcd\" data-element_type=\"widget\" data-e-type=\"widget\" data-widget_type=\"heading.default\">\n\t\t\t\t<div class=\"elementor-widget-container\">\n\t\t\t\t\t<h2 class=\"elementor-heading-title elementor-size-default\">Conhe\u00e7a a nossa equipa<\/h2>\t\t\t\t<\/div>\n\t\t\t\t<\/div>\n\t\t\t\t\t<\/div>\n\t\t<\/div>\n\t\t\t\t\t<\/div>\n\t\t<\/section>\n\t\t\t\t<section class=\"elementor-section elementor-top-section elementor-element elementor-element-2513a310 elementor-section-full_width elementor-section-height-default elementor-section-height-default\" data-id=\"2513a310\" data-element_type=\"section\" data-e-type=\"section\" data-settings=\"{&quot;background_background&quot;:&quot;classic&quot;}\">\n\t\t\t\t\t\t<div class=\"elementor-container elementor-column-gap-no\">\n\t\t\t\t\t<div class=\"elementor-column elementor-col-50 elementor-top-column elementor-element elementor-element-fcd1913\" data-id=\"fcd1913\" data-element_type=\"column\" data-e-type=\"column\">\n\t\t\t<div class=\"elementor-widget-wrap elementor-element-populated\">\n\t\t\t\t\t\t<div class=\"elementor-element elementor-element-8c018a5 elementor-widget elementor-widget-image\" data-id=\"8c018a5\" data-element_type=\"widget\" data-e-type=\"widget\" data-widget_type=\"image.default\">\n\t\t\t\t<div class=\"elementor-widget-container\">\n\t\t\t\t\t\t\t\t\t\t\t\t\t\t\t<img fetchpriority=\"high\" decoding=\"async\" width=\"800\" height=\"800\" src=\"https:\/\/shoelutions.pt\/wp-content\/uploads\/2025\/03\/Antonio-1024x1024.jpg\" class=\"attachment-large size-large wp-image-12866\" alt=\"\" srcset=\"https:\/\/shoelutions.pt\/wp-content\/uploads\/2025\/03\/Antonio-1024x1024.jpg 1024w, https:\/\/shoelutions.pt\/wp-content\/uploads\/2025\/03\/Antonio-300x300.jpg 300w, https:\/\/shoelutions.pt\/wp-content\/uploads\/2025\/03\/Antonio-150x150.jpg 150w, https:\/\/shoelutions.pt\/wp-content\/uploads\/2025\/03\/Antonio-768x768.jpg 768w, https:\/\/shoelutions.pt\/wp-content\/uploads\/2025\/03\/Antonio-12x12.jpg 12w, https:\/\/shoelutions.pt\/wp-content\/uploads\/2025\/03\/Antonio-600x600.jpg 600w, https:\/\/shoelutions.pt\/wp-content\/uploads\/2025\/03\/Antonio-100x100.jpg 100w, https:\/\/shoelutions.pt\/wp-content\/uploads\/2025\/03\/Antonio.jpg 1080w\" sizes=\"(max-width: 800px) 100vw, 800px\" \/>\t\t\t\t\t\t\t\t\t\t\t\t\t\t\t<\/div>\n\t\t\t\t<\/div>\n\t\t\t\t\t<\/div>\n\t\t<\/div>\n\t\t\t\t<div class=\"elementor-column elementor-col-50 elementor-top-column elementor-element elementor-element-17831bee\" data-id=\"17831bee\" data-element_type=\"column\" data-e-type=\"column\">\n\t\t\t<div class=\"elementor-widget-wrap elementor-element-populated\">\n\t\t\t\t\t\t<div class=\"elementor-element elementor-element-234e5b97 elementor-widget elementor-widget-heading\" data-id=\"234e5b97\" data-element_type=\"widget\" data-e-type=\"widget\" data-widget_type=\"heading.default\">\n\t\t\t\t<div class=\"elementor-widget-container\">\n\t\t\t\t\t<h2 class=\"elementor-heading-title elementor-size-default\">Ant\u00f3nio Soares<span style=\"font-size:1em;color:#ff0500\">.<\/span><\/h2>\t\t\t\t<\/div>\n\t\t\t\t<\/div>\n\t\t\t\t<div class=\"elementor-element elementor-element-298b9a1f elementor-widget elementor-widget-heading\" data-id=\"298b9a1f\" data-element_type=\"widget\" data-e-type=\"widget\" data-widget_type=\"heading.default\">\n\t\t\t\t<div class=\"elementor-widget-container\">\n\t\t\t\t\t<h2 class=\"elementor-heading-title elementor-size-default\">Modela\u00e7\u00e3o<\/h2>\t\t\t\t<\/div>\n\t\t\t\t<\/div>\n\t\t\t\t<div class=\"elementor-element elementor-element-7c6483fa elementor-widget elementor-widget-text-editor\" data-id=\"7c6483fa\" data-element_type=\"widget\" data-e-type=\"widget\" data-widget_type=\"text-editor.default\">\n\t\t\t\t<div class=\"elementor-widget-container\">\n\t\t\t\t\t\t\t\t\t<div id=\"idTextPanel\" class=\"jqDnR\"><p>Com uma vasta experi\u00eancia na modela\u00e7\u00e3o de cal\u00e7ado, o Ant\u00f3nio entrou para a Shoelutions em 2016, trazendo consigo um conhecimento profundo adquirido ao longo dos anos. Formado em modela\u00e7\u00e3o, ele trabalhou em v\u00e1rias empresas do setor, como Sony Hugo, SO Marques, Aerosoles, Sapataria Almeida e Bambino o que lhe permitiu ampliar a sua vis\u00e3o sobre o cal\u00e7ado e a ind\u00fastria.<\/p><p>Na Shoelutions, o Ant\u00f3nio \u00e9 respons\u00e1vel pela modela\u00e7\u00e3o de cal\u00e7ado, aplicando as suas compet\u00eancias t\u00e9cnicas e experi\u00eancia para garantir que cada produto esteja alinhado com as exig\u00eancias de qualidade e design. Ele \u00e9 essencial no processo de fabrico, pois desenvolve os moldes que ser\u00e3o usados para cortar os materiais do cal\u00e7ado, garantindo que cada pe\u00e7a encaixe perfeitamente.<\/p><p>Extrovertido, divertido e muito soci\u00e1vel, o Ant\u00f3nio \u00e9 uma presen\u00e7a marcante na equipa, sempre pronto para partilhar boas energias. A sua organiza\u00e7\u00e3o e aten\u00e7\u00e3o aos detalhes garantem que o seu trabalho na modela\u00e7\u00e3o seja feito com a m\u00e1xima precis\u00e3o e efici\u00eancia.<\/p><p>Nos tempos livres, gosta de se dedicar a pichelaria e eletricidade, atividades que lhe permitem explorar o seu lado pr\u00e1tico e t\u00e9cnico fora do ambiente do cal\u00e7ado.<\/p><\/div>\t\t\t\t\t\t\t\t<\/div>\n\t\t\t\t<\/div>\n\t\t\t\t<div class=\"elementor-element elementor-element-1db02838 e-transform elementor-widget elementor-widget-heading\" data-id=\"1db02838\" data-element_type=\"widget\" data-e-type=\"widget\" data-settings=\"{&quot;_transform_scale_effect_hover&quot;:{&quot;unit&quot;:&quot;px&quot;,&quot;size&quot;:1.1,&quot;sizes&quot;:[]},&quot;_transform_scale_effect_hover_tablet&quot;:{&quot;unit&quot;:&quot;px&quot;,&quot;size&quot;:&quot;&quot;,&quot;sizes&quot;:[]},&quot;_transform_scale_effect_hover_mobile&quot;:{&quot;unit&quot;:&quot;px&quot;,&quot;size&quot;:&quot;&quot;,&quot;sizes&quot;:[]}}\" data-widget_type=\"heading.default\">\n\t\t\t\t<div class=\"elementor-widget-container\">\n\t\t\t\t\t<h5 class=\"elementor-heading-title elementor-size-default\"><a href=\"https:\/\/shoelutions.pt\/pt\/about\/#team\">Ver toda a equipa<span style=\"font-size:1em;color:#ff0500\">.<\/span><\/a><\/h5>\t\t\t\t<\/div>\n\t\t\t\t<\/div>\n\t\t\t\t\t<\/div>\n\t\t<\/div>\n\t\t\t\t\t<\/div>\n\t\t<\/section>\n\t\t\t\t<\/div>","protected":false},"excerpt":{"rendered":"<p>Meet our team Ant\u00f3nio Soares. Pattern Maker With extensive experience in shoe shaping, Ant\u00f3nio joined Shoelutions in 2016, bringing with him a wealth of knowledge acquired over the years. With a degree in pattern-making, he has worked for various companies in the sector, such as Sony Hugo, SO Marques, Aerosoles, Sapataria Almeida and Bambino, which [&hellip;]<\/p>\n","protected":false},"author":1,"featured_media":0,"parent":193,"menu_order":0,"comment_status":"closed","ping_status":"closed","template":"","meta":{"_acf_changed":false,"footnotes":""},"categories":[],"tags":[],"class_list":["post-12461","page","type-page","status-publish","hentry"],"acf":[],"_links":{"self":[{"href":"https:\/\/shoelutions.pt\/pt\/wp-json\/wp\/v2\/pages\/12461","targetHints":{"allow":["GET"]}}],"collection":[{"href":"https:\/\/shoelutions.pt\/pt\/wp-json\/wp\/v2\/pages"}],"about":[{"href":"https:\/\/shoelutions.pt\/pt\/wp-json\/wp\/v2\/types\/page"}],"author":[{"embeddable":true,"href":"https:\/\/shoelutions.pt\/pt\/wp-json\/wp\/v2\/users\/1"}],"replies":[{"embeddable":true,"href":"https:\/\/shoelutions.pt\/pt\/wp-json\/wp\/v2\/comments?post=12461"}],"version-history":[{"count":19,"href":"https:\/\/shoelutions.pt\/pt\/wp-json\/wp\/v2\/pages\/12461\/revisions"}],"predecessor-version":[{"id":13122,"href":"https:\/\/shoelutions.pt\/pt\/wp-json\/wp\/v2\/pages\/12461\/revisions\/13122"}],"up":[{"embeddable":true,"href":"https:\/\/shoelutions.pt\/pt\/wp-json\/wp\/v2\/pages\/193"}],"wp:attachment":[{"href":"https:\/\/shoelutions.pt\/pt\/wp-json\/wp\/v2\/media?parent=12461"}],"wp:term":[{"taxonomy":"category","embeddable":true,"href":"https:\/\/shoelutions.pt\/pt\/wp-json\/wp\/v2\/categories?post=12461"},{"taxonomy":"post_tag","embeddable":true,"href":"https:\/\/shoelutions.pt\/pt\/wp-json\/wp\/v2\/tags?post=12461"}],"curies":[{"name":"wp","href":"https:\/\/api.w.org\/{rel}","templated":true}]}}