{"id":12482,"date":"2025-02-18T18:00:46","date_gmt":"2025-02-18T18:00:46","guid":{"rendered":"https:\/\/shoelutions.pt\/?page_id=12482"},"modified":"2025-04-02T15:14:44","modified_gmt":"2025-04-02T15:14:44","slug":"sandrina-da-cunha","status":"publish","type":"page","link":"https:\/\/shoelutions.pt\/pt\/about\/sandrina-da-cunha\/","title":{"rendered":"Sandrina da Cunha"},"content":{"rendered":"<div data-elementor-type=\"wp-page\" data-elementor-id=\"12482\" class=\"elementor elementor-12482\" data-elementor-post-type=\"page\">\n\t\t\t\t\t\t<section class=\"elementor-section elementor-top-section elementor-element elementor-element-62525384 elementor-section-full_width elementor-section-height-default elementor-section-height-default\" data-id=\"62525384\" data-element_type=\"section\" data-e-type=\"section\">\n\t\t\t\t\t\t<div class=\"elementor-container elementor-column-gap-default\">\n\t\t\t\t\t<div class=\"elementor-column elementor-col-100 elementor-top-column elementor-element elementor-element-24ed7022\" data-id=\"24ed7022\" data-element_type=\"column\" data-e-type=\"column\">\n\t\t\t<div class=\"elementor-widget-wrap elementor-element-populated\">\n\t\t\t\t\t\t<div class=\"elementor-element elementor-element-390f4058 elementor-widget elementor-widget-heading\" data-id=\"390f4058\" data-element_type=\"widget\" data-e-type=\"widget\" data-widget_type=\"heading.default\">\n\t\t\t\t<div class=\"elementor-widget-container\">\n\t\t\t\t\t<h2 class=\"elementor-heading-title elementor-size-default\">Conhe\u00e7a a nossa equipa<\/h2>\t\t\t\t<\/div>\n\t\t\t\t<\/div>\n\t\t\t\t\t<\/div>\n\t\t<\/div>\n\t\t\t\t\t<\/div>\n\t\t<\/section>\n\t\t\t\t<section class=\"elementor-section elementor-top-section elementor-element elementor-element-10e583b0 elementor-section-full_width elementor-section-height-default elementor-section-height-default\" data-id=\"10e583b0\" data-element_type=\"section\" data-e-type=\"section\" data-settings=\"{&quot;background_background&quot;:&quot;classic&quot;}\">\n\t\t\t\t\t\t<div class=\"elementor-container elementor-column-gap-no\">\n\t\t\t\t\t<div class=\"elementor-column elementor-col-50 elementor-top-column elementor-element elementor-element-5d832a17\" data-id=\"5d832a17\" data-element_type=\"column\" data-e-type=\"column\">\n\t\t\t<div class=\"elementor-widget-wrap elementor-element-populated\">\n\t\t\t\t\t\t<div class=\"elementor-element elementor-element-416527e elementor-widget elementor-widget-image\" data-id=\"416527e\" data-element_type=\"widget\" data-e-type=\"widget\" data-widget_type=\"image.default\">\n\t\t\t\t<div class=\"elementor-widget-container\">\n\t\t\t\t\t\t\t\t\t\t\t\t\t\t\t<img fetchpriority=\"high\" decoding=\"async\" width=\"800\" height=\"800\" src=\"https:\/\/shoelutions.pt\/wp-content\/uploads\/2025\/03\/Sandrina-1024x1024.jpg\" class=\"attachment-large size-large wp-image-12887\" alt=\"\" srcset=\"https:\/\/shoelutions.pt\/wp-content\/uploads\/2025\/03\/Sandrina-1024x1024.jpg 1024w, https:\/\/shoelutions.pt\/wp-content\/uploads\/2025\/03\/Sandrina-300x300.jpg 300w, https:\/\/shoelutions.pt\/wp-content\/uploads\/2025\/03\/Sandrina-150x150.jpg 150w, https:\/\/shoelutions.pt\/wp-content\/uploads\/2025\/03\/Sandrina-768x768.jpg 768w, https:\/\/shoelutions.pt\/wp-content\/uploads\/2025\/03\/Sandrina-12x12.jpg 12w, https:\/\/shoelutions.pt\/wp-content\/uploads\/2025\/03\/Sandrina-600x600.jpg 600w, https:\/\/shoelutions.pt\/wp-content\/uploads\/2025\/03\/Sandrina-100x100.jpg 100w, https:\/\/shoelutions.pt\/wp-content\/uploads\/2025\/03\/Sandrina.jpg 1080w\" sizes=\"(max-width: 800px) 100vw, 800px\" \/>\t\t\t\t\t\t\t\t\t\t\t\t\t\t\t<\/div>\n\t\t\t\t<\/div>\n\t\t\t\t\t<\/div>\n\t\t<\/div>\n\t\t\t\t<div class=\"elementor-column elementor-col-50 elementor-top-column elementor-element elementor-element-75ad43b9\" data-id=\"75ad43b9\" data-element_type=\"column\" data-e-type=\"column\">\n\t\t\t<div class=\"elementor-widget-wrap elementor-element-populated\">\n\t\t\t\t\t\t<div class=\"elementor-element elementor-element-291933dd elementor-widget elementor-widget-heading\" data-id=\"291933dd\" data-element_type=\"widget\" data-e-type=\"widget\" data-widget_type=\"heading.default\">\n\t\t\t\t<div class=\"elementor-widget-container\">\n\t\t\t\t\t<h2 class=\"elementor-heading-title elementor-size-default\">Sandrina da Cunha<span style=\"font-size:1em;color:#ff0500\">.<\/span><\/h2>\t\t\t\t<\/div>\n\t\t\t\t<\/div>\n\t\t\t\t<div class=\"elementor-element elementor-element-5c5d20 elementor-widget elementor-widget-heading\" data-id=\"5c5d20\" data-element_type=\"widget\" data-e-type=\"widget\" data-widget_type=\"heading.default\">\n\t\t\t\t<div class=\"elementor-widget-container\">\n\t\t\t\t\t<h2 class=\"elementor-heading-title elementor-size-default\">Assistente de Produ\u00e7\u00e3o<\/h2>\t\t\t\t<\/div>\n\t\t\t\t<\/div>\n\t\t\t\t<div class=\"elementor-element elementor-element-3ea2a1dc elementor-widget elementor-widget-text-editor\" data-id=\"3ea2a1dc\" data-element_type=\"widget\" data-e-type=\"widget\" data-widget_type=\"text-editor.default\">\n\t\t\t\t<div class=\"elementor-widget-container\">\n\t\t\t\t\t\t\t\t\t<div id=\"idTextPanel\" class=\"jqDnR\"><p>A Sandrina nasceu em Fran\u00e7a, fez uma forma\u00e7\u00e3o em est\u00e9tica, mas a sua experi\u00eancia profissional \u00e9 vasta e diversificada. Antes de ingressar na Shoelutions, trabalhou em empresas de diversas \u00e1reas exercendo variadas fun\u00e7\u00f5es o que lhe deu uma grande flexibilidade e capacidade de adapta\u00e7\u00e3o.<\/p><p>Hoje, como assistente de produ\u00e7\u00e3o, \u00e9 respons\u00e1vel por garantir que todo o processo de produ\u00e7\u00e3o flui de forma eficiente e coordenada. A sua principal fun\u00e7\u00e3o \u00e9 apoiar a equipa nas tarefas do dia a dia e assegurar que cada etapa da produ\u00e7\u00e3o ocorra sem falhas, mantendo a qualidade e o ritmo necess\u00e1rios para que os prazos sejam cumpridos.<\/p><p>Extrovertida, soci\u00e1vel e cheia de energia, a Sandrina \u00e9 tamb\u00e9m uma pessoa organizada, \u00e0s vezes at\u00e9 em demasia. No entanto, essa sua tend\u00eancia para a organiza\u00e7\u00e3o \u00e9, na verdade, uma grande vantagem para o trabalho que desempenha pois garante que os processos n\u00e3o se desorganizem, otimizando o tempo e evitando erros permitindo a que a equipa consiga atingir os objetivos de forma eficaz e sem contratempos.<\/p><p>Nos seus tempos livres adora passear \u00e0 beira-mar, mas tamb\u00e9m dedica tempo \u00e0 leitura e ao patins, atividades que lhe permitem relaxar e manter o equil\u00edbrio entre a vida profissional e pessoal.<\/p><\/div>\t\t\t\t\t\t\t\t<\/div>\n\t\t\t\t<\/div>\n\t\t\t\t<div class=\"elementor-element elementor-element-22e8ba35 e-transform elementor-widget elementor-widget-heading\" data-id=\"22e8ba35\" data-element_type=\"widget\" data-e-type=\"widget\" data-settings=\"{&quot;_transform_scale_effect_hover&quot;:{&quot;unit&quot;:&quot;px&quot;,&quot;size&quot;:1.1,&quot;sizes&quot;:[]},&quot;_transform_scale_effect_hover_tablet&quot;:{&quot;unit&quot;:&quot;px&quot;,&quot;size&quot;:&quot;&quot;,&quot;sizes&quot;:[]},&quot;_transform_scale_effect_hover_mobile&quot;:{&quot;unit&quot;:&quot;px&quot;,&quot;size&quot;:&quot;&quot;,&quot;sizes&quot;:[]}}\" data-widget_type=\"heading.default\">\n\t\t\t\t<div class=\"elementor-widget-container\">\n\t\t\t\t\t<h5 class=\"elementor-heading-title elementor-size-default\"><a href=\"https:\/\/shoelutions.pt\/pt\/about\/#team\">Ver toda a equipa<span style=\"font-size:1em;color:#ff0500\">.<\/span><\/a><\/h5>\t\t\t\t<\/div>\n\t\t\t\t<\/div>\n\t\t\t\t\t<\/div>\n\t\t<\/div>\n\t\t\t\t\t<\/div>\n\t\t<\/section>\n\t\t\t\t<\/div>","protected":false},"excerpt":{"rendered":"<p>Meet our team Sandrina da Cunha. Production Assistant Sandrina was born in France and trained as an esthetician, but her professional experience is vast and diverse. Before joining Shoelutions, she worked in different companies in a variety of roles, which gave her great flexibility and adaptability. Today, as a production assistant, she is responsible for [&hellip;]<\/p>\n","protected":false},"author":1,"featured_media":0,"parent":193,"menu_order":0,"comment_status":"closed","ping_status":"closed","template":"","meta":{"_acf_changed":false,"footnotes":""},"categories":[],"tags":[],"class_list":["post-12482","page","type-page","status-publish","hentry"],"acf":[],"_links":{"self":[{"href":"https:\/\/shoelutions.pt\/pt\/wp-json\/wp\/v2\/pages\/12482","targetHints":{"allow":["GET"]}}],"collection":[{"href":"https:\/\/shoelutions.pt\/pt\/wp-json\/wp\/v2\/pages"}],"about":[{"href":"https:\/\/shoelutions.pt\/pt\/wp-json\/wp\/v2\/types\/page"}],"author":[{"embeddable":true,"href":"https:\/\/shoelutions.pt\/pt\/wp-json\/wp\/v2\/users\/1"}],"replies":[{"embeddable":true,"href":"https:\/\/shoelutions.pt\/pt\/wp-json\/wp\/v2\/comments?post=12482"}],"version-history":[{"count":13,"href":"https:\/\/shoelutions.pt\/pt\/wp-json\/wp\/v2\/pages\/12482\/revisions"}],"predecessor-version":[{"id":13116,"href":"https:\/\/shoelutions.pt\/pt\/wp-json\/wp\/v2\/pages\/12482\/revisions\/13116"}],"up":[{"embeddable":true,"href":"https:\/\/shoelutions.pt\/pt\/wp-json\/wp\/v2\/pages\/193"}],"wp:attachment":[{"href":"https:\/\/shoelutions.pt\/pt\/wp-json\/wp\/v2\/media?parent=12482"}],"wp:term":[{"taxonomy":"category","embeddable":true,"href":"https:\/\/shoelutions.pt\/pt\/wp-json\/wp\/v2\/categories?post=12482"},{"taxonomy":"post_tag","embeddable":true,"href":"https:\/\/shoelutions.pt\/pt\/wp-json\/wp\/v2\/tags?post=12482"}],"curies":[{"name":"wp","href":"https:\/\/api.w.org\/{rel}","templated":true}]}}