{"id":12491,"date":"2025-02-19T22:28:45","date_gmt":"2025-02-19T22:28:45","guid":{"rendered":"https:\/\/shoelutions.pt\/?page_id=12491"},"modified":"2025-04-02T15:14:01","modified_gmt":"2025-04-02T15:14:01","slug":"rosaria-pereira","status":"publish","type":"page","link":"https:\/\/shoelutions.pt\/pt\/about\/rosaria-pereira\/","title":{"rendered":"Ros\u00e1ria Pereira"},"content":{"rendered":"<div data-elementor-type=\"wp-page\" data-elementor-id=\"12491\" class=\"elementor elementor-12491\" data-elementor-post-type=\"page\">\n\t\t\t\t\t\t<section class=\"elementor-section elementor-top-section elementor-element elementor-element-360fa1a1 elementor-section-full_width elementor-section-height-default elementor-section-height-default\" data-id=\"360fa1a1\" data-element_type=\"section\" data-e-type=\"section\">\n\t\t\t\t\t\t<div class=\"elementor-container elementor-column-gap-default\">\n\t\t\t\t\t<div class=\"elementor-column elementor-col-100 elementor-top-column elementor-element elementor-element-6646e076\" data-id=\"6646e076\" data-element_type=\"column\" data-e-type=\"column\">\n\t\t\t<div class=\"elementor-widget-wrap elementor-element-populated\">\n\t\t\t\t\t\t<div class=\"elementor-element elementor-element-c47edc3 elementor-widget elementor-widget-heading\" data-id=\"c47edc3\" data-element_type=\"widget\" data-e-type=\"widget\" data-widget_type=\"heading.default\">\n\t\t\t\t<div class=\"elementor-widget-container\">\n\t\t\t\t\t<h2 class=\"elementor-heading-title elementor-size-default\">Conhe\u00e7a a nossa equipa<\/h2>\t\t\t\t<\/div>\n\t\t\t\t<\/div>\n\t\t\t\t\t<\/div>\n\t\t<\/div>\n\t\t\t\t\t<\/div>\n\t\t<\/section>\n\t\t\t\t<section class=\"elementor-section elementor-top-section elementor-element elementor-element-b11c79b elementor-section-full_width elementor-section-height-default elementor-section-height-default\" data-id=\"b11c79b\" data-element_type=\"section\" data-e-type=\"section\" data-settings=\"{&quot;background_background&quot;:&quot;classic&quot;}\">\n\t\t\t\t\t\t<div class=\"elementor-container elementor-column-gap-no\">\n\t\t\t\t\t<div class=\"elementor-column elementor-col-50 elementor-top-column elementor-element elementor-element-5d6395bc\" data-id=\"5d6395bc\" data-element_type=\"column\" data-e-type=\"column\">\n\t\t\t<div class=\"elementor-widget-wrap elementor-element-populated\">\n\t\t\t\t\t\t<div class=\"elementor-element elementor-element-802afe8 elementor-widget elementor-widget-image\" data-id=\"802afe8\" data-element_type=\"widget\" data-e-type=\"widget\" data-widget_type=\"image.default\">\n\t\t\t\t<div class=\"elementor-widget-container\">\n\t\t\t\t\t\t\t\t\t\t\t\t\t\t\t<img fetchpriority=\"high\" decoding=\"async\" width=\"800\" height=\"800\" src=\"https:\/\/shoelutions.pt\/wp-content\/uploads\/2025\/03\/Rosario-1024x1024.jpg\" class=\"attachment-large size-large wp-image-12886\" alt=\"\" srcset=\"https:\/\/shoelutions.pt\/wp-content\/uploads\/2025\/03\/Rosario-1024x1024.jpg 1024w, https:\/\/shoelutions.pt\/wp-content\/uploads\/2025\/03\/Rosario-300x300.jpg 300w, https:\/\/shoelutions.pt\/wp-content\/uploads\/2025\/03\/Rosario-150x150.jpg 150w, https:\/\/shoelutions.pt\/wp-content\/uploads\/2025\/03\/Rosario-768x768.jpg 768w, https:\/\/shoelutions.pt\/wp-content\/uploads\/2025\/03\/Rosario-12x12.jpg 12w, https:\/\/shoelutions.pt\/wp-content\/uploads\/2025\/03\/Rosario-600x600.jpg 600w, https:\/\/shoelutions.pt\/wp-content\/uploads\/2025\/03\/Rosario-100x100.jpg 100w, https:\/\/shoelutions.pt\/wp-content\/uploads\/2025\/03\/Rosario.jpg 1080w\" sizes=\"(max-width: 800px) 100vw, 800px\" \/>\t\t\t\t\t\t\t\t\t\t\t\t\t\t\t<\/div>\n\t\t\t\t<\/div>\n\t\t\t\t\t<\/div>\n\t\t<\/div>\n\t\t\t\t<div class=\"elementor-column elementor-col-50 elementor-top-column elementor-element elementor-element-3a1e8599\" data-id=\"3a1e8599\" data-element_type=\"column\" data-e-type=\"column\">\n\t\t\t<div class=\"elementor-widget-wrap elementor-element-populated\">\n\t\t\t\t\t\t<div class=\"elementor-element elementor-element-3521d12e elementor-widget elementor-widget-heading\" data-id=\"3521d12e\" data-element_type=\"widget\" data-e-type=\"widget\" data-widget_type=\"heading.default\">\n\t\t\t\t<div class=\"elementor-widget-container\">\n\t\t\t\t\t<h2 class=\"elementor-heading-title elementor-size-default\">Ros\u00e1ria Pereira<span style=\"font-size:1em;color:#ff0500\">.<\/span><\/h2>\t\t\t\t<\/div>\n\t\t\t\t<\/div>\n\t\t\t\t<div class=\"elementor-element elementor-element-1d30b63f elementor-widget elementor-widget-heading\" data-id=\"1d30b63f\" data-element_type=\"widget\" data-e-type=\"widget\" data-widget_type=\"heading.default\">\n\t\t\t\t<div class=\"elementor-widget-container\">\n\t\t\t\t\t<h2 class=\"elementor-heading-title elementor-size-default\">Costureira<\/h2>\t\t\t\t<\/div>\n\t\t\t\t<\/div>\n\t\t\t\t<div class=\"elementor-element elementor-element-2caea7b8 elementor-widget elementor-widget-text-editor\" data-id=\"2caea7b8\" data-element_type=\"widget\" data-e-type=\"widget\" data-widget_type=\"text-editor.default\">\n\t\t\t\t<div class=\"elementor-widget-container\">\n\t\t\t\t\t\t\t\t\t<div id=\"idTextPanel\" class=\"jqDnR\"><p>A Ros\u00e1rio \u00e9 natural de Marco de Canaveses e carrega consigo uma hist\u00f3ria de dedica\u00e7\u00e3o e experi\u00eancia no mundo do cal\u00e7ado. Desde os 14 anos, quando deu os primeiros passos como costureira de cal\u00e7ado, nunca mais largou a profiss\u00e3o. Hoje, com 51 anos de experi\u00eancia, \u00e9 um exemplo de perseveran\u00e7a e paix\u00e3o pelo seu trabalho.<\/p><p>A sua trajet\u00f3ria levou-a al\u00e9m-fronteiras, tendo vivido oito anos na Venezuela, onde trabalhou na costura de cal\u00e7ado com a mesma precis\u00e3o e cuidado que sempre a caracterizaram. Ao regressar a Portugal, continuou na mesma \u00e1rea, primeiro na Sony Hugo e, mais tarde, na Shoelutions, onde j\u00e1 soma 15 anos de dedica\u00e7\u00e3o, sendo a funcion\u00e1ria mais antiga da nossa equipa. A sua experi\u00eancia, habilidade e conhecimentos na costura s\u00e3o fundamentais para garantir a qualidade e excel\u00eancia de cada modelo que fabricamos.<\/p><p>Embora seja uma pessoa reservada, que aprecia a tranquilidade do seu lar, a Ros\u00e1rio n\u00e3o dispensa um bom passeio sempre que surge a oportunidade. Nos seus tempos livres, dedica-se \u00e0 jardinagem e ao cultivo, uma paix\u00e3o que nasceu na inf\u00e2ncia, quando ajudava o pai nas tarefas agr\u00edcolas. Com o tempo, tornou-se uma verdadeira especialista em m\u00e1quinas de agricultura e jardinagem, dominando desde corta-relvas a tratores. A sua destreza e afinidade com este mundo levaram-na, inclusive, a tirar a carta de trator, que conduz com orgulho e prazer.<\/p><\/div>\t\t\t\t\t\t\t\t<\/div>\n\t\t\t\t<\/div>\n\t\t\t\t<div class=\"elementor-element elementor-element-8bd8380 e-transform elementor-widget elementor-widget-heading\" data-id=\"8bd8380\" data-element_type=\"widget\" data-e-type=\"widget\" data-settings=\"{&quot;_transform_scale_effect_hover&quot;:{&quot;unit&quot;:&quot;px&quot;,&quot;size&quot;:1.1,&quot;sizes&quot;:[]},&quot;_transform_scale_effect_hover_tablet&quot;:{&quot;unit&quot;:&quot;px&quot;,&quot;size&quot;:&quot;&quot;,&quot;sizes&quot;:[]},&quot;_transform_scale_effect_hover_mobile&quot;:{&quot;unit&quot;:&quot;px&quot;,&quot;size&quot;:&quot;&quot;,&quot;sizes&quot;:[]}}\" data-widget_type=\"heading.default\">\n\t\t\t\t<div class=\"elementor-widget-container\">\n\t\t\t\t\t<h5 class=\"elementor-heading-title elementor-size-default\"><a href=\"https:\/\/shoelutions.pt\/pt\/about\/#team\">Ver toda a equipa<span style=\"font-size:1em;color:#ff0500\">.<\/span><\/a><\/h5>\t\t\t\t<\/div>\n\t\t\t\t<\/div>\n\t\t\t\t\t<\/div>\n\t\t<\/div>\n\t\t\t\t\t<\/div>\n\t\t<\/section>\n\t\t\t\t<\/div>","protected":false},"excerpt":{"rendered":"<p>Meet our team Ros\u00e1ria Pereira. Seamstress Ros\u00e1rio is from Marco de Canaveses and has a history of dedication and experience in the world of footwear. Since the age of 14, when she took her first steps as a shoe seamstress, she has never left the profession. Today, with 51 years of experience, she is an [&hellip;]<\/p>\n","protected":false},"author":1,"featured_media":0,"parent":193,"menu_order":0,"comment_status":"closed","ping_status":"closed","template":"","meta":{"_acf_changed":false,"footnotes":""},"categories":[],"tags":[],"class_list":["post-12491","page","type-page","status-publish","hentry"],"acf":[],"_links":{"self":[{"href":"https:\/\/shoelutions.pt\/pt\/wp-json\/wp\/v2\/pages\/12491","targetHints":{"allow":["GET"]}}],"collection":[{"href":"https:\/\/shoelutions.pt\/pt\/wp-json\/wp\/v2\/pages"}],"about":[{"href":"https:\/\/shoelutions.pt\/pt\/wp-json\/wp\/v2\/types\/page"}],"author":[{"embeddable":true,"href":"https:\/\/shoelutions.pt\/pt\/wp-json\/wp\/v2\/users\/1"}],"replies":[{"embeddable":true,"href":"https:\/\/shoelutions.pt\/pt\/wp-json\/wp\/v2\/comments?post=12491"}],"version-history":[{"count":13,"href":"https:\/\/shoelutions.pt\/pt\/wp-json\/wp\/v2\/pages\/12491\/revisions"}],"predecessor-version":[{"id":13113,"href":"https:\/\/shoelutions.pt\/pt\/wp-json\/wp\/v2\/pages\/12491\/revisions\/13113"}],"up":[{"embeddable":true,"href":"https:\/\/shoelutions.pt\/pt\/wp-json\/wp\/v2\/pages\/193"}],"wp:attachment":[{"href":"https:\/\/shoelutions.pt\/pt\/wp-json\/wp\/v2\/media?parent=12491"}],"wp:term":[{"taxonomy":"category","embeddable":true,"href":"https:\/\/shoelutions.pt\/pt\/wp-json\/wp\/v2\/categories?post=12491"},{"taxonomy":"post_tag","embeddable":true,"href":"https:\/\/shoelutions.pt\/pt\/wp-json\/wp\/v2\/tags?post=12491"}],"curies":[{"name":"wp","href":"https:\/\/api.w.org\/{rel}","templated":true}]}}