{"id":12499,"date":"2025-02-19T22:56:59","date_gmt":"2025-02-19T22:56:59","guid":{"rendered":"https:\/\/shoelutions.pt\/?page_id=12499"},"modified":"2025-04-02T15:13:53","modified_gmt":"2025-04-02T15:13:53","slug":"rosa-coelho","status":"publish","type":"page","link":"https:\/\/shoelutions.pt\/pt\/about\/rosa-coelho\/","title":{"rendered":"Rosa Coelho"},"content":{"rendered":"<div data-elementor-type=\"wp-page\" data-elementor-id=\"12499\" class=\"elementor elementor-12499\" data-elementor-post-type=\"page\">\n\t\t\t\t\t\t<section class=\"elementor-section elementor-top-section elementor-element elementor-element-637f382 elementor-section-full_width elementor-section-height-default elementor-section-height-default\" data-id=\"637f382\" data-element_type=\"section\" data-e-type=\"section\">\n\t\t\t\t\t\t<div class=\"elementor-container elementor-column-gap-default\">\n\t\t\t\t\t<div class=\"elementor-column elementor-col-100 elementor-top-column elementor-element elementor-element-78356d7e\" data-id=\"78356d7e\" data-element_type=\"column\" data-e-type=\"column\">\n\t\t\t<div class=\"elementor-widget-wrap elementor-element-populated\">\n\t\t\t\t\t\t<div class=\"elementor-element elementor-element-63362c48 elementor-widget elementor-widget-heading\" data-id=\"63362c48\" data-element_type=\"widget\" data-e-type=\"widget\" data-widget_type=\"heading.default\">\n\t\t\t\t<div class=\"elementor-widget-container\">\n\t\t\t\t\t<h2 class=\"elementor-heading-title elementor-size-default\">Conhe\u00e7a a nossa equipa<\/h2>\t\t\t\t<\/div>\n\t\t\t\t<\/div>\n\t\t\t\t\t<\/div>\n\t\t<\/div>\n\t\t\t\t\t<\/div>\n\t\t<\/section>\n\t\t\t\t<section class=\"elementor-section elementor-top-section elementor-element elementor-element-7ba7703 elementor-section-full_width elementor-section-height-default elementor-section-height-default\" data-id=\"7ba7703\" data-element_type=\"section\" data-e-type=\"section\" data-settings=\"{&quot;background_background&quot;:&quot;classic&quot;}\">\n\t\t\t\t\t\t<div class=\"elementor-container elementor-column-gap-no\">\n\t\t\t\t\t<div class=\"elementor-column elementor-col-50 elementor-top-column elementor-element elementor-element-3e91ea0f\" data-id=\"3e91ea0f\" data-element_type=\"column\" data-e-type=\"column\">\n\t\t\t<div class=\"elementor-widget-wrap elementor-element-populated\">\n\t\t\t\t\t\t<div class=\"elementor-element elementor-element-c4ba60b elementor-widget elementor-widget-image\" data-id=\"c4ba60b\" data-element_type=\"widget\" data-e-type=\"widget\" data-widget_type=\"image.default\">\n\t\t\t\t<div class=\"elementor-widget-container\">\n\t\t\t\t\t\t\t\t\t\t\t\t\t\t\t<img fetchpriority=\"high\" decoding=\"async\" width=\"800\" height=\"800\" src=\"https:\/\/shoelutions.pt\/wp-content\/uploads\/2025\/03\/Rosa-1024x1024.jpg\" class=\"attachment-large size-large wp-image-12885\" alt=\"\" srcset=\"https:\/\/shoelutions.pt\/wp-content\/uploads\/2025\/03\/Rosa-1024x1024.jpg 1024w, https:\/\/shoelutions.pt\/wp-content\/uploads\/2025\/03\/Rosa-300x300.jpg 300w, https:\/\/shoelutions.pt\/wp-content\/uploads\/2025\/03\/Rosa-150x150.jpg 150w, https:\/\/shoelutions.pt\/wp-content\/uploads\/2025\/03\/Rosa-768x768.jpg 768w, https:\/\/shoelutions.pt\/wp-content\/uploads\/2025\/03\/Rosa-12x12.jpg 12w, https:\/\/shoelutions.pt\/wp-content\/uploads\/2025\/03\/Rosa-600x600.jpg 600w, https:\/\/shoelutions.pt\/wp-content\/uploads\/2025\/03\/Rosa-100x100.jpg 100w, https:\/\/shoelutions.pt\/wp-content\/uploads\/2025\/03\/Rosa.jpg 1080w\" sizes=\"(max-width: 800px) 100vw, 800px\" \/>\t\t\t\t\t\t\t\t\t\t\t\t\t\t\t<\/div>\n\t\t\t\t<\/div>\n\t\t\t\t\t<\/div>\n\t\t<\/div>\n\t\t\t\t<div class=\"elementor-column elementor-col-50 elementor-top-column elementor-element elementor-element-18aa912\" data-id=\"18aa912\" data-element_type=\"column\" data-e-type=\"column\">\n\t\t\t<div class=\"elementor-widget-wrap elementor-element-populated\">\n\t\t\t\t\t\t<div class=\"elementor-element elementor-element-2df4abc3 elementor-widget elementor-widget-heading\" data-id=\"2df4abc3\" data-element_type=\"widget\" data-e-type=\"widget\" data-widget_type=\"heading.default\">\n\t\t\t\t<div class=\"elementor-widget-container\">\n\t\t\t\t\t<h2 class=\"elementor-heading-title elementor-size-default\">Rosa Coelho<span style=\"font-size:1em;color:#ff0500\">.<\/span><\/h2>\t\t\t\t<\/div>\n\t\t\t\t<\/div>\n\t\t\t\t<div class=\"elementor-element elementor-element-65d7a3f2 elementor-widget elementor-widget-heading\" data-id=\"65d7a3f2\" data-element_type=\"widget\" data-e-type=\"widget\" data-widget_type=\"heading.default\">\n\t\t\t\t<div class=\"elementor-widget-container\">\n\t\t\t\t\t<h2 class=\"elementor-heading-title elementor-size-default\">Costureira<\/h2>\t\t\t\t<\/div>\n\t\t\t\t<\/div>\n\t\t\t\t<div class=\"elementor-element elementor-element-6c5d1041 elementor-widget elementor-widget-text-editor\" data-id=\"6c5d1041\" data-element_type=\"widget\" data-e-type=\"widget\" data-widget_type=\"text-editor.default\">\n\t\t\t\t<div class=\"elementor-widget-container\">\n\t\t\t\t\t\t\t\t\t<div id=\"idTextPanel\" class=\"jqDnR\"><p>A Rosa juntou-se \u00e0 Shoelutions em 2013, trazendo consigo uma vasta experi\u00eancia na costura de cal\u00e7ado, acumulando hoje 44 anos de dedica\u00e7\u00e3o nesta \u00e1rea. Antes de integrar a nossa equipa, passou por v\u00e1rias empresas do setor, como Dalila, Camachos, Carlos Gomes e Ginita, al\u00e9m de uma empresa de confe\u00e7\u00e3o de vestu\u00e1rio em couro. Sempre ligada \u00e0 costura, desempenhou fun\u00e7\u00f5es tanto como costureira como no apoio \u00e0 montagem das pe\u00e7as antes de seguirem para a costura.<\/p><p>Essa diversidade de fun\u00e7\u00f5es permitiu-lhe aperfei\u00e7oar a t\u00e9cnica e desenvolver um olhar atento aos detalhes, tornando-se uma profissional altamente qualificada na costura de cal\u00e7ado. Com a sua t\u00e9cnica apurada e a capacidade de antecipar poss\u00edveis desafios, contribui para a efici\u00eancia da equipa e para a excel\u00eancia dos produtos, garantindo que cada pe\u00e7a \u00e9 costurada com precis\u00e3o e qualidade.<\/p><p>Apesar de ser introvertida e n\u00e3o tomar a iniciativa nas conversas, a Rosa \u00e9 uma pessoa extremamente observadora e muito organizada. Sua dedica\u00e7\u00e3o e profissionalismo falam mais alto do que palavras.<\/p><p>Nos seus tempos livres, a Rosa gosta de se dedicar ao crochet, assistir a s\u00e9ries e fazer caminhadas. Tamb\u00e9m faz parte de um grupo coral, onde pode expressar a sua paix\u00e3o pela m\u00fasica e pelo canto.<\/p><\/div>\t\t\t\t\t\t\t\t<\/div>\n\t\t\t\t<\/div>\n\t\t\t\t<div class=\"elementor-element elementor-element-77f61b61 e-transform elementor-widget elementor-widget-heading\" data-id=\"77f61b61\" data-element_type=\"widget\" data-e-type=\"widget\" data-settings=\"{&quot;_transform_scale_effect_hover&quot;:{&quot;unit&quot;:&quot;px&quot;,&quot;size&quot;:1.1,&quot;sizes&quot;:[]},&quot;_transform_scale_effect_hover_tablet&quot;:{&quot;unit&quot;:&quot;px&quot;,&quot;size&quot;:&quot;&quot;,&quot;sizes&quot;:[]},&quot;_transform_scale_effect_hover_mobile&quot;:{&quot;unit&quot;:&quot;px&quot;,&quot;size&quot;:&quot;&quot;,&quot;sizes&quot;:[]}}\" data-widget_type=\"heading.default\">\n\t\t\t\t<div class=\"elementor-widget-container\">\n\t\t\t\t\t<h5 class=\"elementor-heading-title elementor-size-default\"><a href=\"https:\/\/shoelutions.pt\/pt\/about\/#team\">Ver toda a equipa<span style=\"font-size:1em;color:#ff0500\">.<\/span><\/a><\/h5>\t\t\t\t<\/div>\n\t\t\t\t<\/div>\n\t\t\t\t\t<\/div>\n\t\t<\/div>\n\t\t\t\t\t<\/div>\n\t\t<\/section>\n\t\t\t\t<\/div>","protected":false},"excerpt":{"rendered":"<p>Meet our team Rosa Coelho. Seamstress Rosa joined Shoelutions in 2013, bringing with her a wealth of experience in sewing footwear and now 44 years of dedication in this area. Before joining our team, she worked for various companies in the sector, such as Dalila, Camachos, Carlos Gomes and Ginita, as well as a leather [&hellip;]<\/p>\n","protected":false},"author":1,"featured_media":0,"parent":193,"menu_order":0,"comment_status":"closed","ping_status":"closed","template":"","meta":{"_acf_changed":false,"footnotes":""},"categories":[],"tags":[],"class_list":["post-12499","page","type-page","status-publish","hentry"],"acf":[],"_links":{"self":[{"href":"https:\/\/shoelutions.pt\/pt\/wp-json\/wp\/v2\/pages\/12499","targetHints":{"allow":["GET"]}}],"collection":[{"href":"https:\/\/shoelutions.pt\/pt\/wp-json\/wp\/v2\/pages"}],"about":[{"href":"https:\/\/shoelutions.pt\/pt\/wp-json\/wp\/v2\/types\/page"}],"author":[{"embeddable":true,"href":"https:\/\/shoelutions.pt\/pt\/wp-json\/wp\/v2\/users\/1"}],"replies":[{"embeddable":true,"href":"https:\/\/shoelutions.pt\/pt\/wp-json\/wp\/v2\/comments?post=12499"}],"version-history":[{"count":13,"href":"https:\/\/shoelutions.pt\/pt\/wp-json\/wp\/v2\/pages\/12499\/revisions"}],"predecessor-version":[{"id":13110,"href":"https:\/\/shoelutions.pt\/pt\/wp-json\/wp\/v2\/pages\/12499\/revisions\/13110"}],"up":[{"embeddable":true,"href":"https:\/\/shoelutions.pt\/pt\/wp-json\/wp\/v2\/pages\/193"}],"wp:attachment":[{"href":"https:\/\/shoelutions.pt\/pt\/wp-json\/wp\/v2\/media?parent=12499"}],"wp:term":[{"taxonomy":"category","embeddable":true,"href":"https:\/\/shoelutions.pt\/pt\/wp-json\/wp\/v2\/categories?post=12499"},{"taxonomy":"post_tag","embeddable":true,"href":"https:\/\/shoelutions.pt\/pt\/wp-json\/wp\/v2\/tags?post=12499"}],"curies":[{"name":"wp","href":"https:\/\/api.w.org\/{rel}","templated":true}]}}