{"id":12504,"date":"2025-02-19T23:19:40","date_gmt":"2025-02-19T23:19:40","guid":{"rendered":"https:\/\/shoelutions.pt\/?page_id=12504"},"modified":"2025-04-02T15:10:42","modified_gmt":"2025-04-02T15:10:42","slug":"fernanda-oliveira","status":"publish","type":"page","link":"https:\/\/shoelutions.pt\/pt\/about\/fernanda-oliveira\/","title":{"rendered":"Fernanda Oliveira"},"content":{"rendered":"<div data-elementor-type=\"wp-page\" data-elementor-id=\"12504\" class=\"elementor elementor-12504\" data-elementor-post-type=\"page\">\n\t\t\t\t\t\t<section class=\"elementor-section elementor-top-section elementor-element elementor-element-f94bd8f elementor-section-full_width elementor-section-height-default elementor-section-height-default\" data-id=\"f94bd8f\" data-element_type=\"section\" data-e-type=\"section\">\n\t\t\t\t\t\t<div class=\"elementor-container elementor-column-gap-default\">\n\t\t\t\t\t<div class=\"elementor-column elementor-col-100 elementor-top-column elementor-element elementor-element-4740e01c\" data-id=\"4740e01c\" data-element_type=\"column\" data-e-type=\"column\">\n\t\t\t<div class=\"elementor-widget-wrap elementor-element-populated\">\n\t\t\t\t\t\t<div class=\"elementor-element elementor-element-65522b07 elementor-widget elementor-widget-heading\" data-id=\"65522b07\" data-element_type=\"widget\" data-e-type=\"widget\" data-widget_type=\"heading.default\">\n\t\t\t\t<div class=\"elementor-widget-container\">\n\t\t\t\t\t<h2 class=\"elementor-heading-title elementor-size-default\">Conhe\u00e7a a nossa equipa<\/h2>\t\t\t\t<\/div>\n\t\t\t\t<\/div>\n\t\t\t\t\t<\/div>\n\t\t<\/div>\n\t\t\t\t\t<\/div>\n\t\t<\/section>\n\t\t\t\t<section class=\"elementor-section elementor-top-section elementor-element elementor-element-3ee0e1f2 elementor-section-full_width elementor-section-height-default elementor-section-height-default\" data-id=\"3ee0e1f2\" data-element_type=\"section\" data-e-type=\"section\" data-settings=\"{&quot;background_background&quot;:&quot;classic&quot;}\">\n\t\t\t\t\t\t<div class=\"elementor-container elementor-column-gap-no\">\n\t\t\t\t\t<div class=\"elementor-column elementor-col-50 elementor-top-column elementor-element elementor-element-56c72328\" data-id=\"56c72328\" data-element_type=\"column\" data-e-type=\"column\">\n\t\t\t<div class=\"elementor-widget-wrap elementor-element-populated\">\n\t\t\t\t\t\t<div class=\"elementor-element elementor-element-19744ba elementor-widget elementor-widget-image\" data-id=\"19744ba\" data-element_type=\"widget\" data-e-type=\"widget\" data-widget_type=\"image.default\">\n\t\t\t\t<div class=\"elementor-widget-container\">\n\t\t\t\t\t\t\t\t\t\t\t\t\t\t\t<img fetchpriority=\"high\" decoding=\"async\" width=\"800\" height=\"800\" src=\"https:\/\/shoelutions.pt\/wp-content\/uploads\/2025\/03\/Fernanda-1024x1024.jpg\" class=\"attachment-large size-large wp-image-12872\" alt=\"\" srcset=\"https:\/\/shoelutions.pt\/wp-content\/uploads\/2025\/03\/Fernanda-1024x1024.jpg 1024w, https:\/\/shoelutions.pt\/wp-content\/uploads\/2025\/03\/Fernanda-300x300.jpg 300w, https:\/\/shoelutions.pt\/wp-content\/uploads\/2025\/03\/Fernanda-150x150.jpg 150w, https:\/\/shoelutions.pt\/wp-content\/uploads\/2025\/03\/Fernanda-768x768.jpg 768w, https:\/\/shoelutions.pt\/wp-content\/uploads\/2025\/03\/Fernanda-12x12.jpg 12w, https:\/\/shoelutions.pt\/wp-content\/uploads\/2025\/03\/Fernanda-600x600.jpg 600w, https:\/\/shoelutions.pt\/wp-content\/uploads\/2025\/03\/Fernanda-100x100.jpg 100w, https:\/\/shoelutions.pt\/wp-content\/uploads\/2025\/03\/Fernanda.jpg 1080w\" sizes=\"(max-width: 800px) 100vw, 800px\" \/>\t\t\t\t\t\t\t\t\t\t\t\t\t\t\t<\/div>\n\t\t\t\t<\/div>\n\t\t\t\t\t<\/div>\n\t\t<\/div>\n\t\t\t\t<div class=\"elementor-column elementor-col-50 elementor-top-column elementor-element elementor-element-3bfee352\" data-id=\"3bfee352\" data-element_type=\"column\" data-e-type=\"column\">\n\t\t\t<div class=\"elementor-widget-wrap elementor-element-populated\">\n\t\t\t\t\t\t<div class=\"elementor-element elementor-element-1fbcfc39 elementor-widget elementor-widget-heading\" data-id=\"1fbcfc39\" data-element_type=\"widget\" data-e-type=\"widget\" data-widget_type=\"heading.default\">\n\t\t\t\t<div class=\"elementor-widget-container\">\n\t\t\t\t\t<h2 class=\"elementor-heading-title elementor-size-default\">Fernanda Oliveira<span style=\"font-size:1em;color:#ff0500\">.<\/span><\/h2>\t\t\t\t<\/div>\n\t\t\t\t<\/div>\n\t\t\t\t<div class=\"elementor-element elementor-element-3bfc8c25 elementor-widget elementor-widget-heading\" data-id=\"3bfc8c25\" data-element_type=\"widget\" data-e-type=\"widget\" data-widget_type=\"heading.default\">\n\t\t\t\t<div class=\"elementor-widget-container\">\n\t\t\t\t\t<h2 class=\"elementor-heading-title elementor-size-default\">Ajudante de Costureira<\/h2>\t\t\t\t<\/div>\n\t\t\t\t<\/div>\n\t\t\t\t<div class=\"elementor-element elementor-element-18a07540 elementor-widget elementor-widget-text-editor\" data-id=\"18a07540\" data-element_type=\"widget\" data-e-type=\"widget\" data-widget_type=\"text-editor.default\">\n\t\t\t\t<div class=\"elementor-widget-container\">\n\t\t\t\t\t\t\t\t\t<div id=\"idTextPanel\" class=\"jqDnR\"><p>Embora tenha trabalhado durante algum tempo como cuidadora de uma idosa, a maior parte da vida profissional de Fernanda foi dedicada \u00e0 ind\u00fastria do cal\u00e7ado, somando hoje 41 anos de experi\u00eancia no setor. Passou por empresas como Rio Lago e Golem, onde desempenhou fun\u00e7\u00f5es nos departamentos de costura, auxiliando na uni\u00e3o das pe\u00e7as, na aplica\u00e7\u00e3o de cola e na adi\u00e7\u00e3o de acess\u00f3rios antes das pe\u00e7as seguirem para a costura propriamente dita.<\/p><p>Essas experi\u00eancias foram essenciais para o papel que desempenha hoje na Shoelutions, onde auxilia na prepara\u00e7\u00e3o e organiza\u00e7\u00e3o dos materiais, garantindo que tudo esteja pronto para o trabalho das costureiras. Al\u00e9m disso, contribui diretamente no processo de costura, ajudando na fixa\u00e7\u00e3o de pe\u00e7as e nos acabamentos, tornando o fluxo de produ\u00e7\u00e3o mais \u00e1gil e eficiente. O seu trabalho \u00e9 essencial para que cada etapa aconte\u00e7a com precis\u00e3o, assegurando a qualidade que define os nossos produtos.<\/p><p>Soci\u00e1vel e sempre pronta para uma boa conversa, Fernanda gosta de interagir com quem partilhe um bom di\u00e1logo, mas tamb\u00e9m valoriza o seu espa\u00e7o e tempo sozinha. A sua organiza\u00e7\u00e3o \u00e9 uma das suas principais caracter\u00edsticas, uma habilidade essencial para o bom andamento do trabalho no dia a dia.<\/p><p>Nos seus momentos livres, Fernanda gosta de se dedicar \u00e0 jardinagem e de passar tempo com a fam\u00edlia e amigos, equilibrando a sua vida social com momentos de tranquilidade em casa.<\/p><\/div>\t\t\t\t\t\t\t\t<\/div>\n\t\t\t\t<\/div>\n\t\t\t\t<div class=\"elementor-element elementor-element-74787a2e e-transform elementor-widget elementor-widget-heading\" data-id=\"74787a2e\" data-element_type=\"widget\" data-e-type=\"widget\" data-settings=\"{&quot;_transform_scale_effect_hover&quot;:{&quot;unit&quot;:&quot;px&quot;,&quot;size&quot;:1.1,&quot;sizes&quot;:[]},&quot;_transform_scale_effect_hover_tablet&quot;:{&quot;unit&quot;:&quot;px&quot;,&quot;size&quot;:&quot;&quot;,&quot;sizes&quot;:[]},&quot;_transform_scale_effect_hover_mobile&quot;:{&quot;unit&quot;:&quot;px&quot;,&quot;size&quot;:&quot;&quot;,&quot;sizes&quot;:[]}}\" data-widget_type=\"heading.default\">\n\t\t\t\t<div class=\"elementor-widget-container\">\n\t\t\t\t\t<h5 class=\"elementor-heading-title elementor-size-default\"><a href=\"https:\/\/shoelutions.pt\/pt\/about\/#team\">Ver toda a equipa<span style=\"font-size:1em;color:#ff0500\">.<\/span><\/a><\/h5>\t\t\t\t<\/div>\n\t\t\t\t<\/div>\n\t\t\t\t\t<\/div>\n\t\t<\/div>\n\t\t\t\t\t<\/div>\n\t\t<\/section>\n\t\t\t\t<\/div>","protected":false},"excerpt":{"rendered":"<p>Meet our team Fernanda Oliveira. Seamstress Assistant Although she worked for a while as a carer for an elderly person, most of Fernanda&#8217;s professional life has been dedicated to the footwear industry, and she has now 41 years&#8217; experience in the sector. She has worked for companies such as Rio Lago and Golem, where she [&hellip;]<\/p>\n","protected":false},"author":1,"featured_media":0,"parent":193,"menu_order":0,"comment_status":"closed","ping_status":"closed","template":"","meta":{"_acf_changed":false,"footnotes":""},"categories":[],"tags":[],"class_list":["post-12504","page","type-page","status-publish","hentry"],"acf":[],"_links":{"self":[{"href":"https:\/\/shoelutions.pt\/pt\/wp-json\/wp\/v2\/pages\/12504","targetHints":{"allow":["GET"]}}],"collection":[{"href":"https:\/\/shoelutions.pt\/pt\/wp-json\/wp\/v2\/pages"}],"about":[{"href":"https:\/\/shoelutions.pt\/pt\/wp-json\/wp\/v2\/types\/page"}],"author":[{"embeddable":true,"href":"https:\/\/shoelutions.pt\/pt\/wp-json\/wp\/v2\/users\/1"}],"replies":[{"embeddable":true,"href":"https:\/\/shoelutions.pt\/pt\/wp-json\/wp\/v2\/comments?post=12504"}],"version-history":[{"count":16,"href":"https:\/\/shoelutions.pt\/pt\/wp-json\/wp\/v2\/pages\/12504\/revisions"}],"predecessor-version":[{"id":13083,"href":"https:\/\/shoelutions.pt\/pt\/wp-json\/wp\/v2\/pages\/12504\/revisions\/13083"}],"up":[{"embeddable":true,"href":"https:\/\/shoelutions.pt\/pt\/wp-json\/wp\/v2\/pages\/193"}],"wp:attachment":[{"href":"https:\/\/shoelutions.pt\/pt\/wp-json\/wp\/v2\/media?parent=12504"}],"wp:term":[{"taxonomy":"category","embeddable":true,"href":"https:\/\/shoelutions.pt\/pt\/wp-json\/wp\/v2\/categories?post=12504"},{"taxonomy":"post_tag","embeddable":true,"href":"https:\/\/shoelutions.pt\/pt\/wp-json\/wp\/v2\/tags?post=12504"}],"curies":[{"name":"wp","href":"https:\/\/api.w.org\/{rel}","templated":true}]}}