{"id":12528,"date":"2025-02-20T00:12:02","date_gmt":"2025-02-20T00:12:02","guid":{"rendered":"https:\/\/shoelutions.pt\/?page_id=12528"},"modified":"2025-04-02T15:11:55","modified_gmt":"2025-04-02T15:11:55","slug":"jose-loureiro","status":"publish","type":"page","link":"https:\/\/shoelutions.pt\/pt\/about\/jose-loureiro\/","title":{"rendered":"Jos\u00e9 Loureiro"},"content":{"rendered":"<div data-elementor-type=\"wp-page\" data-elementor-id=\"12528\" class=\"elementor elementor-12528\" data-elementor-post-type=\"page\">\n\t\t\t\t\t\t<section class=\"elementor-section elementor-top-section elementor-element elementor-element-1752e886 elementor-section-full_width elementor-section-height-default elementor-section-height-default\" data-id=\"1752e886\" data-element_type=\"section\" data-e-type=\"section\">\n\t\t\t\t\t\t<div class=\"elementor-container elementor-column-gap-default\">\n\t\t\t\t\t<div class=\"elementor-column elementor-col-100 elementor-top-column elementor-element elementor-element-572ca5d0\" data-id=\"572ca5d0\" data-element_type=\"column\" data-e-type=\"column\">\n\t\t\t<div class=\"elementor-widget-wrap elementor-element-populated\">\n\t\t\t\t\t\t<div class=\"elementor-element elementor-element-234a1212 elementor-widget elementor-widget-heading\" data-id=\"234a1212\" data-element_type=\"widget\" data-e-type=\"widget\" data-widget_type=\"heading.default\">\n\t\t\t\t<div class=\"elementor-widget-container\">\n\t\t\t\t\t<h2 class=\"elementor-heading-title elementor-size-default\">Conhe\u00e7a a nossa equipa<\/h2>\t\t\t\t<\/div>\n\t\t\t\t<\/div>\n\t\t\t\t\t<\/div>\n\t\t<\/div>\n\t\t\t\t\t<\/div>\n\t\t<\/section>\n\t\t\t\t<section class=\"elementor-section elementor-top-section elementor-element elementor-element-19b5f1c9 elementor-section-full_width elementor-section-height-default elementor-section-height-default\" data-id=\"19b5f1c9\" data-element_type=\"section\" data-e-type=\"section\" data-settings=\"{&quot;background_background&quot;:&quot;classic&quot;}\">\n\t\t\t\t\t\t<div class=\"elementor-container elementor-column-gap-no\">\n\t\t\t\t\t<div class=\"elementor-column elementor-col-50 elementor-top-column elementor-element elementor-element-68072bc5\" data-id=\"68072bc5\" data-element_type=\"column\" data-e-type=\"column\">\n\t\t\t<div class=\"elementor-widget-wrap elementor-element-populated\">\n\t\t\t\t\t\t<div class=\"elementor-element elementor-element-5c13c0f elementor-widget elementor-widget-image\" data-id=\"5c13c0f\" data-element_type=\"widget\" data-e-type=\"widget\" data-widget_type=\"image.default\">\n\t\t\t\t<div class=\"elementor-widget-container\">\n\t\t\t\t\t\t\t\t\t\t\t\t\t\t\t<img fetchpriority=\"high\" decoding=\"async\" width=\"800\" height=\"800\" src=\"https:\/\/shoelutions.pt\/wp-content\/uploads\/2025\/03\/Jose-1024x1024.jpg\" class=\"attachment-large size-large wp-image-12875\" alt=\"\" srcset=\"https:\/\/shoelutions.pt\/wp-content\/uploads\/2025\/03\/Jose-1024x1024.jpg 1024w, https:\/\/shoelutions.pt\/wp-content\/uploads\/2025\/03\/Jose-300x300.jpg 300w, https:\/\/shoelutions.pt\/wp-content\/uploads\/2025\/03\/Jose-150x150.jpg 150w, https:\/\/shoelutions.pt\/wp-content\/uploads\/2025\/03\/Jose-768x768.jpg 768w, https:\/\/shoelutions.pt\/wp-content\/uploads\/2025\/03\/Jose-12x12.jpg 12w, https:\/\/shoelutions.pt\/wp-content\/uploads\/2025\/03\/Jose-600x600.jpg 600w, https:\/\/shoelutions.pt\/wp-content\/uploads\/2025\/03\/Jose-100x100.jpg 100w, https:\/\/shoelutions.pt\/wp-content\/uploads\/2025\/03\/Jose.jpg 1080w\" sizes=\"(max-width: 800px) 100vw, 800px\" \/>\t\t\t\t\t\t\t\t\t\t\t\t\t\t\t<\/div>\n\t\t\t\t<\/div>\n\t\t\t\t\t<\/div>\n\t\t<\/div>\n\t\t\t\t<div class=\"elementor-column elementor-col-50 elementor-top-column elementor-element elementor-element-5b7870b7\" data-id=\"5b7870b7\" data-element_type=\"column\" data-e-type=\"column\">\n\t\t\t<div class=\"elementor-widget-wrap elementor-element-populated\">\n\t\t\t\t\t\t<div class=\"elementor-element elementor-element-3206c79f elementor-widget elementor-widget-heading\" data-id=\"3206c79f\" data-element_type=\"widget\" data-e-type=\"widget\" data-widget_type=\"heading.default\">\n\t\t\t\t<div class=\"elementor-widget-container\">\n\t\t\t\t\t<h2 class=\"elementor-heading-title elementor-size-default\">Jos\u00e9 Loureiro<span style=\"font-size:1em;color:#ff0500\">.<\/span><\/h2>\t\t\t\t<\/div>\n\t\t\t\t<\/div>\n\t\t\t\t<div class=\"elementor-element elementor-element-9a639cd elementor-widget elementor-widget-heading\" data-id=\"9a639cd\" data-element_type=\"widget\" data-e-type=\"widget\" data-widget_type=\"heading.default\">\n\t\t\t\t<div class=\"elementor-widget-container\">\n\t\t\t\t\t<h2 class=\"elementor-heading-title elementor-size-default\">Cortador<\/h2>\t\t\t\t<\/div>\n\t\t\t\t<\/div>\n\t\t\t\t<div class=\"elementor-element elementor-element-545ae738 elementor-widget elementor-widget-text-editor\" data-id=\"545ae738\" data-element_type=\"widget\" data-e-type=\"widget\" data-widget_type=\"text-editor.default\">\n\t\t\t\t<div class=\"elementor-widget-container\">\n\t\t\t\t\t\t\t\t\t<div id=\"idTextPanel\" class=\"jqDnR\"><p>Apesar de ter forma\u00e7\u00e3o em jardinagem, Jos\u00e9 acabou por seguir um caminho mais ligado \u00e0s ind\u00fastrias que marcam a regi\u00e3o onde cresceu: a chapelaria e o cal\u00e7ado. Iniciou a sua carreira na chapelaria, onde trabalhou durante tr\u00eas anos na \u00e1rea do acabamento, desenvolvendo desde cedo um olhar atento aos detalhes. No entanto, foi no cal\u00e7ado que encontrou a sua verdadeira voca\u00e7\u00e3o. Ap\u00f3s concluir uma forma\u00e7\u00e3o de cortador no Centro de Forma\u00e7\u00e3o Portugu\u00eas da Ind\u00fastria do Cal\u00e7ado (CFPIC), dedicou-se inteiramente a esta \u00e1rea, acumulando j\u00e1 35 anos de experi\u00eancia em diversas empresas da regi\u00e3o.<\/p><p>Ao longo dos anos, tornou-se um especialista no corte, uma fun\u00e7\u00e3o que exige precis\u00e3o, t\u00e9cnica e conhecimento profundo dos materiais. Na Shoelutions, desempenha um papel fundamental, garantindo que cada pe\u00e7a seja cortada com efici\u00eancia e exatid\u00e3o, contribuindo para a qualidade do produto final e para a fluidez do processo de fabrico. O seu compromisso e per\u00edcia fazem dele um elemento essencial na equipa.<\/p><p>De personalidade extrovertida, Jos\u00e9 adora conviver e aproveitar o tempo com os amigos. Para ele, os fins de semana s\u00e3o sin\u00f3nimo de sair de casa e desfrutar ao m\u00e1ximo, seja socializando ou explorando o que a cidade tem para oferecer. Apesar do seu esp\u00edrito soci\u00e1vel, valoriza a organiza\u00e7\u00e3o no dia a dia e prefere um ritmo equilibrado, sem grandes aventuras.<\/p><p>Nos seus tempos livres, gosta de caminhar ao ar livre, jogar futebol com os amigos e partilhar momentos de conv\u00edvio com a fam\u00edlia. Para ele, n\u00e3o h\u00e1 nada mais importante do que criar boas mem\u00f3rias com as pessoas que mais estima.<\/p><\/div>\t\t\t\t\t\t\t\t<\/div>\n\t\t\t\t<\/div>\n\t\t\t\t<div class=\"elementor-element elementor-element-19921835 e-transform elementor-widget elementor-widget-heading\" data-id=\"19921835\" data-element_type=\"widget\" data-e-type=\"widget\" data-settings=\"{&quot;_transform_scale_effect_hover&quot;:{&quot;unit&quot;:&quot;px&quot;,&quot;size&quot;:1.1,&quot;sizes&quot;:[]},&quot;_transform_scale_effect_hover_tablet&quot;:{&quot;unit&quot;:&quot;px&quot;,&quot;size&quot;:&quot;&quot;,&quot;sizes&quot;:[]},&quot;_transform_scale_effect_hover_mobile&quot;:{&quot;unit&quot;:&quot;px&quot;,&quot;size&quot;:&quot;&quot;,&quot;sizes&quot;:[]}}\" data-widget_type=\"heading.default\">\n\t\t\t\t<div class=\"elementor-widget-container\">\n\t\t\t\t\t<h5 class=\"elementor-heading-title elementor-size-default\"><a href=\"https:\/\/shoelutions.pt\/pt\/about\/#team\">Ver toda a equipa<span style=\"font-size:1em;color:#ff0500\">.<\/span><\/a><\/h5>\t\t\t\t<\/div>\n\t\t\t\t<\/div>\n\t\t\t\t\t<\/div>\n\t\t<\/div>\n\t\t\t\t\t<\/div>\n\t\t<\/section>\n\t\t\t\t<\/div>","protected":false},"excerpt":{"rendered":"<p>Meet our team Jos\u00e9 Loureiro. Cutter Although he studied gardening, Jos\u00e9 ended up following a path more closely linked to the industries that mark the region where he grew up: hat making and footwear. He began his career in hat making, where he worked for three years in the finishing area, developing a keen eye [&hellip;]<\/p>\n","protected":false},"author":1,"featured_media":0,"parent":193,"menu_order":0,"comment_status":"closed","ping_status":"closed","template":"","meta":{"_acf_changed":false,"footnotes":""},"categories":[],"tags":[],"class_list":["post-12528","page","type-page","status-publish","hentry"],"acf":[],"_links":{"self":[{"href":"https:\/\/shoelutions.pt\/pt\/wp-json\/wp\/v2\/pages\/12528","targetHints":{"allow":["GET"]}}],"collection":[{"href":"https:\/\/shoelutions.pt\/pt\/wp-json\/wp\/v2\/pages"}],"about":[{"href":"https:\/\/shoelutions.pt\/pt\/wp-json\/wp\/v2\/types\/page"}],"author":[{"embeddable":true,"href":"https:\/\/shoelutions.pt\/pt\/wp-json\/wp\/v2\/users\/1"}],"replies":[{"embeddable":true,"href":"https:\/\/shoelutions.pt\/pt\/wp-json\/wp\/v2\/comments?post=12528"}],"version-history":[{"count":16,"href":"https:\/\/shoelutions.pt\/pt\/wp-json\/wp\/v2\/pages\/12528\/revisions"}],"predecessor-version":[{"id":13092,"href":"https:\/\/shoelutions.pt\/pt\/wp-json\/wp\/v2\/pages\/12528\/revisions\/13092"}],"up":[{"embeddable":true,"href":"https:\/\/shoelutions.pt\/pt\/wp-json\/wp\/v2\/pages\/193"}],"wp:attachment":[{"href":"https:\/\/shoelutions.pt\/pt\/wp-json\/wp\/v2\/media?parent=12528"}],"wp:term":[{"taxonomy":"category","embeddable":true,"href":"https:\/\/shoelutions.pt\/pt\/wp-json\/wp\/v2\/categories?post=12528"},{"taxonomy":"post_tag","embeddable":true,"href":"https:\/\/shoelutions.pt\/pt\/wp-json\/wp\/v2\/tags?post=12528"}],"curies":[{"name":"wp","href":"https:\/\/api.w.org\/{rel}","templated":true}]}}