{"id":12539,"date":"2025-02-20T00:35:44","date_gmt":"2025-02-20T00:35:44","guid":{"rendered":"https:\/\/shoelutions.pt\/?page_id=12539"},"modified":"2025-04-02T15:12:15","modified_gmt":"2025-04-02T15:12:15","slug":"mike-pinho","status":"publish","type":"page","link":"https:\/\/shoelutions.pt\/pt\/about\/mike-pinho\/","title":{"rendered":"Mike Pinho"},"content":{"rendered":"<div data-elementor-type=\"wp-page\" data-elementor-id=\"12539\" class=\"elementor elementor-12539\" data-elementor-post-type=\"page\">\n\t\t\t\t\t\t<section class=\"elementor-section elementor-top-section elementor-element elementor-element-13f16de3 elementor-section-full_width elementor-section-height-default elementor-section-height-default\" data-id=\"13f16de3\" data-element_type=\"section\" data-e-type=\"section\">\n\t\t\t\t\t\t<div class=\"elementor-container elementor-column-gap-default\">\n\t\t\t\t\t<div class=\"elementor-column elementor-col-100 elementor-top-column elementor-element elementor-element-5f2262d1\" data-id=\"5f2262d1\" data-element_type=\"column\" data-e-type=\"column\">\n\t\t\t<div class=\"elementor-widget-wrap elementor-element-populated\">\n\t\t\t\t\t\t<div class=\"elementor-element elementor-element-1a5f3da3 elementor-widget elementor-widget-heading\" data-id=\"1a5f3da3\" data-element_type=\"widget\" data-e-type=\"widget\" data-widget_type=\"heading.default\">\n\t\t\t\t<div class=\"elementor-widget-container\">\n\t\t\t\t\t<h2 class=\"elementor-heading-title elementor-size-default\">Conhe\u00e7a a nossa equipa<\/h2>\t\t\t\t<\/div>\n\t\t\t\t<\/div>\n\t\t\t\t\t<\/div>\n\t\t<\/div>\n\t\t\t\t\t<\/div>\n\t\t<\/section>\n\t\t\t\t<section class=\"elementor-section elementor-top-section elementor-element elementor-element-176cb764 elementor-section-full_width elementor-section-height-default elementor-section-height-default\" data-id=\"176cb764\" data-element_type=\"section\" data-e-type=\"section\" data-settings=\"{&quot;background_background&quot;:&quot;classic&quot;}\">\n\t\t\t\t\t\t<div class=\"elementor-container elementor-column-gap-no\">\n\t\t\t\t\t<div class=\"elementor-column elementor-col-50 elementor-top-column elementor-element elementor-element-5381706f\" data-id=\"5381706f\" data-element_type=\"column\" data-e-type=\"column\">\n\t\t\t<div class=\"elementor-widget-wrap elementor-element-populated\">\n\t\t\t\t\t\t<div class=\"elementor-element elementor-element-978f72c elementor-widget elementor-widget-image\" data-id=\"978f72c\" data-element_type=\"widget\" data-e-type=\"widget\" data-widget_type=\"image.default\">\n\t\t\t\t<div class=\"elementor-widget-container\">\n\t\t\t\t\t\t\t\t\t\t\t\t\t\t\t<img fetchpriority=\"high\" decoding=\"async\" width=\"800\" height=\"800\" src=\"https:\/\/shoelutions.pt\/wp-content\/uploads\/2025\/03\/Mike-1024x1024.jpg\" class=\"attachment-large size-large wp-image-12876\" alt=\"\" srcset=\"https:\/\/shoelutions.pt\/wp-content\/uploads\/2025\/03\/Mike-1024x1024.jpg 1024w, https:\/\/shoelutions.pt\/wp-content\/uploads\/2025\/03\/Mike-300x300.jpg 300w, https:\/\/shoelutions.pt\/wp-content\/uploads\/2025\/03\/Mike-150x150.jpg 150w, https:\/\/shoelutions.pt\/wp-content\/uploads\/2025\/03\/Mike-768x768.jpg 768w, https:\/\/shoelutions.pt\/wp-content\/uploads\/2025\/03\/Mike-12x12.jpg 12w, https:\/\/shoelutions.pt\/wp-content\/uploads\/2025\/03\/Mike-600x600.jpg 600w, https:\/\/shoelutions.pt\/wp-content\/uploads\/2025\/03\/Mike-100x100.jpg 100w, https:\/\/shoelutions.pt\/wp-content\/uploads\/2025\/03\/Mike.jpg 1080w\" sizes=\"(max-width: 800px) 100vw, 800px\" \/>\t\t\t\t\t\t\t\t\t\t\t\t\t\t\t<\/div>\n\t\t\t\t<\/div>\n\t\t\t\t\t<\/div>\n\t\t<\/div>\n\t\t\t\t<div class=\"elementor-column elementor-col-50 elementor-top-column elementor-element elementor-element-17a92962\" data-id=\"17a92962\" data-element_type=\"column\" data-e-type=\"column\">\n\t\t\t<div class=\"elementor-widget-wrap elementor-element-populated\">\n\t\t\t\t\t\t<div class=\"elementor-element elementor-element-a8391c4 elementor-widget elementor-widget-heading\" data-id=\"a8391c4\" data-element_type=\"widget\" data-e-type=\"widget\" data-widget_type=\"heading.default\">\n\t\t\t\t<div class=\"elementor-widget-container\">\n\t\t\t\t\t<h2 class=\"elementor-heading-title elementor-size-default\">Mike Pinho<span style=\"font-size:1em;color:#ff0500\">.<\/span><\/h2>\t\t\t\t<\/div>\n\t\t\t\t<\/div>\n\t\t\t\t<div class=\"elementor-element elementor-element-1d8ba430 elementor-widget elementor-widget-heading\" data-id=\"1d8ba430\" data-element_type=\"widget\" data-e-type=\"widget\" data-widget_type=\"heading.default\">\n\t\t\t\t<div class=\"elementor-widget-container\">\n\t\t\t\t\t<h2 class=\"elementor-heading-title elementor-size-default\">Colagem<\/h2>\t\t\t\t<\/div>\n\t\t\t\t<\/div>\n\t\t\t\t<div class=\"elementor-element elementor-element-5879b644 elementor-widget elementor-widget-text-editor\" data-id=\"5879b644\" data-element_type=\"widget\" data-e-type=\"widget\" data-widget_type=\"text-editor.default\">\n\t\t\t\t<div class=\"elementor-widget-container\">\n\t\t\t\t\t\t\t\t\t<div id=\"idTextPanel\" class=\"jqDnR\"><p>O Mike explorou diversas \u00e1reas profissionais antes de se dedicar ao cal\u00e7ado, assumindo fun\u00e7\u00f5es como assistente de embarque ou operador de m\u00e1quinas. No entanto, foi no cal\u00e7ado que encontrou a sua verdadeira especializa\u00e7\u00e3o, contando j\u00e1 com 25 anos de experi\u00eancia no setor, dos quais 15 s\u00e3o dedicados \u00e0 montagem.<\/p><p>Iniciou o seu percurso na Pelin, onde esteve cinco anos em v\u00e1rias fun\u00e7\u00f5es no departamento montagem. Determinado a aperfei\u00e7oar a sua t\u00e9cnica, realizou uma forma\u00e7\u00e3o em Montagem no Centro de Forma\u00e7\u00e3o Portugu\u00eas da Ind\u00fastria do Cal\u00e7ado (CFPIC), consolidando os seus conhecimentos na \u00e1rea.<\/p><p>A colagem \u00e9 uma das etapas mais cr\u00edticas do fabrico do cal\u00e7ado, exige precis\u00e3o e rigor para garantir a durabilidade e resist\u00eancia do produto. O trabalho do Mike assegura que cada par seja montado com exatid\u00e3o e consist\u00eancia, contribuindo diretamente para a qualidade final.<\/p><p>Extrovertido e soci\u00e1vel, pode parecer mais s\u00e9rio no trabalho, mas no fundo \u00e9 bem-humorado e brincalh\u00e3o, transmitindo sempre uma boa energia. Organizado por natureza, gosta de manter tudo em ordem, mas tamb\u00e9m valoriza o equil\u00edbrio entre a disciplina e o lazer.<\/p><p>Apaixonado pela m\u00fasica eletr\u00f3nica, \u00e9 DJ formado e continua a atuar esporadicamente, explorando novas experi\u00eancias sonoras sempre que surge oportunidade. Quando n\u00e3o est\u00e1 dedicado \u00e0 m\u00fasica ocupa os seus tempos livres a fazer caminhadas, cozinhar e viajar. Se o dia estiver de sol, n\u00e3o resiste a momentos na praia, aproveitando ao m\u00e1ximo os dias de descanso.<\/p><\/div>\t\t\t\t\t\t\t\t<\/div>\n\t\t\t\t<\/div>\n\t\t\t\t<div class=\"elementor-element elementor-element-75d11e9b e-transform elementor-widget elementor-widget-heading\" data-id=\"75d11e9b\" data-element_type=\"widget\" data-e-type=\"widget\" data-settings=\"{&quot;_transform_scale_effect_hover&quot;:{&quot;unit&quot;:&quot;px&quot;,&quot;size&quot;:1.1,&quot;sizes&quot;:[]},&quot;_transform_scale_effect_hover_tablet&quot;:{&quot;unit&quot;:&quot;px&quot;,&quot;size&quot;:&quot;&quot;,&quot;sizes&quot;:[]},&quot;_transform_scale_effect_hover_mobile&quot;:{&quot;unit&quot;:&quot;px&quot;,&quot;size&quot;:&quot;&quot;,&quot;sizes&quot;:[]}}\" data-widget_type=\"heading.default\">\n\t\t\t\t<div class=\"elementor-widget-container\">\n\t\t\t\t\t<h5 class=\"elementor-heading-title elementor-size-default\"><a href=\"https:\/\/shoelutions.pt\/pt\/about\/#team\">Ver toda a equipa<span style=\"font-size:1em;color:#ff0500\">.<\/span><\/a><\/h5>\t\t\t\t<\/div>\n\t\t\t\t<\/div>\n\t\t\t\t\t<\/div>\n\t\t<\/div>\n\t\t\t\t\t<\/div>\n\t\t<\/section>\n\t\t\t\t<\/div>","protected":false},"excerpt":{"rendered":"<p>Meet our team Mike Pinho. Attatching Soles Mike explored various professional areas before turning to footwear, working as a shipping clerk or machine operator. However, it was in footwear that he found his true specialization, with 25 years&#8217; experience in the sector, 15 of which are dedicated to assembly. He began his career at Pelin, [&hellip;]<\/p>\n","protected":false},"author":1,"featured_media":0,"parent":193,"menu_order":0,"comment_status":"closed","ping_status":"closed","template":"","meta":{"_acf_changed":false,"footnotes":""},"categories":[],"tags":[],"class_list":["post-12539","page","type-page","status-publish","hentry"],"acf":[],"_links":{"self":[{"href":"https:\/\/shoelutions.pt\/pt\/wp-json\/wp\/v2\/pages\/12539","targetHints":{"allow":["GET"]}}],"collection":[{"href":"https:\/\/shoelutions.pt\/pt\/wp-json\/wp\/v2\/pages"}],"about":[{"href":"https:\/\/shoelutions.pt\/pt\/wp-json\/wp\/v2\/types\/page"}],"author":[{"embeddable":true,"href":"https:\/\/shoelutions.pt\/pt\/wp-json\/wp\/v2\/users\/1"}],"replies":[{"embeddable":true,"href":"https:\/\/shoelutions.pt\/pt\/wp-json\/wp\/v2\/comments?post=12539"}],"version-history":[{"count":22,"href":"https:\/\/shoelutions.pt\/pt\/wp-json\/wp\/v2\/pages\/12539\/revisions"}],"predecessor-version":[{"id":13095,"href":"https:\/\/shoelutions.pt\/pt\/wp-json\/wp\/v2\/pages\/12539\/revisions\/13095"}],"up":[{"embeddable":true,"href":"https:\/\/shoelutions.pt\/pt\/wp-json\/wp\/v2\/pages\/193"}],"wp:attachment":[{"href":"https:\/\/shoelutions.pt\/pt\/wp-json\/wp\/v2\/media?parent=12539"}],"wp:term":[{"taxonomy":"category","embeddable":true,"href":"https:\/\/shoelutions.pt\/pt\/wp-json\/wp\/v2\/categories?post=12539"},{"taxonomy":"post_tag","embeddable":true,"href":"https:\/\/shoelutions.pt\/pt\/wp-json\/wp\/v2\/tags?post=12539"}],"curies":[{"name":"wp","href":"https:\/\/api.w.org\/{rel}","templated":true}]}}