{"id":12541,"date":"2025-02-20T00:57:07","date_gmt":"2025-02-20T00:57:07","guid":{"rendered":"https:\/\/shoelutions.pt\/?page_id=12541"},"modified":"2025-04-02T15:16:05","modified_gmt":"2025-04-02T15:16:05","slug":"cristina-silva","status":"publish","type":"page","link":"https:\/\/shoelutions.pt\/pt\/about\/cristina-silva\/","title":{"rendered":"Cristina Silva"},"content":{"rendered":"<div data-elementor-type=\"wp-page\" data-elementor-id=\"12541\" class=\"elementor elementor-12541\" data-elementor-post-type=\"page\">\n\t\t\t\t\t\t<section class=\"elementor-section elementor-top-section elementor-element elementor-element-495e36fd elementor-section-full_width elementor-section-height-default elementor-section-height-default\" data-id=\"495e36fd\" data-element_type=\"section\" data-e-type=\"section\">\n\t\t\t\t\t\t<div class=\"elementor-container elementor-column-gap-default\">\n\t\t\t\t\t<div class=\"elementor-column elementor-col-100 elementor-top-column elementor-element elementor-element-66cbfc9f\" data-id=\"66cbfc9f\" data-element_type=\"column\" data-e-type=\"column\">\n\t\t\t<div class=\"elementor-widget-wrap elementor-element-populated\">\n\t\t\t\t\t\t<div class=\"elementor-element elementor-element-5c90256d elementor-widget elementor-widget-heading\" data-id=\"5c90256d\" data-element_type=\"widget\" data-e-type=\"widget\" data-widget_type=\"heading.default\">\n\t\t\t\t<div class=\"elementor-widget-container\">\n\t\t\t\t\t<h2 class=\"elementor-heading-title elementor-size-default\">Conhe\u00e7a a nossa equipa<\/h2>\t\t\t\t<\/div>\n\t\t\t\t<\/div>\n\t\t\t\t\t<\/div>\n\t\t<\/div>\n\t\t\t\t\t<\/div>\n\t\t<\/section>\n\t\t\t\t<section class=\"elementor-section elementor-top-section elementor-element elementor-element-43963cc9 elementor-section-full_width elementor-section-height-default elementor-section-height-default\" data-id=\"43963cc9\" data-element_type=\"section\" data-e-type=\"section\" data-settings=\"{&quot;background_background&quot;:&quot;classic&quot;}\">\n\t\t\t\t\t\t<div class=\"elementor-container elementor-column-gap-no\">\n\t\t\t\t\t<div class=\"elementor-column elementor-col-50 elementor-top-column elementor-element elementor-element-28431993\" data-id=\"28431993\" data-element_type=\"column\" data-e-type=\"column\">\n\t\t\t<div class=\"elementor-widget-wrap elementor-element-populated\">\n\t\t\t\t\t\t<div class=\"elementor-element elementor-element-d329dbd elementor-widget elementor-widget-image\" data-id=\"d329dbd\" data-element_type=\"widget\" data-e-type=\"widget\" data-widget_type=\"image.default\">\n\t\t\t\t<div class=\"elementor-widget-container\">\n\t\t\t\t\t\t\t\t\t\t\t\t\t\t\t<img fetchpriority=\"high\" decoding=\"async\" width=\"800\" height=\"800\" src=\"https:\/\/shoelutions.pt\/wp-content\/uploads\/2025\/03\/Cristina_quadrado-1024x1024.jpg\" class=\"attachment-large size-large wp-image-12861\" alt=\"\" srcset=\"https:\/\/shoelutions.pt\/wp-content\/uploads\/2025\/03\/Cristina_quadrado-1024x1024.jpg 1024w, https:\/\/shoelutions.pt\/wp-content\/uploads\/2025\/03\/Cristina_quadrado-300x300.jpg 300w, https:\/\/shoelutions.pt\/wp-content\/uploads\/2025\/03\/Cristina_quadrado-150x150.jpg 150w, https:\/\/shoelutions.pt\/wp-content\/uploads\/2025\/03\/Cristina_quadrado-768x768.jpg 768w, https:\/\/shoelutions.pt\/wp-content\/uploads\/2025\/03\/Cristina_quadrado-12x12.jpg 12w, https:\/\/shoelutions.pt\/wp-content\/uploads\/2025\/03\/Cristina_quadrado-600x600.jpg 600w, https:\/\/shoelutions.pt\/wp-content\/uploads\/2025\/03\/Cristina_quadrado-100x100.jpg 100w, https:\/\/shoelutions.pt\/wp-content\/uploads\/2025\/03\/Cristina_quadrado.jpg 1080w\" sizes=\"(max-width: 800px) 100vw, 800px\" \/>\t\t\t\t\t\t\t\t\t\t\t\t\t\t\t<\/div>\n\t\t\t\t<\/div>\n\t\t\t\t\t<\/div>\n\t\t<\/div>\n\t\t\t\t<div class=\"elementor-column elementor-col-50 elementor-top-column elementor-element elementor-element-7b1a20dc\" data-id=\"7b1a20dc\" data-element_type=\"column\" data-e-type=\"column\">\n\t\t\t<div class=\"elementor-widget-wrap elementor-element-populated\">\n\t\t\t\t\t\t<div class=\"elementor-element elementor-element-8d55d7 elementor-widget elementor-widget-heading\" data-id=\"8d55d7\" data-element_type=\"widget\" data-e-type=\"widget\" data-widget_type=\"heading.default\">\n\t\t\t\t<div class=\"elementor-widget-container\">\n\t\t\t\t\t<h2 class=\"elementor-heading-title elementor-size-default\">Cristina Silva<span style=\"font-size:1em;color:#ff0500\">.<\/span><\/h2>\t\t\t\t<\/div>\n\t\t\t\t<\/div>\n\t\t\t\t<div class=\"elementor-element elementor-element-2f194544 elementor-widget elementor-widget-heading\" data-id=\"2f194544\" data-element_type=\"widget\" data-e-type=\"widget\" data-widget_type=\"heading.default\">\n\t\t\t\t<div class=\"elementor-widget-container\">\n\t\t\t\t\t<h2 class=\"elementor-heading-title elementor-size-default\">Acabamento<\/h2>\t\t\t\t<\/div>\n\t\t\t\t<\/div>\n\t\t\t\t<div class=\"elementor-element elementor-element-1196490a elementor-widget elementor-widget-text-editor\" data-id=\"1196490a\" data-element_type=\"widget\" data-e-type=\"widget\" data-widget_type=\"text-editor.default\">\n\t\t\t\t<div class=\"elementor-widget-container\">\n\t\t\t\t\t\t\t\t\t<div id=\"idTextPanel\" class=\"jqDnR\"><p>Com uma trajet\u00f3ria diversificada, Cristina estudou inform\u00e1tica e come\u00e7ou a trabalhar ainda enquanto estudava numa empresa de confe\u00e7\u00e3o de bordados. Mais tarde, trabalhou em restaurantes e supermercados mas foi no setor do cal\u00e7ado que construiu uma carreira s\u00f3lida ao longo dos \u00faltimos 23 anos.<\/p><p>Ao longo da sua experi\u00eancia na ind\u00fastria, trabalhou em diversas empresas e desempenhou v\u00e1rias fun\u00e7\u00f5es, destacando-se os 15 anos na empresa Rogil, onde se especializou na \u00e1rea de acabamento, a mesma fun\u00e7\u00e3o que hoje continua a exercer na Shoelutions.<\/p><p>No seu papel atual, Cristina \u00e9 respons\u00e1vel pela verifica\u00e7\u00e3o de qualidade, inspecionando cuidadosamente cada pe\u00e7a de cal\u00e7ado para garantir que n\u00e3o haja defeitos ou falhas, como imperfei\u00e7\u00f5es nas costuras, no acabamento das superf\u00edcies ou no processo de colagem. O seu olhar atento assegura que apenas os produtos que cumprem os mais altos padr\u00f5es de qualidade seguem para a fase final. Al\u00e9m disso, tem um papel essencial no embalamento, garantindo que cada par de cal\u00e7ado seja acondicionado com todo o cuidado para chegar ao cliente em perfeitas condi\u00e7\u00f5es.<\/p><p>Soci\u00e1vel e sempre pronta para partilhar bons momentos com amigos e fam\u00edlia, Cristina dedica-se tamb\u00e9m aos seus animais, pelos quais tem um carinho especial. Sempre que o trabalho permite, gosta de jantar fora, ir ao cinema e ver s\u00e9ries, mas, acima de tudo, sente um enorme orgulho em acompanhar os jogos de futsal do filho e do marido \u2013 momentos especiais que fazem parte da sua vida.<\/p><\/div>\t\t\t\t\t\t\t\t<\/div>\n\t\t\t\t<\/div>\n\t\t\t\t<div class=\"elementor-element elementor-element-44bffcd2 e-transform elementor-widget elementor-widget-heading\" data-id=\"44bffcd2\" data-element_type=\"widget\" data-e-type=\"widget\" data-settings=\"{&quot;_transform_scale_effect_hover&quot;:{&quot;unit&quot;:&quot;px&quot;,&quot;size&quot;:1.1,&quot;sizes&quot;:[]},&quot;_transform_scale_effect_hover_tablet&quot;:{&quot;unit&quot;:&quot;px&quot;,&quot;size&quot;:&quot;&quot;,&quot;sizes&quot;:[]},&quot;_transform_scale_effect_hover_mobile&quot;:{&quot;unit&quot;:&quot;px&quot;,&quot;size&quot;:&quot;&quot;,&quot;sizes&quot;:[]}}\" data-widget_type=\"heading.default\">\n\t\t\t\t<div class=\"elementor-widget-container\">\n\t\t\t\t\t<h5 class=\"elementor-heading-title elementor-size-default\"><a href=\"https:\/\/shoelutions.pt\/pt\/about\/#team\">Ver toda a equipa<span style=\"font-size:1em;color:#ff0500\">.<\/span><\/a><\/h5>\t\t\t\t<\/div>\n\t\t\t\t<\/div>\n\t\t\t\t\t<\/div>\n\t\t<\/div>\n\t\t\t\t\t<\/div>\n\t\t<\/section>\n\t\t\t\t<\/div>","protected":false},"excerpt":{"rendered":"<p>Meet our team Cristina Silva. Finishing With a diversified career, Cristina studied computer science and started working while still at school in an embroidery company. She later worked in restaurants and supermarkets, but it was in the footwear sector that she has built a solid career over the last 23 years. Throughout her experience in [&hellip;]<\/p>\n","protected":false},"author":1,"featured_media":0,"parent":193,"menu_order":0,"comment_status":"closed","ping_status":"closed","template":"","meta":{"_acf_changed":false,"footnotes":""},"categories":[],"tags":[],"class_list":["post-12541","page","type-page","status-publish","hentry"],"acf":[],"_links":{"self":[{"href":"https:\/\/shoelutions.pt\/pt\/wp-json\/wp\/v2\/pages\/12541","targetHints":{"allow":["GET"]}}],"collection":[{"href":"https:\/\/shoelutions.pt\/pt\/wp-json\/wp\/v2\/pages"}],"about":[{"href":"https:\/\/shoelutions.pt\/pt\/wp-json\/wp\/v2\/types\/page"}],"author":[{"embeddable":true,"href":"https:\/\/shoelutions.pt\/pt\/wp-json\/wp\/v2\/users\/1"}],"replies":[{"embeddable":true,"href":"https:\/\/shoelutions.pt\/pt\/wp-json\/wp\/v2\/comments?post=12541"}],"version-history":[{"count":19,"href":"https:\/\/shoelutions.pt\/pt\/wp-json\/wp\/v2\/pages\/12541\/revisions"}],"predecessor-version":[{"id":13131,"href":"https:\/\/shoelutions.pt\/pt\/wp-json\/wp\/v2\/pages\/12541\/revisions\/13131"}],"up":[{"embeddable":true,"href":"https:\/\/shoelutions.pt\/pt\/wp-json\/wp\/v2\/pages\/193"}],"wp:attachment":[{"href":"https:\/\/shoelutions.pt\/pt\/wp-json\/wp\/v2\/media?parent=12541"}],"wp:term":[{"taxonomy":"category","embeddable":true,"href":"https:\/\/shoelutions.pt\/pt\/wp-json\/wp\/v2\/categories?post=12541"},{"taxonomy":"post_tag","embeddable":true,"href":"https:\/\/shoelutions.pt\/pt\/wp-json\/wp\/v2\/tags?post=12541"}],"curies":[{"name":"wp","href":"https:\/\/api.w.org\/{rel}","templated":true}]}}