{"id":12955,"date":"2025-04-02T14:23:06","date_gmt":"2025-04-02T14:23:06","guid":{"rendered":"https:\/\/shoelutions.pt\/?page_id=12955"},"modified":"2026-03-02T12:54:36","modified_gmt":"2026-03-02T12:54:36","slug":"elisabete-monteiro","status":"publish","type":"page","link":"https:\/\/shoelutions.pt\/pt\/about\/elisabete-monteiro\/","title":{"rendered":"Elisabete Monteiro"},"content":{"rendered":"<div data-elementor-type=\"wp-page\" data-elementor-id=\"12955\" class=\"elementor elementor-12955\" data-elementor-post-type=\"page\">\n\t\t\t\t\t\t<section class=\"elementor-section elementor-top-section elementor-element elementor-element-6e94a6d elementor-section-full_width elementor-section-height-default elementor-section-height-default\" data-id=\"6e94a6d\" data-element_type=\"section\" data-e-type=\"section\">\n\t\t\t\t\t\t<div class=\"elementor-container elementor-column-gap-default\">\n\t\t\t\t\t<div class=\"elementor-column elementor-col-100 elementor-top-column elementor-element elementor-element-62857f00\" data-id=\"62857f00\" data-element_type=\"column\" data-e-type=\"column\">\n\t\t\t<div class=\"elementor-widget-wrap elementor-element-populated\">\n\t\t\t\t\t\t<div class=\"elementor-element elementor-element-1ccdb5e2 elementor-widget elementor-widget-heading\" data-id=\"1ccdb5e2\" data-element_type=\"widget\" data-e-type=\"widget\" data-widget_type=\"heading.default\">\n\t\t\t\t<div class=\"elementor-widget-container\">\n\t\t\t\t\t<h2 class=\"elementor-heading-title elementor-size-default\">Conhe\u00e7a a nossa equipa<\/h2>\t\t\t\t<\/div>\n\t\t\t\t<\/div>\n\t\t\t\t\t<\/div>\n\t\t<\/div>\n\t\t\t\t\t<\/div>\n\t\t<\/section>\n\t\t\t\t<section class=\"elementor-section elementor-top-section elementor-element elementor-element-5246bae2 elementor-section-full_width elementor-section-height-default elementor-section-height-default\" data-id=\"5246bae2\" data-element_type=\"section\" data-e-type=\"section\" data-settings=\"{&quot;background_background&quot;:&quot;classic&quot;}\">\n\t\t\t\t\t\t<div class=\"elementor-container elementor-column-gap-no\">\n\t\t\t\t\t<div class=\"elementor-column elementor-col-50 elementor-top-column elementor-element elementor-element-7f72570d\" data-id=\"7f72570d\" data-element_type=\"column\" data-e-type=\"column\">\n\t\t\t<div class=\"elementor-widget-wrap elementor-element-populated\">\n\t\t\t\t\t\t<div class=\"elementor-element elementor-element-a9a7699 elementor-widget elementor-widget-image\" data-id=\"a9a7699\" data-element_type=\"widget\" data-e-type=\"widget\" data-widget_type=\"image.default\">\n\t\t\t\t<div class=\"elementor-widget-container\">\n\t\t\t\t\t\t\t\t\t\t\t\t\t\t\t<img fetchpriority=\"high\" decoding=\"async\" width=\"800\" height=\"800\" src=\"https:\/\/shoelutions.pt\/wp-content\/uploads\/2025\/03\/ElisabeteM-1024x1024.jpg\" class=\"attachment-large size-large wp-image-12871\" alt=\"\" srcset=\"https:\/\/shoelutions.pt\/wp-content\/uploads\/2025\/03\/ElisabeteM-1024x1024.jpg 1024w, https:\/\/shoelutions.pt\/wp-content\/uploads\/2025\/03\/ElisabeteM-300x300.jpg 300w, https:\/\/shoelutions.pt\/wp-content\/uploads\/2025\/03\/ElisabeteM-150x150.jpg 150w, https:\/\/shoelutions.pt\/wp-content\/uploads\/2025\/03\/ElisabeteM-768x768.jpg 768w, https:\/\/shoelutions.pt\/wp-content\/uploads\/2025\/03\/ElisabeteM-12x12.jpg 12w, https:\/\/shoelutions.pt\/wp-content\/uploads\/2025\/03\/ElisabeteM-600x600.jpg 600w, https:\/\/shoelutions.pt\/wp-content\/uploads\/2025\/03\/ElisabeteM-100x100.jpg 100w, https:\/\/shoelutions.pt\/wp-content\/uploads\/2025\/03\/ElisabeteM.jpg 1080w\" sizes=\"(max-width: 800px) 100vw, 800px\" \/>\t\t\t\t\t\t\t\t\t\t\t\t\t\t\t<\/div>\n\t\t\t\t<\/div>\n\t\t\t\t\t<\/div>\n\t\t<\/div>\n\t\t\t\t<div class=\"elementor-column elementor-col-50 elementor-top-column elementor-element elementor-element-507c5aad\" data-id=\"507c5aad\" data-element_type=\"column\" data-e-type=\"column\">\n\t\t\t<div class=\"elementor-widget-wrap elementor-element-populated\">\n\t\t\t\t\t\t<div class=\"elementor-element elementor-element-4c405ea0 elementor-widget elementor-widget-heading\" data-id=\"4c405ea0\" data-element_type=\"widget\" data-e-type=\"widget\" data-widget_type=\"heading.default\">\n\t\t\t\t<div class=\"elementor-widget-container\">\n\t\t\t\t\t<h2 class=\"elementor-heading-title elementor-size-default\">Elisabete Monteiro<span style=\"font-size:1em;color:#ff0500\">.<\/span><\/h2>\t\t\t\t<\/div>\n\t\t\t\t<\/div>\n\t\t\t\t<div class=\"elementor-element elementor-element-38b3d15f elementor-widget elementor-widget-heading\" data-id=\"38b3d15f\" data-element_type=\"widget\" data-e-type=\"widget\" data-widget_type=\"heading.default\">\n\t\t\t\t<div class=\"elementor-widget-container\">\n\t\t\t\t\t<h2 class=\"elementor-heading-title elementor-size-default\">Analista Web e de Relat\u00f3rios<\/h2>\t\t\t\t<\/div>\n\t\t\t\t<\/div>\n\t\t\t\t<div class=\"elementor-element elementor-element-d4bc121 elementor-widget elementor-widget-text-editor\" data-id=\"d4bc121\" data-element_type=\"widget\" data-e-type=\"widget\" data-widget_type=\"text-editor.default\">\n\t\t\t\t<div class=\"elementor-widget-container\">\n\t\t\t\t\t\t\t\t\t<p>Formada em Turismo, Elisabete dedicou quase 15 anos de sua carreira a essa \u00e1rea, a maior parte deles num operador tur\u00edstico espanhol. Como gestora de conta para os pa\u00edses de l\u00edngua portuguesa, as suas responsabilidades eram variadas e desafiadoras, o que a ajudou a aprimorar suas habilidades em \u00e1reas como an\u00e1lise de dados, introdu\u00e7\u00e3o de conte\u00fado, estrat\u00e9gias de posicionamento e a\u00e7\u00f5es de promo\u00e7\u00e3o e vendas.<\/p><p>Em 2017, ela fez uma pausa na carreira profissional, aproveitando a oportunidade para viajar e aprofundar seus conhecimentos em outras \u00e1reas pelas quais era fascinada. Fez v\u00e1rios cursos de fotografia, marketing e web design e decidiu direcionar sua carreira para esta \u00e1rea, juntando-se \u00e0 equipe da Shoelutions em 2020.<\/p><p>Desde ent\u00e3o, \u00e9 respons\u00e1vel por criar e manter os v\u00e1rios sites da empresa e marcas representadas, al\u00e9m de fornecer suporte na cria\u00e7\u00e3o de conte\u00fados e outras estrat\u00e9gias de marketing digital.<\/p><p>Social, mas um pouco introvertida, \u00e9 entre aqueles que conhece melhor que se sente mais confort\u00e1vel. Gosta de viajar e passar tempo com amigos e fam\u00edlia, melhor ainda se puder conciliar os dois. Dan\u00e7ar \u00e9 uma das suas grandes paix\u00f5es, j\u00e1 praticou diferentes estilos e \u00e9 ass\u00eddua em eventos de dan\u00e7a.<\/p><p>O contato com a natureza e os momentos de relaxamento s\u00e3o essenciais para seu bem-estar, e por sempre que pode faz caminhadas nas montanhas ou \u00e0 beira-mar ou passa uma tarde tranquila dedicada a s\u00e9ries, filmes ou livros.<\/p>\t\t\t\t\t\t\t\t<\/div>\n\t\t\t\t<\/div>\n\t\t\t\t<div class=\"elementor-element elementor-element-4fa0e82a e-transform elementor-widget elementor-widget-heading\" data-id=\"4fa0e82a\" data-element_type=\"widget\" data-e-type=\"widget\" data-settings=\"{&quot;_transform_scale_effect_hover&quot;:{&quot;unit&quot;:&quot;px&quot;,&quot;size&quot;:1.1,&quot;sizes&quot;:[]},&quot;_transform_scale_effect_hover_tablet&quot;:{&quot;unit&quot;:&quot;px&quot;,&quot;size&quot;:&quot;&quot;,&quot;sizes&quot;:[]},&quot;_transform_scale_effect_hover_mobile&quot;:{&quot;unit&quot;:&quot;px&quot;,&quot;size&quot;:&quot;&quot;,&quot;sizes&quot;:[]}}\" data-widget_type=\"heading.default\">\n\t\t\t\t<div class=\"elementor-widget-container\">\n\t\t\t\t\t<h5 class=\"elementor-heading-title elementor-size-default\"><a href=\"https:\/\/shoelutions.pt\/pt\/about\/#team\">Ver toda a equipa<span style=\"font-size:1em;color:#ff0500\">.<\/span><\/a><\/h5>\t\t\t\t<\/div>\n\t\t\t\t<\/div>\n\t\t\t\t\t<\/div>\n\t\t<\/div>\n\t\t\t\t\t<\/div>\n\t\t<\/section>\n\t\t\t\t<\/div>","protected":false},"excerpt":{"rendered":"<p>Meet our team Elisabete Monteiro. Web &amp; Report Analyst With a degree in Tourism, Elisabete has dedicated almost 15 years of her career to this area, much of it working for a Spanish Tour Operator.\u00a0 As an account manager for Portuguese-speaking countries, her responsibilities were varied and challenging, which helped her hone her skills in [&hellip;]<\/p>\n","protected":false},"author":1,"featured_media":0,"parent":193,"menu_order":0,"comment_status":"closed","ping_status":"closed","template":"","meta":{"_acf_changed":false,"footnotes":""},"categories":[],"tags":[],"class_list":["post-12955","page","type-page","status-publish","hentry"],"acf":[],"_links":{"self":[{"href":"https:\/\/shoelutions.pt\/pt\/wp-json\/wp\/v2\/pages\/12955","targetHints":{"allow":["GET"]}}],"collection":[{"href":"https:\/\/shoelutions.pt\/pt\/wp-json\/wp\/v2\/pages"}],"about":[{"href":"https:\/\/shoelutions.pt\/pt\/wp-json\/wp\/v2\/types\/page"}],"author":[{"embeddable":true,"href":"https:\/\/shoelutions.pt\/pt\/wp-json\/wp\/v2\/users\/1"}],"replies":[{"embeddable":true,"href":"https:\/\/shoelutions.pt\/pt\/wp-json\/wp\/v2\/comments?post=12955"}],"version-history":[{"count":19,"href":"https:\/\/shoelutions.pt\/pt\/wp-json\/wp\/v2\/pages\/12955\/revisions"}],"predecessor-version":[{"id":14543,"href":"https:\/\/shoelutions.pt\/pt\/wp-json\/wp\/v2\/pages\/12955\/revisions\/14543"}],"up":[{"embeddable":true,"href":"https:\/\/shoelutions.pt\/pt\/wp-json\/wp\/v2\/pages\/193"}],"wp:attachment":[{"href":"https:\/\/shoelutions.pt\/pt\/wp-json\/wp\/v2\/media?parent=12955"}],"wp:term":[{"taxonomy":"category","embeddable":true,"href":"https:\/\/shoelutions.pt\/pt\/wp-json\/wp\/v2\/categories?post=12955"},{"taxonomy":"post_tag","embeddable":true,"href":"https:\/\/shoelutions.pt\/pt\/wp-json\/wp\/v2\/tags?post=12955"}],"curies":[{"name":"wp","href":"https:\/\/api.w.org\/{rel}","templated":true}]}}