{"id":144,"date":"2022-05-25T14:59:48","date_gmt":"2022-05-25T14:59:48","guid":{"rendered":"https:\/\/shoelutions.pt\/project-freakloset\/"},"modified":"2025-02-14T12:07:37","modified_gmt":"2025-02-14T12:07:37","slug":"project-freakloset","status":"publish","type":"page","link":"https:\/\/shoelutions.pt\/pt\/projects\/project-freakloset\/","title":{"rendered":"Freakloset"},"content":{"rendered":"\t\t<div data-elementor-type=\"wp-page\" data-elementor-id=\"144\" class=\"elementor elementor-144\" data-elementor-post-type=\"page\">\n\t\t\t\t\t\t<section class=\"elementor-section elementor-top-section elementor-element elementor-element-3b2488d7 elementor-section-full_width elementor-section-height-min-height elementor-section-height-default elementor-section-items-middle\" data-id=\"3b2488d7\" data-element_type=\"section\" data-e-type=\"section\" data-settings=\"{&quot;background_background&quot;:&quot;classic&quot;}\">\n\t\t\t\t\t\t\t<div class=\"elementor-background-overlay\"><\/div>\n\t\t\t\t\t\t\t<div class=\"elementor-container elementor-column-gap-default\">\n\t\t\t\t\t<div class=\"elementor-column elementor-col-100 elementor-top-column elementor-element elementor-element-56cd6096 elementor-invisible\" data-id=\"56cd6096\" data-element_type=\"column\" data-e-type=\"column\" data-settings=\"{&quot;animation&quot;:&quot;zoomIn&quot;}\">\n\t\t\t<div class=\"elementor-widget-wrap\">\n\t\t\t\t\t\t\t<\/div>\n\t\t<\/div>\n\t\t\t\t\t<\/div>\n\t\t<\/section>\n\t\t\t\t<section class=\"elementor-section elementor-top-section elementor-element elementor-element-500edcfd elementor-section-full_width elementor-section-height-default elementor-section-height-default\" data-id=\"500edcfd\" data-element_type=\"section\" data-e-type=\"section\">\n\t\t\t\t\t\t<div class=\"elementor-container elementor-column-gap-default\">\n\t\t\t\t\t<div class=\"elementor-column elementor-col-100 elementor-top-column elementor-element elementor-element-3cc34481\" data-id=\"3cc34481\" data-element_type=\"column\" data-e-type=\"column\">\n\t\t\t<div class=\"elementor-widget-wrap elementor-element-populated\">\n\t\t\t\t\t\t<div class=\"elementor-element elementor-element-1bb3043 elementor-position-inline-start elementor-mobile-position-inline-start elementor-view-default elementor-widget elementor-widget-icon-box\" data-id=\"1bb3043\" data-element_type=\"widget\" data-e-type=\"widget\" data-widget_type=\"icon-box.default\">\n\t\t\t\t<div class=\"elementor-widget-container\">\n\t\t\t\t\t\t\t<div class=\"elementor-icon-box-wrapper\">\n\n\t\t\t\t\t\t<div class=\"elementor-icon-box-icon\">\n\t\t\t\t<a href=\"https:\/\/shoelutions.pt\/projects\/\" class=\"elementor-icon\" tabindex=\"-1\" aria-label=\"Back\">\n\t\t\t\t<i aria-hidden=\"true\" class=\"fas fa-angle-left\"><\/i>\t\t\t\t<\/a>\n\t\t\t<\/div>\n\t\t\t\n\t\t\t\t\t\t<div class=\"elementor-icon-box-content\">\n\n\t\t\t\t\t\t\t\t\t<h3 class=\"elementor-icon-box-title\">\n\t\t\t\t\t\t<a href=\"https:\/\/shoelutions.pt\/projects\/\" >\n\t\t\t\t\t\t\tBack\t\t\t\t\t\t<\/a>\n\t\t\t\t\t<\/h3>\n\t\t\t\t\n\t\t\t\t\n\t\t\t<\/div>\n\t\t\t\n\t\t<\/div>\n\t\t\t\t\t\t<\/div>\n\t\t\t\t<\/div>\n\t\t\t\t<div class=\"elementor-element elementor-element-15c23cbb elementor-widget elementor-widget-heading\" data-id=\"15c23cbb\" data-element_type=\"widget\" data-e-type=\"widget\" data-widget_type=\"heading.default\">\n\t\t\t\t<div class=\"elementor-widget-container\">\n\t\t\t\t\t<h2 class=\"elementor-heading-title elementor-size-default\">Work \/  <font color=\"#E81313\"> Freakloset<\/font><\/h2>\t\t\t\t<\/div>\n\t\t\t\t<\/div>\n\t\t\t\t\t<\/div>\n\t\t<\/div>\n\t\t\t\t\t<\/div>\n\t\t<\/section>\n\t\t\t\t<section class=\"elementor-section elementor-top-section elementor-element elementor-element-6adebf64 elementor-section-height-min-height elementor-section-full_width elementor-section-height-default elementor-section-items-middle\" data-id=\"6adebf64\" data-element_type=\"section\" data-e-type=\"section\" data-settings=\"{&quot;background_background&quot;:&quot;classic&quot;}\">\n\t\t\t\t\t\t<div class=\"elementor-container elementor-column-gap-no\">\n\t\t\t\t\t<div class=\"elementor-column elementor-col-100 elementor-top-column elementor-element elementor-element-47680a7e\" data-id=\"47680a7e\" data-element_type=\"column\" data-e-type=\"column\">\n\t\t\t<div class=\"elementor-widget-wrap elementor-element-populated\">\n\t\t\t\t\t\t<div class=\"elementor-element elementor-element-b143ded elementor-widget elementor-widget-text-editor\" data-id=\"b143ded\" data-element_type=\"widget\" data-e-type=\"widget\" data-widget_type=\"text-editor.default\">\n\t\t\t\t<div class=\"elementor-widget-container\">\n\t\t\t\t\t\t\t\t\t<p>Original interpretation and redesign of some of the most representative and classic shoe models.<\/p>\t\t\t\t\t\t\t\t<\/div>\n\t\t\t\t<\/div>\n\t\t\t\t\t<\/div>\n\t\t<\/div>\n\t\t\t\t\t<\/div>\n\t\t<\/section>\n\t\t\t\t<section class=\"elementor-section elementor-top-section elementor-element elementor-element-7e54a72 elementor-section-full_width elementor-section-height-default elementor-section-height-default\" data-id=\"7e54a72\" data-element_type=\"section\" data-e-type=\"section\">\n\t\t\t\t\t\t<div class=\"elementor-container elementor-column-gap-no\">\n\t\t\t\t\t<div class=\"elementor-column elementor-col-50 elementor-top-column elementor-element elementor-element-8b72d4f\" data-id=\"8b72d4f\" data-element_type=\"column\" data-e-type=\"column\">\n\t\t\t<div class=\"elementor-widget-wrap elementor-element-populated\">\n\t\t\t\t\t\t<div class=\"elementor-element elementor-element-23abeb6 elementor-invisible elementor-widget elementor-widget-text-editor\" data-id=\"23abeb6\" data-element_type=\"widget\" data-e-type=\"widget\" data-settings=\"{&quot;_animation&quot;:&quot;slideInLeft&quot;}\" data-widget_type=\"text-editor.default\">\n\t\t\t\t<div class=\"elementor-widget-container\">\n\t\t\t\t\t\t\t\t\t<p><strong>Design &amp; Engineering\u00a0<\/strong><span style=\"font-size: 0.85em;\">Technical Design <\/span><br \/><strong>Prototypes <\/strong><span style=\"font-size: 0.85em;\">Samples<\/span><br \/><strong>Production <\/strong><span style=\"font-size: 0.85em;\">Manufacture, Quality Control<\/span><\/p>\t\t\t\t\t\t\t\t<\/div>\n\t\t\t\t<\/div>\n\t\t\t\t\t<\/div>\n\t\t<\/div>\n\t\t\t\t<div class=\"elementor-column elementor-col-50 elementor-top-column elementor-element elementor-element-ed7cd74\" data-id=\"ed7cd74\" data-element_type=\"column\" data-e-type=\"column\">\n\t\t\t<div class=\"elementor-widget-wrap elementor-element-populated\">\n\t\t\t\t\t\t<div class=\"elementor-element elementor-element-f031aab elementor-widget elementor-widget-text-editor\" data-id=\"f031aab\" data-element_type=\"widget\" data-e-type=\"widget\" data-widget_type=\"text-editor.default\">\n\t\t\t\t<div class=\"elementor-widget-container\">\n\t\t\t\t\t\t\t\t\t<p>Freakloset brings the classic and the contemporary together with comprehensive designs and singular creations.<\/p><p>We work in the patterns, prototype and manufacture of the models they have envisioned.<\/p>\t\t\t\t\t\t\t\t<\/div>\n\t\t\t\t<\/div>\n\t\t\t\t<div class=\"elementor-element elementor-element-8a73157 elementor-widget elementor-widget-toggle\" data-id=\"8a73157\" data-element_type=\"widget\" data-e-type=\"widget\" data-widget_type=\"toggle.default\">\n\t\t\t\t<div class=\"elementor-widget-container\">\n\t\t\t\t\t\t\t<div class=\"elementor-toggle\">\n\t\t\t\t\t\t\t<div class=\"elementor-toggle-item\">\n\t\t\t\t\t<div id=\"elementor-tab-title-1451\" class=\"elementor-tab-title\" data-tab=\"1\" role=\"button\" aria-controls=\"elementor-tab-content-1451\" aria-expanded=\"false\">\n\t\t\t\t\t\t\t\t\t\t\t\t<span class=\"elementor-toggle-icon elementor-toggle-icon-left\" aria-hidden=\"true\">\n\t\t\t\t\t\t\t\t\t\t\t\t\t\t\t<span class=\"elementor-toggle-icon-closed\"><i class=\"fas fa-caret-down\"><\/i><\/span>\n\t\t\t\t\t\t\t\t<span class=\"elementor-toggle-icon-opened\"><i class=\"elementor-toggle-icon-opened fas fa-caret-up\"><\/i><\/span>\n\t\t\t\t\t\t\t\t\t\t\t\t\t<\/span>\n\t\t\t\t\t\t\t\t\t\t\t\t<a class=\"elementor-toggle-title\" tabindex=\"0\">How we did it?<\/a>\n\t\t\t\t\t<\/div>\n\n\t\t\t\t\t<div id=\"elementor-tab-content-1451\" class=\"elementor-tab-content elementor-clearfix\" data-tab=\"1\" role=\"region\" aria-labelledby=\"elementor-tab-title-1451\"><p>Freakloset was looking for a partner who could develop their designs and ensure the production of customized shoes.<\/p><p>Based on the design they presented to us, we did the patterns and technical design of the shoes.<\/p><p>The production is done by us, and the fact that these are custom shoes and the orders are placed pair by pair, requires us to carefully manage materials and produce each pair quickly and efficiently in order to deliver them within eight days.<\/p><\/div>\n\t\t\t\t<\/div>\n\t\t\t\t\t\t\t\t\t\t<script type=\"application\/ld+json\">{\"@context\":\"https:\\\/\\\/schema.org\",\"@type\":\"FAQPage\",\"mainEntity\":[{\"@type\":\"Question\",\"name\":\"How we did it?\",\"acceptedAnswer\":{\"@type\":\"Answer\",\"text\":\"<p>Freakloset was looking for a partner who could develop their designs and ensure the production of customized shoes.<\\\/p><p>Based on the design they presented to us, we did the patterns and technical design of the shoes.<\\\/p><p>The production is done by us, and the fact that these are custom shoes and the orders are placed pair by pair, requires us to carefully manage materials and produce each pair quickly and efficiently in order to deliver them within eight days.<\\\/p>\"}}]}<\/script>\n\t\t\t\t\t<\/div>\n\t\t\t\t\t\t<\/div>\n\t\t\t\t<\/div>\n\t\t\t\t\t<\/div>\n\t\t<\/div>\n\t\t\t\t\t<\/div>\n\t\t<\/section>\n\t\t\t\t<section class=\"elementor-section elementor-top-section elementor-element elementor-element-8325792 elementor-section-full_width elementor-section-height-default elementor-section-height-default\" data-id=\"8325792\" data-element_type=\"section\" data-e-type=\"section\">\n\t\t\t\t\t\t<div class=\"elementor-container elementor-column-gap-no\">\n\t\t\t\t\t<div class=\"elementor-column elementor-col-100 elementor-top-column elementor-element elementor-element-e9fd5f9\" data-id=\"e9fd5f9\" data-element_type=\"column\" data-e-type=\"column\">\n\t\t\t<div class=\"elementor-widget-wrap elementor-element-populated\">\n\t\t\t\t\t\t<div class=\"elementor-element elementor-element-765d843 elementor-widget-divider--view-line elementor-widget elementor-widget-divider\" data-id=\"765d843\" data-element_type=\"widget\" data-e-type=\"widget\" data-widget_type=\"divider.default\">\n\t\t\t\t<div class=\"elementor-widget-container\">\n\t\t\t\t\t\t\t<div class=\"elementor-divider\">\n\t\t\t<span class=\"elementor-divider-separator\">\n\t\t\t\t\t\t<\/span>\n\t\t<\/div>\n\t\t\t\t\t\t<\/div>\n\t\t\t\t<\/div>\n\t\t\t\t\t<\/div>\n\t\t<\/div>\n\t\t\t\t\t<\/div>\n\t\t<\/section>\n\t\t\t\t<section class=\"elementor-section elementor-top-section elementor-element elementor-element-1a079a1 elementor-section-full_width elementor-section-height-default elementor-section-height-default\" data-id=\"1a079a1\" data-element_type=\"section\" data-e-type=\"section\">\n\t\t\t\t\t\t<div class=\"elementor-container elementor-column-gap-default\">\n\t\t\t\t\t<div class=\"elementor-column elementor-col-100 elementor-top-column elementor-element elementor-element-bbe0e78\" data-id=\"bbe0e78\" data-element_type=\"column\" data-e-type=\"column\">\n\t\t\t<div class=\"elementor-widget-wrap elementor-element-populated\">\n\t\t\t\t\t\t<div class=\"elementor-element elementor-element-7c7035b elementor-widget elementor-widget-heading\" data-id=\"7c7035b\" data-element_type=\"widget\" data-e-type=\"widget\" data-widget_type=\"heading.default\">\n\t\t\t\t<div class=\"elementor-widget-container\">\n\t\t\t\t\t<h2 class=\"elementor-heading-title elementor-size-default\">Development Services<\/h2>\t\t\t\t<\/div>\n\t\t\t\t<\/div>\n\t\t\t\t<div class=\"elementor-element elementor-element-5150cf2 elementor-widget elementor-widget-heading\" data-id=\"5150cf2\" data-element_type=\"widget\" data-e-type=\"widget\" data-widget_type=\"heading.default\">\n\t\t\t\t<div class=\"elementor-widget-container\">\n\t\t\t\t\t<h5 class=\"elementor-heading-title elementor-size-default\"><span style=\"font-size:2em;color:#ff0500\">.<\/span>Design and Engineering<\/h5>\t\t\t\t<\/div>\n\t\t\t\t<\/div>\n\t\t\t\t<div class=\"elementor-element elementor-element-47fc600 elementor-widget elementor-widget-gallery\" data-id=\"47fc600\" data-element_type=\"widget\" data-e-type=\"widget\" data-settings=\"{&quot;columns&quot;:2,&quot;aspect_ratio&quot;:&quot;1:1&quot;,&quot;gallery_layout&quot;:&quot;grid&quot;,&quot;columns_tablet&quot;:2,&quot;columns_mobile&quot;:1,&quot;gap&quot;:{&quot;unit&quot;:&quot;px&quot;,&quot;size&quot;:10,&quot;sizes&quot;:[]},&quot;gap_tablet&quot;:{&quot;unit&quot;:&quot;px&quot;,&quot;size&quot;:10,&quot;sizes&quot;:[]},&quot;gap_mobile&quot;:{&quot;unit&quot;:&quot;px&quot;,&quot;size&quot;:10,&quot;sizes&quot;:[]},&quot;link_to&quot;:&quot;file&quot;,&quot;content_hover_animation&quot;:&quot;fade-in&quot;}\" data-widget_type=\"gallery.default\">\n\t\t\t\t<div class=\"elementor-widget-container\">\n\t\t\t\t\t\t\t<div class=\"elementor-gallery__container\">\n\t\t\t\t\t\t\t<a class=\"e-gallery-item elementor-gallery-item elementor-animated-content\" href=\"https:\/\/shoelutions.pt\/wp-content\/uploads\/2022\/07\/Freakloset-patterns.jpg\" data-elementor-open-lightbox=\"yes\" data-elementor-lightbox-slideshow=\"47fc600\" data-elementor-lightbox-title=\"Freakloset Footwear Rita Derby Patterns\" data-e-action-hash=\"#elementor-action%3Aaction%3Dlightbox%26settings%3DeyJpZCI6MzY0NywidXJsIjoiaHR0cHM6XC9cL3Nob2VsdXRpb25zLnB0XC93cC1jb250ZW50XC91cGxvYWRzXC8yMDIyXC8wN1wvRnJlYWtsb3NldC1wYXR0ZXJucy5qcGciLCJzbGlkZXNob3ciOiI0N2ZjNjAwIn0%3D\">\n\t\t\t\t\t<div class=\"e-gallery-image elementor-gallery-item__image\" data-thumbnail=\"https:\/\/shoelutions.pt\/wp-content\/uploads\/2022\/07\/Freakloset-patterns-1024x1024.jpg\" data-width=\"800\" data-height=\"800\" aria-label=\"\" role=\"img\" ><\/div>\n\t\t\t\t\t\t\t\t\t\t\t\t\t\t<\/a>\n\t\t\t\t\t\t\t<a class=\"e-gallery-item elementor-gallery-item elementor-animated-content\" href=\"https:\/\/shoelutions.pt\/wp-content\/uploads\/2022\/07\/freakloset-rita-derby.jpg\" data-elementor-open-lightbox=\"yes\" data-elementor-lightbox-slideshow=\"47fc600\" data-elementor-lightbox-title=\"Freakloset Footwear Rita Derby\" data-e-action-hash=\"#elementor-action%3Aaction%3Dlightbox%26settings%3DeyJpZCI6MzY0OCwidXJsIjoiaHR0cHM6XC9cL3Nob2VsdXRpb25zLnB0XC93cC1jb250ZW50XC91cGxvYWRzXC8yMDIyXC8wN1wvZnJlYWtsb3NldC1yaXRhLWRlcmJ5LmpwZyIsInNsaWRlc2hvdyI6IjQ3ZmM2MDAifQ%3D%3D\">\n\t\t\t\t\t<div class=\"e-gallery-image elementor-gallery-item__image\" data-thumbnail=\"https:\/\/shoelutions.pt\/wp-content\/uploads\/2022\/07\/freakloset-rita-derby-683x1024.jpg\" data-width=\"683\" data-height=\"1024\" aria-label=\"\" role=\"img\" ><\/div>\n\t\t\t\t\t\t\t\t\t\t\t\t\t\t<\/a>\n\t\t\t\t\t<\/div>\n\t\t\t\t\t<\/div>\n\t\t\t\t<\/div>\n\t\t\t\t<div class=\"elementor-element elementor-element-380a95e elementor-widget elementor-widget-heading\" data-id=\"380a95e\" data-element_type=\"widget\" data-e-type=\"widget\" data-widget_type=\"heading.default\">\n\t\t\t\t<div class=\"elementor-widget-container\">\n\t\t\t\t\t<h5 class=\"elementor-heading-title elementor-size-default\"><span style=\"font-size:2em;color:#ff0500\">.<\/span>Shoe Production<\/h5>\t\t\t\t<\/div>\n\t\t\t\t<\/div>\n\t\t\t\t<div class=\"elementor-element elementor-element-e9d4b69 elementor-widget elementor-widget-video\" data-id=\"e9d4b69\" data-element_type=\"widget\" data-e-type=\"widget\" data-settings=\"{&quot;start&quot;:0,&quot;autoplay&quot;:&quot;yes&quot;,&quot;mute&quot;:&quot;yes&quot;,&quot;loop&quot;:&quot;yes&quot;,&quot;video_type&quot;:&quot;vimeo&quot;,&quot;play_on_mobile&quot;:&quot;yes&quot;}\" data-widget_type=\"video.default\">\n\t\t\t\t<div class=\"elementor-widget-container\">\n\t\t\t\t\t\t\t<div class=\"elementor-wrapper elementor-open-inline\">\n\t\t\t<iframe class=\"elementor-video-iframe\" allowfullscreen allow=\"autoplay\" title=\"vimeo Video Player\" src=\"https:\/\/player.vimeo.com\/video\/241686641?autoplay=1&amp;playsinline=1&amp;color&amp;autopause=0&amp;loop=1&amp;muted=1&amp;title=0&amp;portrait=0&amp;byline=0#t=\"><\/iframe>\t\t<\/div>\n\t\t\t\t\t\t<\/div>\n\t\t\t\t<\/div>\n\t\t\t\t<div class=\"elementor-element elementor-element-bb193b2 elementor-widget-divider--view-line_icon elementor-widget-divider--element-align-right elementor-view-default elementor-widget elementor-widget-divider\" data-id=\"bb193b2\" data-element_type=\"widget\" data-e-type=\"widget\" data-widget_type=\"divider.default\">\n\t\t\t\t<div class=\"elementor-widget-container\">\n\t\t\t\t\t\t\t<div class=\"elementor-divider\">\n\t\t\t<span class=\"elementor-divider-separator\">\n\t\t\t\t\t\t\t<div class=\"elementor-icon elementor-divider__element\">\n\t\t\t\t\t<svg xmlns=\"http:\/\/www.w3.org\/2000\/svg\" id=\"ed0c6f2e-f3b4-4f37-8804-2fb9d8634d81\" data-name=\"Camada 1\" viewBox=\"0 0 55 55\"><defs><style>.b7c99303-7440-4343-be86-0ceeb4f85aa7{fill:red;}<\/style><\/defs><circle class=\"b7c99303-7440-4343-be86-0ceeb4f85aa7\" cx=\"27.5\" cy=\"27.5\" r=\"27\"><\/circle><path class=\"b7c99303-7440-4343-be86-0ceeb4f85aa7\" d=\"M50.5,35A26.5,26.5,0,1,1,24,61.5,26.53,26.53,0,0,1,50.5,35m0-1A27.5,27.5,0,1,0,78,61.5,27.5,27.5,0,0,0,50.5,34Z\" transform=\"translate(-23 -34)\"><\/path><\/svg><\/div>\n\t\t\t\t\t\t<\/span>\n\t\t<\/div>\n\t\t\t\t\t\t<\/div>\n\t\t\t\t<\/div>\n\t\t\t\t<div class=\"elementor-element elementor-element-57d8a4a elementor-widget elementor-widget-gallery\" data-id=\"57d8a4a\" data-element_type=\"widget\" data-e-type=\"widget\" data-settings=\"{&quot;gallery_layout&quot;:&quot;masonry&quot;,&quot;gap&quot;:{&quot;unit&quot;:&quot;px&quot;,&quot;size&quot;:30,&quot;sizes&quot;:[]},&quot;columns&quot;:4,&quot;columns_tablet&quot;:2,&quot;columns_mobile&quot;:1,&quot;gap_tablet&quot;:{&quot;unit&quot;:&quot;px&quot;,&quot;size&quot;:10,&quot;sizes&quot;:[]},&quot;gap_mobile&quot;:{&quot;unit&quot;:&quot;px&quot;,&quot;size&quot;:10,&quot;sizes&quot;:[]},&quot;link_to&quot;:&quot;file&quot;,&quot;content_hover_animation&quot;:&quot;fade-in&quot;}\" data-widget_type=\"gallery.default\">\n\t\t\t\t<div class=\"elementor-widget-container\">\n\t\t\t\t\t\t\t<div class=\"elementor-gallery__container\">\n\t\t\t\t\t\t\t<a class=\"e-gallery-item elementor-gallery-item elementor-animated-content\" href=\"https:\/\/shoelutions.pt\/wp-content\/uploads\/2022\/07\/FREAKLOSET2.jpg\" data-elementor-open-lightbox=\"yes\" data-elementor-lightbox-slideshow=\"57d8a4a\" data-elementor-lightbox-title=\"Freakloset Footwear\" data-e-action-hash=\"#elementor-action%3Aaction%3Dlightbox%26settings%3DeyJpZCI6MzY1NSwidXJsIjoiaHR0cHM6XC9cL3Nob2VsdXRpb25zLnB0XC93cC1jb250ZW50XC91cGxvYWRzXC8yMDIyXC8wN1wvRlJFQUtMT1NFVDIuanBnIiwic2xpZGVzaG93IjoiNTdkOGE0YSJ9\">\n\t\t\t\t\t<div class=\"e-gallery-image elementor-gallery-item__image\" data-thumbnail=\"https:\/\/shoelutions.pt\/wp-content\/uploads\/2022\/07\/FREAKLOSET2-1024x342.jpg\" data-width=\"800\" data-height=\"267\" aria-label=\"\" role=\"img\" ><\/div>\n\t\t\t\t\t\t\t\t\t\t\t\t\t\t<\/a>\n\t\t\t\t\t\t\t<a class=\"e-gallery-item elementor-gallery-item elementor-animated-content\" href=\"https:\/\/shoelutions.pt\/wp-content\/uploads\/2022\/07\/FREAKLOSET3.jpg\" data-elementor-open-lightbox=\"yes\" data-elementor-lightbox-slideshow=\"57d8a4a\" data-elementor-lightbox-title=\"Freakloset Footwear\" data-e-action-hash=\"#elementor-action%3Aaction%3Dlightbox%26settings%3DeyJpZCI6MzY1NiwidXJsIjoiaHR0cHM6XC9cL3Nob2VsdXRpb25zLnB0XC93cC1jb250ZW50XC91cGxvYWRzXC8yMDIyXC8wN1wvRlJFQUtMT1NFVDMuanBnIiwic2xpZGVzaG93IjoiNTdkOGE0YSJ9\">\n\t\t\t\t\t<div class=\"e-gallery-image elementor-gallery-item__image\" data-thumbnail=\"https:\/\/shoelutions.pt\/wp-content\/uploads\/2022\/07\/FREAKLOSET3-1024x683.jpg\" data-width=\"800\" data-height=\"534\" aria-label=\"\" role=\"img\" ><\/div>\n\t\t\t\t\t\t\t\t\t\t\t\t\t\t<\/a>\n\t\t\t\t\t\t\t<a class=\"e-gallery-item elementor-gallery-item elementor-animated-content\" href=\"https:\/\/shoelutions.pt\/wp-content\/uploads\/2022\/07\/FREAKLOSET4.jpg\" data-elementor-open-lightbox=\"yes\" data-elementor-lightbox-slideshow=\"57d8a4a\" data-elementor-lightbox-title=\"Freakloset Footwear\" data-e-action-hash=\"#elementor-action%3Aaction%3Dlightbox%26settings%3DeyJpZCI6MzY1NywidXJsIjoiaHR0cHM6XC9cL3Nob2VsdXRpb25zLnB0XC93cC1jb250ZW50XC91cGxvYWRzXC8yMDIyXC8wN1wvRlJFQUtMT1NFVDQuanBnIiwic2xpZGVzaG93IjoiNTdkOGE0YSJ9\">\n\t\t\t\t\t<div class=\"e-gallery-image elementor-gallery-item__image\" data-thumbnail=\"https:\/\/shoelutions.pt\/wp-content\/uploads\/2022\/07\/FREAKLOSET4-1024x683.jpg\" data-width=\"800\" data-height=\"534\" aria-label=\"\" role=\"img\" ><\/div>\n\t\t\t\t\t\t\t\t\t\t\t\t\t\t<\/a>\n\t\t\t\t\t\t\t<a class=\"e-gallery-item elementor-gallery-item elementor-animated-content\" href=\"https:\/\/shoelutions.pt\/wp-content\/uploads\/2022\/07\/FREAKLOSET5.jpg\" data-elementor-open-lightbox=\"yes\" data-elementor-lightbox-slideshow=\"57d8a4a\" data-elementor-lightbox-title=\"Freakloset Footwear\" data-e-action-hash=\"#elementor-action%3Aaction%3Dlightbox%26settings%3DeyJpZCI6MzY1OCwidXJsIjoiaHR0cHM6XC9cL3Nob2VsdXRpb25zLnB0XC93cC1jb250ZW50XC91cGxvYWRzXC8yMDIyXC8wN1wvRlJFQUtMT1NFVDUuanBnIiwic2xpZGVzaG93IjoiNTdkOGE0YSJ9\">\n\t\t\t\t\t<div class=\"e-gallery-image elementor-gallery-item__image\" data-thumbnail=\"https:\/\/shoelutions.pt\/wp-content\/uploads\/2022\/07\/FREAKLOSET5-1024x683.jpg\" data-width=\"800\" data-height=\"534\" aria-label=\"\" role=\"img\" ><\/div>\n\t\t\t\t\t\t\t\t\t\t\t\t\t\t<\/a>\n\t\t\t\t\t\t\t<a class=\"e-gallery-item elementor-gallery-item elementor-animated-content\" href=\"https:\/\/shoelutions.pt\/wp-content\/uploads\/2022\/07\/FREAKLOSET6.jpg\" data-elementor-open-lightbox=\"yes\" data-elementor-lightbox-slideshow=\"57d8a4a\" data-elementor-lightbox-title=\"Freakloset Footwear\" data-e-action-hash=\"#elementor-action%3Aaction%3Dlightbox%26settings%3DeyJpZCI6MzY1OSwidXJsIjoiaHR0cHM6XC9cL3Nob2VsdXRpb25zLnB0XC93cC1jb250ZW50XC91cGxvYWRzXC8yMDIyXC8wN1wvRlJFQUtMT1NFVDYuanBnIiwic2xpZGVzaG93IjoiNTdkOGE0YSJ9\">\n\t\t\t\t\t<div class=\"e-gallery-image elementor-gallery-item__image\" data-thumbnail=\"https:\/\/shoelutions.pt\/wp-content\/uploads\/2022\/07\/FREAKLOSET6-1024x683.jpg\" data-width=\"800\" data-height=\"534\" aria-label=\"\" role=\"img\" ><\/div>\n\t\t\t\t\t\t\t\t\t\t\t\t\t\t<\/a>\n\t\t\t\t\t\t\t<a class=\"e-gallery-item elementor-gallery-item elementor-animated-content\" href=\"https:\/\/shoelutions.pt\/wp-content\/uploads\/2022\/07\/FREAKLOSET7.jpg\" data-elementor-open-lightbox=\"yes\" data-elementor-lightbox-slideshow=\"57d8a4a\" data-elementor-lightbox-title=\"Freakloset Footwear\" data-e-action-hash=\"#elementor-action%3Aaction%3Dlightbox%26settings%3DeyJpZCI6MzY2MCwidXJsIjoiaHR0cHM6XC9cL3Nob2VsdXRpb25zLnB0XC93cC1jb250ZW50XC91cGxvYWRzXC8yMDIyXC8wN1wvRlJFQUtMT1NFVDcuanBnIiwic2xpZGVzaG93IjoiNTdkOGE0YSJ9\">\n\t\t\t\t\t<div class=\"e-gallery-image elementor-gallery-item__image\" data-thumbnail=\"https:\/\/shoelutions.pt\/wp-content\/uploads\/2022\/07\/FREAKLOSET7-1024x683.jpg\" data-width=\"800\" data-height=\"534\" aria-label=\"\" role=\"img\" ><\/div>\n\t\t\t\t\t\t\t\t\t\t\t\t\t\t<\/a>\n\t\t\t\t\t\t\t<a class=\"e-gallery-item elementor-gallery-item elementor-animated-content\" href=\"https:\/\/shoelutions.pt\/wp-content\/uploads\/2022\/07\/FREAKLOSET9.jpg\" data-elementor-open-lightbox=\"yes\" data-elementor-lightbox-slideshow=\"57d8a4a\" data-elementor-lightbox-title=\"Freakloset Footwear\" data-e-action-hash=\"#elementor-action%3Aaction%3Dlightbox%26settings%3DeyJpZCI6MzY2MSwidXJsIjoiaHR0cHM6XC9cL3Nob2VsdXRpb25zLnB0XC93cC1jb250ZW50XC91cGxvYWRzXC8yMDIyXC8wN1wvRlJFQUtMT1NFVDkuanBnIiwic2xpZGVzaG93IjoiNTdkOGE0YSJ9\">\n\t\t\t\t\t<div class=\"e-gallery-image elementor-gallery-item__image\" data-thumbnail=\"https:\/\/shoelutions.pt\/wp-content\/uploads\/2022\/07\/FREAKLOSET9-1024x683.jpg\" data-width=\"800\" data-height=\"534\" aria-label=\"\" role=\"img\" ><\/div>\n\t\t\t\t\t\t\t\t\t\t\t\t\t\t<\/a>\n\t\t\t\t\t<\/div>\n\t\t\t\t\t<\/div>\n\t\t\t\t<\/div>\n\t\t\t\t\t<\/div>\n\t\t<\/div>\n\t\t\t\t\t<\/div>\n\t\t<\/section>\n\t\t\t\t<\/div>\n\t\t","protected":false},"excerpt":{"rendered":"<p>Modela\u00e7\u00e3o, prot\u00f3tipos e fabrico para uma marca de cal\u00e7ado not\u00e1vel e provocante.<\/p>","protected":false},"author":1,"featured_media":286,"parent":5534,"menu_order":0,"comment_status":"closed","ping_status":"closed","template":"","meta":{"_acf_changed":false,"footnotes":""},"categories":[17,406,407],"tags":[409],"class_list":["post-144","page","type-page","status-publish","has-post-thumbnail","hentry","category-project","category-project-branding","category-project-development","tag-sneakers"],"acf":[],"_links":{"self":[{"href":"https:\/\/shoelutions.pt\/pt\/wp-json\/wp\/v2\/pages\/144","targetHints":{"allow":["GET"]}}],"collection":[{"href":"https:\/\/shoelutions.pt\/pt\/wp-json\/wp\/v2\/pages"}],"about":[{"href":"https:\/\/shoelutions.pt\/pt\/wp-json\/wp\/v2\/types\/page"}],"author":[{"embeddable":true,"href":"https:\/\/shoelutions.pt\/pt\/wp-json\/wp\/v2\/users\/1"}],"replies":[{"embeddable":true,"href":"https:\/\/shoelutions.pt\/pt\/wp-json\/wp\/v2\/comments?post=144"}],"version-history":[{"count":72,"href":"https:\/\/shoelutions.pt\/pt\/wp-json\/wp\/v2\/pages\/144\/revisions"}],"predecessor-version":[{"id":12297,"href":"https:\/\/shoelutions.pt\/pt\/wp-json\/wp\/v2\/pages\/144\/revisions\/12297"}],"up":[{"embeddable":true,"href":"https:\/\/shoelutions.pt\/pt\/wp-json\/wp\/v2\/pages\/5534"}],"wp:featuredmedia":[{"embeddable":true,"href":"https:\/\/shoelutions.pt\/pt\/wp-json\/wp\/v2\/media\/286"}],"wp:attachment":[{"href":"https:\/\/shoelutions.pt\/pt\/wp-json\/wp\/v2\/media?parent=144"}],"wp:term":[{"taxonomy":"category","embeddable":true,"href":"https:\/\/shoelutions.pt\/pt\/wp-json\/wp\/v2\/categories?post=144"},{"taxonomy":"post_tag","embeddable":true,"href":"https:\/\/shoelutions.pt\/pt\/wp-json\/wp\/v2\/tags?post=144"}],"curies":[{"name":"wp","href":"https:\/\/api.w.org\/{rel}","templated":true}]}}