{"id":4390,"date":"2022-08-02T13:49:46","date_gmt":"2022-08-02T13:49:46","guid":{"rendered":"https:\/\/shoelutions.pt\/?page_id=4390"},"modified":"2025-02-14T00:47:43","modified_gmt":"2025-02-14T00:47:43","slug":"project-mariano","status":"publish","type":"page","link":"https:\/\/shoelutions.pt\/pt\/projects\/project-mariano\/","title":{"rendered":"Mariano"},"content":{"rendered":"<div data-elementor-type=\"wp-page\" data-elementor-id=\"4390\" class=\"elementor elementor-4390\" data-elementor-post-type=\"page\">\n\t\t\t\t\t\t<section class=\"elementor-section elementor-top-section elementor-element elementor-element-5dad01ee elementor-section-full_width elementor-section-items-stretch elementor-section-height-min-height elementor-section-height-default\" data-id=\"5dad01ee\" data-element_type=\"section\" data-e-type=\"section\" data-settings=\"{&quot;background_background&quot;:&quot;classic&quot;}\">\n\t\t\t\t\t\t\t<div class=\"elementor-background-overlay\"><\/div>\n\t\t\t\t\t\t\t<div class=\"elementor-container elementor-column-gap-no\">\n\t\t\t\t\t<div class=\"elementor-column elementor-col-100 elementor-top-column elementor-element elementor-element-502c693c elementor-invisible\" data-id=\"502c693c\" data-element_type=\"column\" data-e-type=\"column\" data-settings=\"{&quot;animation&quot;:&quot;zoomIn&quot;}\">\n\t\t\t<div class=\"elementor-widget-wrap\">\n\t\t\t\t\t\t\t<\/div>\n\t\t<\/div>\n\t\t\t\t\t<\/div>\n\t\t<\/section>\n\t\t\t\t<section class=\"elementor-section elementor-top-section elementor-element elementor-element-92adac4 elementor-section-full_width elementor-section-height-default elementor-section-height-default\" data-id=\"92adac4\" data-element_type=\"section\" data-e-type=\"section\">\n\t\t\t\t\t\t<div class=\"elementor-container elementor-column-gap-default\">\n\t\t\t\t\t<div class=\"elementor-column elementor-col-100 elementor-top-column elementor-element elementor-element-00ac0c4\" data-id=\"00ac0c4\" data-element_type=\"column\" data-e-type=\"column\">\n\t\t\t<div class=\"elementor-widget-wrap elementor-element-populated\">\n\t\t\t\t\t\t<div class=\"elementor-element elementor-element-2466096 elementor-position-inline-start elementor-mobile-position-inline-start elementor-view-default elementor-widget elementor-widget-icon-box\" data-id=\"2466096\" data-element_type=\"widget\" data-e-type=\"widget\" data-widget_type=\"icon-box.default\">\n\t\t\t\t<div class=\"elementor-widget-container\">\n\t\t\t\t\t\t\t<div class=\"elementor-icon-box-wrapper\">\n\n\t\t\t\t\t\t<div class=\"elementor-icon-box-icon\">\n\t\t\t\t<a href=\"https:\/\/shoelutions.pt\/pt\/projects\/\" class=\"elementor-icon\" tabindex=\"-1\" aria-label=\"Todos os projetos\">\n\t\t\t\t<i aria-hidden=\"true\" class=\"fas fa-angle-left\"><\/i>\t\t\t\t<\/a>\n\t\t\t<\/div>\n\t\t\t\n\t\t\t\t\t\t<div class=\"elementor-icon-box-content\">\n\n\t\t\t\t\t\t\t\t\t<h3 class=\"elementor-icon-box-title\">\n\t\t\t\t\t\t<a href=\"https:\/\/shoelutions.pt\/pt\/projects\/\" >\n\t\t\t\t\t\t\tTodos os projetos\t\t\t\t\t\t<\/a>\n\t\t\t\t\t<\/h3>\n\t\t\t\t\n\t\t\t\t\n\t\t\t<\/div>\n\t\t\t\n\t\t<\/div>\n\t\t\t\t\t\t<\/div>\n\t\t\t\t<\/div>\n\t\t\t\t<div class=\"elementor-element elementor-element-17026c6 elementor-widget elementor-widget-heading\" data-id=\"17026c6\" data-element_type=\"widget\" data-e-type=\"widget\" data-widget_type=\"heading.default\">\n\t\t\t\t<div class=\"elementor-widget-container\">\n\t\t\t\t\t<h2 class=\"elementor-heading-title elementor-size-default\">Projeto \/<font color=\"#E81313\"> Mariano <\/font><\/h2>\t\t\t\t<\/div>\n\t\t\t\t<\/div>\n\t\t\t\t\t<\/div>\n\t\t<\/div>\n\t\t\t\t\t<\/div>\n\t\t<\/section>\n\t\t\t\t<section class=\"elementor-section elementor-top-section elementor-element elementor-element-9ecc38e elementor-section-height-min-height elementor-section-full_width elementor-section-height-default elementor-section-items-middle\" data-id=\"9ecc38e\" data-element_type=\"section\" data-e-type=\"section\" data-settings=\"{&quot;background_background&quot;:&quot;classic&quot;}\">\n\t\t\t\t\t\t<div class=\"elementor-container elementor-column-gap-no\">\n\t\t\t\t\t<div class=\"elementor-column elementor-col-100 elementor-top-column elementor-element elementor-element-c683a65\" data-id=\"c683a65\" data-element_type=\"column\" data-e-type=\"column\">\n\t\t\t<div class=\"elementor-widget-wrap elementor-element-populated\">\n\t\t\t\t\t\t<div class=\"elementor-element elementor-element-2dde4ce elementor-widget elementor-widget-text-editor\" data-id=\"2dde4ce\" data-element_type=\"widget\" data-e-type=\"widget\" data-widget_type=\"text-editor.default\">\n\t\t\t\t<div class=\"elementor-widget-container\">\n\t\t\t\t\t\t\t\t\t<p>A Mariano \u00e9 onde o fabrico artesanal portugu\u00eas se encontra com a inova\u00e7\u00e3o.\u00a0<\/p>\t\t\t\t\t\t\t\t<\/div>\n\t\t\t\t<\/div>\n\t\t\t\t\t<\/div>\n\t\t<\/div>\n\t\t\t\t\t<\/div>\n\t\t<\/section>\n\t\t\t\t<section class=\"elementor-section elementor-top-section elementor-element elementor-element-d197d16 elementor-section-full_width elementor-section-height-default elementor-section-height-default\" data-id=\"d197d16\" data-element_type=\"section\" data-e-type=\"section\">\n\t\t\t\t\t\t<div class=\"elementor-container elementor-column-gap-no\">\n\t\t\t\t\t<div class=\"elementor-column elementor-col-50 elementor-top-column elementor-element elementor-element-435705b\" data-id=\"435705b\" data-element_type=\"column\" data-e-type=\"column\">\n\t\t\t<div class=\"elementor-widget-wrap elementor-element-populated\">\n\t\t\t\t\t\t<div class=\"elementor-element elementor-element-0282612 elementor-invisible elementor-widget elementor-widget-text-editor\" data-id=\"0282612\" data-element_type=\"widget\" data-e-type=\"widget\" data-settings=\"{&quot;_animation&quot;:&quot;slideInLeft&quot;}\" data-widget_type=\"text-editor.default\">\n\t\t\t\t<div class=\"elementor-widget-container\">\n\t\t\t\t\t\t\t\t\t<p><strong>Design &amp; Engenharia <\/strong><span style=\"font-size: 0.85em;\">Design T\u00e9cnico<\/span><\/p>\t\t\t\t\t\t\t\t<\/div>\n\t\t\t\t<\/div>\n\t\t\t\t\t<\/div>\n\t\t<\/div>\n\t\t\t\t<div class=\"elementor-column elementor-col-50 elementor-top-column elementor-element elementor-element-7814c87\" data-id=\"7814c87\" data-element_type=\"column\" data-e-type=\"column\">\n\t\t\t<div class=\"elementor-widget-wrap elementor-element-populated\">\n\t\t\t\t\t\t<div class=\"elementor-element elementor-element-759ebc1 elementor-widget elementor-widget-text-editor\" data-id=\"759ebc1\" data-element_type=\"widget\" data-e-type=\"widget\" data-widget_type=\"text-editor.default\">\n\t\t\t\t<div class=\"elementor-widget-container\">\n\t\t\t\t\t\t\t\t\t<p>Com mais de 75 anos, a Mariano mant\u00e9m vivo o esp\u00edrito artesanal. Desde o primeiro corte at\u00e9 ao polimento final, cada sapato \u00e9 inteiramente feito \u00e0 m\u00e3o.\u00a0<\/p><p>N\u00f3s desenvolvemos a modela\u00e7\u00e3o para alguns dos seus sapatos, tanto cl\u00e1ssicos como desportivos, assim como modelos para mulher e homem.<\/p>\t\t\t\t\t\t\t\t<\/div>\n\t\t\t\t<\/div>\n\t\t\t\t\t<\/div>\n\t\t<\/div>\n\t\t\t\t\t<\/div>\n\t\t<\/section>\n\t\t\t\t<section class=\"elementor-section elementor-top-section elementor-element elementor-element-8e84cbf elementor-section-full_width elementor-section-height-default elementor-section-height-default\" data-id=\"8e84cbf\" data-element_type=\"section\" data-e-type=\"section\">\n\t\t\t\t\t\t<div class=\"elementor-container elementor-column-gap-no\">\n\t\t\t\t\t<div class=\"elementor-column elementor-col-100 elementor-top-column elementor-element elementor-element-c91e4c0\" data-id=\"c91e4c0\" data-element_type=\"column\" data-e-type=\"column\">\n\t\t\t<div class=\"elementor-widget-wrap elementor-element-populated\">\n\t\t\t\t\t\t<div class=\"elementor-element elementor-element-a8c23dd elementor-widget-divider--view-line elementor-widget elementor-widget-divider\" data-id=\"a8c23dd\" data-element_type=\"widget\" data-e-type=\"widget\" data-widget_type=\"divider.default\">\n\t\t\t\t<div class=\"elementor-widget-container\">\n\t\t\t\t\t\t\t<div class=\"elementor-divider\">\n\t\t\t<span class=\"elementor-divider-separator\">\n\t\t\t\t\t\t<\/span>\n\t\t<\/div>\n\t\t\t\t\t\t<\/div>\n\t\t\t\t<\/div>\n\t\t\t\t\t<\/div>\n\t\t<\/div>\n\t\t\t\t\t<\/div>\n\t\t<\/section>\n\t\t\t\t<section class=\"elementor-section elementor-top-section elementor-element elementor-element-559384f elementor-section-full_width elementor-section-height-default elementor-section-height-default\" data-id=\"559384f\" data-element_type=\"section\" data-e-type=\"section\">\n\t\t\t\t\t\t<div class=\"elementor-container elementor-column-gap-default\">\n\t\t\t\t\t<div class=\"elementor-column elementor-col-100 elementor-top-column elementor-element elementor-element-0db3dd8\" data-id=\"0db3dd8\" data-element_type=\"column\" data-e-type=\"column\">\n\t\t\t<div class=\"elementor-widget-wrap elementor-element-populated\">\n\t\t\t\t\t\t<div class=\"elementor-element elementor-element-6375fa7 elementor-widget elementor-widget-heading\" data-id=\"6375fa7\" data-element_type=\"widget\" data-e-type=\"widget\" data-widget_type=\"heading.default\">\n\t\t\t\t<div class=\"elementor-widget-container\">\n\t\t\t\t\t<h2 class=\"elementor-heading-title elementor-size-default\">Servi\u00e7os de Desenvolvimento<\/h2>\t\t\t\t<\/div>\n\t\t\t\t<\/div>\n\t\t\t\t<div class=\"elementor-element elementor-element-402bd05 elementor-widget elementor-widget-heading\" data-id=\"402bd05\" data-element_type=\"widget\" data-e-type=\"widget\" data-widget_type=\"heading.default\">\n\t\t\t\t<div class=\"elementor-widget-container\">\n\t\t\t\t\t<h5 class=\"elementor-heading-title elementor-size-default\"><font size=\"30\" color=\"#FF0500\">.<\/font>Design e Engenharia<\/h5>\t\t\t\t<\/div>\n\t\t\t\t<\/div>\n\t\t\t\t<section class=\"elementor-section elementor-inner-section elementor-element elementor-element-5620320 elementor-section-full_width elementor-section-height-default elementor-section-height-default\" data-id=\"5620320\" data-element_type=\"section\" data-e-type=\"section\">\n\t\t\t\t\t\t<div class=\"elementor-container elementor-column-gap-default\">\n\t\t\t\t\t<div class=\"elementor-column elementor-col-50 elementor-inner-column elementor-element elementor-element-85e9caa\" data-id=\"85e9caa\" data-element_type=\"column\" data-e-type=\"column\">\n\t\t\t<div class=\"elementor-widget-wrap elementor-element-populated\">\n\t\t\t\t\t\t<div class=\"elementor-element elementor-element-178e032 elementor-widget elementor-widget-gallery\" data-id=\"178e032\" data-element_type=\"widget\" data-e-type=\"widget\" data-settings=\"{&quot;columns&quot;:1,&quot;aspect_ratio&quot;:&quot;1:1&quot;,&quot;columns_tablet&quot;:1,&quot;gallery_layout&quot;:&quot;grid&quot;,&quot;columns_mobile&quot;:1,&quot;gap&quot;:{&quot;unit&quot;:&quot;px&quot;,&quot;size&quot;:10,&quot;sizes&quot;:[]},&quot;gap_tablet&quot;:{&quot;unit&quot;:&quot;px&quot;,&quot;size&quot;:10,&quot;sizes&quot;:[]},&quot;gap_mobile&quot;:{&quot;unit&quot;:&quot;px&quot;,&quot;size&quot;:10,&quot;sizes&quot;:[]},&quot;link_to&quot;:&quot;file&quot;,&quot;content_hover_animation&quot;:&quot;fade-in&quot;}\" data-widget_type=\"gallery.default\">\n\t\t\t\t<div class=\"elementor-widget-container\">\n\t\t\t\t\t\t\t<div class=\"elementor-gallery__container\">\n\t\t\t\t\t\t\t<a class=\"e-gallery-item elementor-gallery-item elementor-animated-content\" href=\"https:\/\/shoelutions.pt\/wp-content\/uploads\/2022\/08\/Mariado-CAD2D.jpg\" data-elementor-open-lightbox=\"yes\" data-elementor-lightbox-slideshow=\"178e032\" data-elementor-lightbox-title=\"Cad\" data-e-action-hash=\"#elementor-action%3Aaction%3Dlightbox%26settings%3DeyJpZCI6NDM5MywidXJsIjoiaHR0cHM6XC9cL3Nob2VsdXRpb25zLnB0XC93cC1jb250ZW50XC91cGxvYWRzXC8yMDIyXC8wOFwvTWFyaWFkby1DQUQyRC5qcGciLCJzbGlkZXNob3ciOiIxNzhlMDMyIn0%3D\">\n\t\t\t\t\t<div class=\"e-gallery-image elementor-gallery-item__image\" data-thumbnail=\"https:\/\/shoelutions.pt\/wp-content\/uploads\/2022\/08\/Mariado-CAD2D-1024x1024.jpg\" data-width=\"800\" data-height=\"800\" aria-label=\"\" role=\"img\" ><\/div>\n\t\t\t\t\t\t\t\t\t\t\t\t\t\t<\/a>\n\t\t\t\t\t<\/div>\n\t\t\t\t\t<\/div>\n\t\t\t\t<\/div>\n\t\t\t\t\t<\/div>\n\t\t<\/div>\n\t\t\t\t<div class=\"elementor-column elementor-col-50 elementor-inner-column elementor-element elementor-element-2ebfcdf\" data-id=\"2ebfcdf\" data-element_type=\"column\" data-e-type=\"column\">\n\t\t\t<div class=\"elementor-widget-wrap elementor-element-populated\">\n\t\t\t\t\t\t<div class=\"elementor-element elementor-element-b1e257c elementor-widget elementor-widget-video\" data-id=\"b1e257c\" data-element_type=\"widget\" data-e-type=\"widget\" data-settings=\"{&quot;video_type&quot;:&quot;hosted&quot;,&quot;autoplay&quot;:&quot;yes&quot;,&quot;play_on_mobile&quot;:&quot;yes&quot;,&quot;mute&quot;:&quot;yes&quot;,&quot;loop&quot;:&quot;yes&quot;}\" data-widget_type=\"video.default\">\n\t\t\t\t<div class=\"elementor-widget-container\">\n\t\t\t\t\t\t\t<div class=\"e-hosted-video elementor-wrapper elementor-open-inline\">\n\t\t\t\t\t<video class=\"elementor-video\" src=\"https:\/\/shoelutions.pt\/wp-content\/uploads\/2022\/08\/Mariano.mp4\" autoplay=\"\" loop=\"\" muted=\"muted\" playsinline=\"\" controlslist=\"nodownload\"><\/video>\n\t\t\t\t<\/div>\n\t\t\t\t\t\t<\/div>\n\t\t\t\t<\/div>\n\t\t\t\t\t<\/div>\n\t\t<\/div>\n\t\t\t\t\t<\/div>\n\t\t<\/section>\n\t\t\t\t<div class=\"elementor-element elementor-element-719e9bf elementor-widget-divider--view-line_icon elementor-widget-divider--element-align-right elementor-view-default elementor-widget elementor-widget-divider\" data-id=\"719e9bf\" data-element_type=\"widget\" data-e-type=\"widget\" data-widget_type=\"divider.default\">\n\t\t\t\t<div class=\"elementor-widget-container\">\n\t\t\t\t\t\t\t<div class=\"elementor-divider\">\n\t\t\t<span class=\"elementor-divider-separator\">\n\t\t\t\t\t\t\t<div class=\"elementor-icon elementor-divider__element\">\n\t\t\t\t\t<svg xmlns=\"http:\/\/www.w3.org\/2000\/svg\" id=\"ed0c6f2e-f3b4-4f37-8804-2fb9d8634d81\" data-name=\"Camada 1\" viewbox=\"0 0 55 55\"><defs><style>.b7c99303-7440-4343-be86-0ceeb4f85aa7{fill:red;}<\/style><\/defs><circle class=\"b7c99303-7440-4343-be86-0ceeb4f85aa7\" cx=\"27.5\" cy=\"27.5\" r=\"27\"><\/circle><path class=\"b7c99303-7440-4343-be86-0ceeb4f85aa7\" d=\"M50.5,35A26.5,26.5,0,1,1,24,61.5,26.53,26.53,0,0,1,50.5,35m0-1A27.5,27.5,0,1,0,78,61.5,27.5,27.5,0,0,0,50.5,34Z\" transform=\"translate(-23 -34)\"><\/path><\/svg><\/div>\n\t\t\t\t\t\t<\/span>\n\t\t<\/div>\n\t\t\t\t\t\t<\/div>\n\t\t\t\t<\/div>\n\t\t\t\t\t<\/div>\n\t\t<\/div>\n\t\t\t\t\t<\/div>\n\t\t<\/section>\n\t\t\t\t<\/div>","protected":false},"excerpt":{"rendered":"<p>Modela\u00e7\u00e3o de cal\u00e7ado feminino e masculino.<\/p>","protected":false},"author":1,"featured_media":4742,"parent":5534,"menu_order":0,"comment_status":"closed","ping_status":"closed","template":"","meta":{"_acf_changed":false,"footnotes":""},"categories":[17,407],"tags":[395,402],"class_list":["post-4390","page","type-page","status-publish","has-post-thumbnail","hentry","category-project","category-project-development","tag-man","tag-woman"],"acf":[],"_links":{"self":[{"href":"https:\/\/shoelutions.pt\/pt\/wp-json\/wp\/v2\/pages\/4390","targetHints":{"allow":["GET"]}}],"collection":[{"href":"https:\/\/shoelutions.pt\/pt\/wp-json\/wp\/v2\/pages"}],"about":[{"href":"https:\/\/shoelutions.pt\/pt\/wp-json\/wp\/v2\/types\/page"}],"author":[{"embeddable":true,"href":"https:\/\/shoelutions.pt\/pt\/wp-json\/wp\/v2\/users\/1"}],"replies":[{"embeddable":true,"href":"https:\/\/shoelutions.pt\/pt\/wp-json\/wp\/v2\/comments?post=4390"}],"version-history":[{"count":30,"href":"https:\/\/shoelutions.pt\/pt\/wp-json\/wp\/v2\/pages\/4390\/revisions"}],"predecessor-version":[{"id":12313,"href":"https:\/\/shoelutions.pt\/pt\/wp-json\/wp\/v2\/pages\/4390\/revisions\/12313"}],"up":[{"embeddable":true,"href":"https:\/\/shoelutions.pt\/pt\/wp-json\/wp\/v2\/pages\/5534"}],"wp:featuredmedia":[{"embeddable":true,"href":"https:\/\/shoelutions.pt\/pt\/wp-json\/wp\/v2\/media\/4742"}],"wp:attachment":[{"href":"https:\/\/shoelutions.pt\/pt\/wp-json\/wp\/v2\/media?parent=4390"}],"wp:term":[{"taxonomy":"category","embeddable":true,"href":"https:\/\/shoelutions.pt\/pt\/wp-json\/wp\/v2\/categories?post=4390"},{"taxonomy":"post_tag","embeddable":true,"href":"https:\/\/shoelutions.pt\/pt\/wp-json\/wp\/v2\/tags?post=4390"}],"curies":[{"name":"wp","href":"https:\/\/api.w.org\/{rel}","templated":true}]}}