{"id":99,"date":"2022-05-25T14:59:34","date_gmt":"2022-05-25T14:59:34","guid":{"rendered":"https:\/\/shoelutions.pt\/communication-projects\/"},"modified":"2025-02-14T17:49:24","modified_gmt":"2025-02-14T17:49:24","slug":"commercial-projects","status":"publish","type":"page","link":"https:\/\/shoelutions.pt\/pt\/commercial-projects\/","title":{"rendered":"Projetos Comerciais"},"content":{"rendered":"<div data-elementor-type=\"wp-page\" data-elementor-id=\"99\" class=\"elementor elementor-99\" data-elementor-post-type=\"page\">\n\t\t\t\t\t\t<section class=\"elementor-section elementor-top-section elementor-element elementor-element-fe593f7 elementor-section-full_width elementor-section-height-default elementor-section-height-default\" data-id=\"fe593f7\" data-element_type=\"section\" data-e-type=\"section\" data-settings=\"{&quot;background_background&quot;:&quot;classic&quot;}\">\n\t\t\t\t\t\t<div class=\"elementor-container elementor-column-gap-no\">\n\t\t\t\t\t<div class=\"elementor-column elementor-col-50 elementor-top-column elementor-element elementor-element-86f4de8\" data-id=\"86f4de8\" data-element_type=\"column\" data-e-type=\"column\">\n\t\t\t<div class=\"elementor-widget-wrap elementor-element-populated\">\n\t\t\t\t\t\t<div class=\"elementor-element elementor-element-a88a55a elementor-widget elementor-widget-heading\" data-id=\"a88a55a\" data-element_type=\"widget\" data-e-type=\"widget\" data-widget_type=\"heading.default\">\n\t\t\t\t<div class=\"elementor-widget-container\">\n\t\t\t\t\t<h2 class=\"elementor-heading-title elementor-size-default\">Os nossos projetos<\/h2>\t\t\t\t<\/div>\n\t\t\t\t<\/div>\n\t\t\t\t\t<\/div>\n\t\t<\/div>\n\t\t\t\t<div class=\"elementor-column elementor-col-50 elementor-top-column elementor-element elementor-element-c5453bd\" data-id=\"c5453bd\" data-element_type=\"column\" data-e-type=\"column\">\n\t\t\t<div class=\"elementor-widget-wrap elementor-element-populated\">\n\t\t\t\t\t\t<div class=\"elementor-element elementor-element-7df1382 elementor-nav-menu__align-justify elementor-nav-menu--dropdown-none elementor-widget elementor-widget-nav-menu\" data-id=\"7df1382\" data-element_type=\"widget\" data-e-type=\"widget\" data-settings=\"{&quot;layout&quot;:&quot;horizontal&quot;,&quot;submenu_icon&quot;:{&quot;value&quot;:&quot;&lt;i class=\\&quot;fas fa-caret-down\\&quot; aria-hidden=\\&quot;true\\&quot;&gt;&lt;\\\/i&gt;&quot;,&quot;library&quot;:&quot;fa-solid&quot;}}\" data-widget_type=\"nav-menu.default\">\n\t\t\t\t<div class=\"elementor-widget-container\">\n\t\t\t\t\t\t\t\t<nav aria-label=\"Menu\" class=\"elementor-nav-menu--main elementor-nav-menu__container elementor-nav-menu--layout-horizontal e--pointer-text e--animation-grow\">\n\t\t\t\t<ul id=\"menu-1-7df1382\" class=\"elementor-nav-menu\"><li class=\"menu-item menu-item-type-post_type menu-item-object-page menu-item-5604\"><a href=\"https:\/\/shoelutions.pt\/pt\/projects\/\" class=\"elementor-item\">Todos<\/a><\/li>\n<li class=\"menu-item menu-item-type-post_type menu-item-object-page menu-item-340\"><a href=\"https:\/\/shoelutions.pt\/pt\/branding-projects\/\" class=\"elementor-item\">Branding<\/a><\/li>\n<li class=\"menu-item menu-item-type-post_type menu-item-object-page menu-item-5166\"><a href=\"https:\/\/shoelutions.pt\/pt\/development-projects\/\" class=\"elementor-item\">Desenvolvimento<\/a><\/li>\n<li class=\"menu-item menu-item-type-post_type menu-item-object-page menu-item-5167\"><a href=\"https:\/\/shoelutions.pt\/pt\/commercial-projects\/\" class=\"elementor-item\">Comercial<\/a><\/li>\n<\/ul>\t\t\t<\/nav>\n\t\t\t\t\t\t<nav class=\"elementor-nav-menu--dropdown elementor-nav-menu__container\" aria-hidden=\"true\">\n\t\t\t\t<ul id=\"menu-2-7df1382\" class=\"elementor-nav-menu\"><li class=\"menu-item menu-item-type-post_type menu-item-object-page menu-item-5604\"><a href=\"https:\/\/shoelutions.pt\/pt\/projects\/\" class=\"elementor-item\" tabindex=\"-1\">Todos<\/a><\/li>\n<li class=\"menu-item menu-item-type-post_type menu-item-object-page menu-item-340\"><a href=\"https:\/\/shoelutions.pt\/pt\/branding-projects\/\" class=\"elementor-item\" tabindex=\"-1\">Branding<\/a><\/li>\n<li class=\"menu-item menu-item-type-post_type menu-item-object-page menu-item-5166\"><a href=\"https:\/\/shoelutions.pt\/pt\/development-projects\/\" class=\"elementor-item\" tabindex=\"-1\">Desenvolvimento<\/a><\/li>\n<li class=\"menu-item menu-item-type-post_type menu-item-object-page menu-item-5167\"><a href=\"https:\/\/shoelutions.pt\/pt\/commercial-projects\/\" class=\"elementor-item\" tabindex=\"-1\">Comercial<\/a><\/li>\n<\/ul>\t\t\t<\/nav>\n\t\t\t\t\t\t<\/div>\n\t\t\t\t<\/div>\n\t\t\t\t\t<\/div>\n\t\t<\/div>\n\t\t\t\t\t<\/div>\n\t\t<\/section>\n\t\t\t\t<section class=\"elementor-section elementor-top-section elementor-element elementor-element-4ad7c79 elementor-section-full_width elementor-section-height-default elementor-section-height-default\" data-id=\"4ad7c79\" data-element_type=\"section\" data-e-type=\"section\">\n\t\t\t\t\t\t<div class=\"elementor-container elementor-column-gap-no\">\n\t\t\t\t\t<div class=\"elementor-column elementor-col-100 elementor-top-column elementor-element elementor-element-3fc090f\" data-id=\"3fc090f\" data-element_type=\"column\" data-e-type=\"column\">\n\t\t\t<div class=\"elementor-widget-wrap elementor-element-populated\">\n\t\t\t\t\t\t<div class=\"elementor-element elementor-element-69111e3 elementor-widget-divider--view-line elementor-widget elementor-widget-divider\" data-id=\"69111e3\" data-element_type=\"widget\" data-e-type=\"widget\" data-widget_type=\"divider.default\">\n\t\t\t\t<div class=\"elementor-widget-container\">\n\t\t\t\t\t\t\t<div class=\"elementor-divider\">\n\t\t\t<span class=\"elementor-divider-separator\">\n\t\t\t\t\t\t<\/span>\n\t\t<\/div>\n\t\t\t\t\t\t<\/div>\n\t\t\t\t<\/div>\n\t\t\t\t\t<\/div>\n\t\t<\/div>\n\t\t\t\t\t<\/div>\n\t\t<\/section>\n\t\t<div class=\"elementor-element elementor-element-9b97635 e-con-full e-flex e-con e-parent\" data-id=\"9b97635\" data-element_type=\"container\" data-e-type=\"container\">\n\t\t<div class=\"elementor-element elementor-element-a896c58 e-con-full e-flex e-con e-child\" data-id=\"a896c58\" data-element_type=\"container\" data-e-type=\"container\">\n\t\t\t\t<div class=\"elementor-element elementor-element-7eac864 elementor-grid-2 elementor-grid-tablet-2 elementor-grid-mobile-1 elementor-posts--thumbnail-top elementor-card-shadow-yes elementor-posts__hover-gradient elementor-widget elementor-widget-posts\" data-id=\"7eac864\" data-element_type=\"widget\" data-e-type=\"widget\" data-settings=\"{&quot;cards_columns&quot;:&quot;2&quot;,&quot;pagination_type&quot;:&quot;load_more_infinite_scroll&quot;,&quot;cards_row_gap&quot;:{&quot;unit&quot;:&quot;px&quot;,&quot;size&quot;:80,&quot;sizes&quot;:[]},&quot;cards_row_gap_tablet&quot;:{&quot;unit&quot;:&quot;px&quot;,&quot;size&quot;:50,&quot;sizes&quot;:[]},&quot;cards_row_gap_mobile&quot;:{&quot;unit&quot;:&quot;px&quot;,&quot;size&quot;:40,&quot;sizes&quot;:[]},&quot;cards_columns_tablet&quot;:&quot;2&quot;,&quot;cards_columns_mobile&quot;:&quot;1&quot;,&quot;load_more_spinner&quot;:{&quot;value&quot;:&quot;fas fa-spinner&quot;,&quot;library&quot;:&quot;fa-solid&quot;}}\" data-widget_type=\"posts.cards\">\n\t\t\t\t<div class=\"elementor-widget-container\">\n\t\t\t\t\t\t\t<div class=\"elementor-posts-container elementor-posts elementor-posts--skin-cards elementor-grid\" role=\"list\">\n\t\t\t\t<article class=\"elementor-post elementor-grid-item post-10781 page type-page status-publish has-post-thumbnail hentry category-project category-project-branding category-project-commercial tag-barefoot\" role=\"listitem\">\n\t\t\t<div class=\"elementor-post__card\">\n\t\t\t\t<a class=\"elementor-post__thumbnail__link\" href=\"https:\/\/shoelutions.pt\/pt\/projects\/project-lang-s-product-identity\/\" tabindex=\"-1\" ><div class=\"elementor-post__thumbnail\"><img fetchpriority=\"high\" decoding=\"async\" width=\"768\" height=\"432\" src=\"https:\/\/shoelutions.pt\/wp-content\/uploads\/2024\/04\/banner2-langs-768x432.jpg\" class=\"attachment-medium_large size-medium_large wp-image-10821\" alt=\"\" srcset=\"https:\/\/shoelutions.pt\/wp-content\/uploads\/2024\/04\/banner2-langs-768x432.jpg 768w, https:\/\/shoelutions.pt\/wp-content\/uploads\/2024\/04\/banner2-langs-300x169.jpg 300w, https:\/\/shoelutions.pt\/wp-content\/uploads\/2024\/04\/banner2-langs-1024x577.jpg 1024w, https:\/\/shoelutions.pt\/wp-content\/uploads\/2024\/04\/banner2-langs-1536x865.jpg 1536w, https:\/\/shoelutions.pt\/wp-content\/uploads\/2024\/04\/banner2-langs-18x10.jpg 18w, https:\/\/shoelutions.pt\/wp-content\/uploads\/2024\/04\/banner2-langs-600x338.jpg 600w, https:\/\/shoelutions.pt\/wp-content\/uploads\/2024\/04\/banner2-langs.jpg 2000w\" sizes=\"(max-width: 768px) 100vw, 768px\" \/><\/div><\/a>\n\t\t\t\t<div class=\"elementor-post__text\">\n\t\t\t\t<h3 class=\"elementor-post__title\">\n\t\t\t<a href=\"https:\/\/shoelutions.pt\/pt\/projects\/project-lang-s-product-identity\/\" >\n\t\t\t\tLang.S \u2013 Identidade do Produto\t\t\t<\/a>\n\t\t<\/h3>\n\t\t\t\t<div class=\"elementor-post__excerpt\">\n\t\t\t<p>Cria\u00e7\u00e3o de elementos de identidade do produto associados \u00e0 marca e aos seus valores.<\/p>\n\t\t<\/div>\n\t\t\t\t\t<div class=\"elementor-post__read-more-wrapper\">\n\t\t\n\t\t<a class=\"elementor-post__read-more\" href=\"https:\/\/shoelutions.pt\/pt\/projects\/project-lang-s-product-identity\/\" aria-label=\"Saiba mais sobre Lang.S \u2013 Identidade do Produto\" tabindex=\"-1\" >\n\t\t\tVer projeto <span style=\"font-size:30px;color:#ff0500\">.<\/span>\t\t<\/a>\n\n\t\t\t\t\t<\/div>\n\t\t\t\t<\/div>\n\t\t\t\t\t<\/div>\n\t\t<\/article>\n\t\t\t\t<article class=\"elementor-post elementor-grid-item post-8881 page type-page status-publish has-post-thumbnail hentry category-project category-project-branding category-project-commercial category-project-development tag-woman\" role=\"listitem\">\n\t\t\t<div class=\"elementor-post__card\">\n\t\t\t\t<a class=\"elementor-post__thumbnail__link\" href=\"https:\/\/shoelutions.pt\/pt\/projects\/project-avrego\/\" tabindex=\"-1\" ><div class=\"elementor-post__thumbnail\"><img decoding=\"async\" width=\"768\" height=\"768\" src=\"https:\/\/shoelutions.pt\/wp-content\/uploads\/2023\/07\/banner-avrego-768x768.jpg\" class=\"attachment-medium_large size-medium_large wp-image-8940\" alt=\"\" srcset=\"https:\/\/shoelutions.pt\/wp-content\/uploads\/2023\/07\/banner-avrego-768x768.jpg 768w, https:\/\/shoelutions.pt\/wp-content\/uploads\/2023\/07\/banner-avrego-300x300.jpg 300w, https:\/\/shoelutions.pt\/wp-content\/uploads\/2023\/07\/banner-avrego-150x150.jpg 150w, https:\/\/shoelutions.pt\/wp-content\/uploads\/2023\/07\/banner-avrego-12x12.jpg 12w, https:\/\/shoelutions.pt\/wp-content\/uploads\/2023\/07\/banner-avrego-600x600.jpg 600w, https:\/\/shoelutions.pt\/wp-content\/uploads\/2023\/07\/banner-avrego-100x100.jpg 100w, https:\/\/shoelutions.pt\/wp-content\/uploads\/2023\/07\/banner-avrego.jpg 800w\" sizes=\"(max-width: 768px) 100vw, 768px\" \/><\/div><\/a>\n\t\t\t\t<div class=\"elementor-post__text\">\n\t\t\t\t<h3 class=\"elementor-post__title\">\n\t\t\t<a href=\"https:\/\/shoelutions.pt\/pt\/projects\/project-avrego\/\" >\n\t\t\t\tAvrego\t\t\t<\/a>\n\t\t<\/h3>\n\t\t\t\t<div class=\"elementor-post__excerpt\">\n\t\t\t<p>Mais do que um par de sapatos, um estilo de vida formado por diversas experi\u00eancias.<\/p>\n\t\t<\/div>\n\t\t\t\t\t<div class=\"elementor-post__read-more-wrapper\">\n\t\t\n\t\t<a class=\"elementor-post__read-more\" href=\"https:\/\/shoelutions.pt\/pt\/projects\/project-avrego\/\" aria-label=\"Saiba mais sobre Avrego\" tabindex=\"-1\" >\n\t\t\tVer projeto <span style=\"font-size:30px;color:#ff0500\">.<\/span>\t\t<\/a>\n\n\t\t\t\t\t<\/div>\n\t\t\t\t<\/div>\n\t\t\t\t\t<\/div>\n\t\t<\/article>\n\t\t\t\t<article class=\"elementor-post elementor-grid-item post-685 page type-page status-publish has-post-thumbnail hentry category-project category-project-branding category-project-commercial category-project-development tag-man tag-woman\" role=\"listitem\">\n\t\t\t<div class=\"elementor-post__card\">\n\t\t\t\t<a class=\"elementor-post__thumbnail__link\" href=\"https:\/\/shoelutions.pt\/pt\/projects\/project-junk\/\" tabindex=\"-1\" ><div class=\"elementor-post__thumbnail\"><img decoding=\"async\" width=\"768\" height=\"512\" src=\"https:\/\/shoelutions.pt\/wp-content\/uploads\/2022\/05\/J-TRAINER-brown1-768x512.jpg\" class=\"attachment-medium_large size-medium_large wp-image-287\" alt=\"\" srcset=\"https:\/\/shoelutions.pt\/wp-content\/uploads\/2022\/05\/J-TRAINER-brown1-768x512.jpg 768w, https:\/\/shoelutions.pt\/wp-content\/uploads\/2022\/05\/J-TRAINER-brown1-600x400.jpg 600w, https:\/\/shoelutions.pt\/wp-content\/uploads\/2022\/05\/J-TRAINER-brown1-300x200.jpg 300w, https:\/\/shoelutions.pt\/wp-content\/uploads\/2022\/05\/J-TRAINER-brown1-1024x683.jpg 1024w, https:\/\/shoelutions.pt\/wp-content\/uploads\/2022\/05\/J-TRAINER-brown1-1536x1024.jpg 1536w, https:\/\/shoelutions.pt\/wp-content\/uploads\/2022\/05\/J-TRAINER-brown1.jpg 1900w\" sizes=\"(max-width: 768px) 100vw, 768px\" \/><\/div><\/a>\n\t\t\t\t<div class=\"elementor-post__text\">\n\t\t\t\t<h3 class=\"elementor-post__title\">\n\t\t\t<a href=\"https:\/\/shoelutions.pt\/pt\/projects\/project-junk\/\" >\n\t\t\t\tJ-UNK\t\t\t<\/a>\n\t\t<\/h3>\n\t\t\t\t<div class=\"elementor-post__excerpt\">\n\t\t\t<p>Cria\u00e7\u00e3o de marca com caracter\u00edsticas \u00fanicas. Cal\u00e7ado unissex que reutiliza mangueiras de inc\u00eandio danificadas.<\/p>\n\t\t<\/div>\n\t\t\t\t\t<div class=\"elementor-post__read-more-wrapper\">\n\t\t\n\t\t<a class=\"elementor-post__read-more\" href=\"https:\/\/shoelutions.pt\/pt\/projects\/project-junk\/\" aria-label=\"Saiba mais sobre J-UNK\" tabindex=\"-1\" >\n\t\t\tVer projeto <span style=\"font-size:30px;color:#ff0500\">.<\/span>\t\t<\/a>\n\n\t\t\t\t\t<\/div>\n\t\t\t\t<\/div>\n\t\t\t\t\t<\/div>\n\t\t<\/article>\n\t\t\t\t<article class=\"elementor-post elementor-grid-item post-169 page type-page status-publish has-post-thumbnail hentry category-project category-project-branding category-project-commercial category-project-development tag-man tag-woman\" role=\"listitem\">\n\t\t\t<div class=\"elementor-post__card\">\n\t\t\t\t<a class=\"elementor-post__thumbnail__link\" href=\"https:\/\/shoelutions.pt\/pt\/projects\/project-pouls\/\" tabindex=\"-1\" ><div class=\"elementor-post__thumbnail\"><img loading=\"lazy\" decoding=\"async\" width=\"768\" height=\"610\" src=\"https:\/\/shoelutions.pt\/wp-content\/uploads\/2022\/05\/Pouls1-768x610.jpg\" class=\"attachment-medium_large size-medium_large wp-image-281\" alt=\"\" srcset=\"https:\/\/shoelutions.pt\/wp-content\/uploads\/2022\/05\/Pouls1-768x610.jpg 768w, https:\/\/shoelutions.pt\/wp-content\/uploads\/2022\/05\/Pouls1-600x476.jpg 600w, https:\/\/shoelutions.pt\/wp-content\/uploads\/2022\/05\/Pouls1-300x238.jpg 300w, https:\/\/shoelutions.pt\/wp-content\/uploads\/2022\/05\/Pouls1-1024x813.jpg 1024w, https:\/\/shoelutions.pt\/wp-content\/uploads\/2022\/05\/Pouls1-1536x1220.jpg 1536w, https:\/\/shoelutions.pt\/wp-content\/uploads\/2022\/05\/Pouls1.jpg 1786w\" sizes=\"(max-width: 768px) 100vw, 768px\" \/><\/div><\/a>\n\t\t\t\t<div class=\"elementor-post__text\">\n\t\t\t\t<h3 class=\"elementor-post__title\">\n\t\t\t<a href=\"https:\/\/shoelutions.pt\/pt\/projects\/project-pouls\/\" >\n\t\t\t\tPouls\t\t\t<\/a>\n\t\t<\/h3>\n\t\t\t\t<div class=\"elementor-post__excerpt\">\n\t\t\t<p>Design t\u00e9cnico e fabrico de botas em pele unissexo.<\/p>\n\t\t<\/div>\n\t\t\t\t\t<div class=\"elementor-post__read-more-wrapper\">\n\t\t\n\t\t<a class=\"elementor-post__read-more\" href=\"https:\/\/shoelutions.pt\/pt\/projects\/project-pouls\/\" aria-label=\"Saiba mais sobre Pouls\" tabindex=\"-1\" >\n\t\t\tVer projeto <span style=\"font-size:30px;color:#ff0500\">.<\/span>\t\t<\/a>\n\n\t\t\t\t\t<\/div>\n\t\t\t\t<\/div>\n\t\t\t\t\t<\/div>\n\t\t<\/article>\n\t\t\t\t<article class=\"elementor-post elementor-grid-item post-178 page type-page status-publish has-post-thumbnail hentry category-project category-project-branding category-project-commercial category-project-development tag-sneakers\" role=\"listitem\">\n\t\t\t<div class=\"elementor-post__card\">\n\t\t\t\t<a class=\"elementor-post__thumbnail__link\" href=\"https:\/\/shoelutions.pt\/pt\/projects\/project-skizo\/\" tabindex=\"-1\" ><div class=\"elementor-post__thumbnail\"><img loading=\"lazy\" decoding=\"async\" width=\"768\" height=\"450\" src=\"https:\/\/shoelutions.pt\/wp-content\/uploads\/2022\/06\/Skizo-banner-praia-768x450.jpg\" class=\"attachment-medium_large size-medium_large wp-image-2020\" alt=\"\" srcset=\"https:\/\/shoelutions.pt\/wp-content\/uploads\/2022\/06\/Skizo-banner-praia-768x450.jpg 768w, https:\/\/shoelutions.pt\/wp-content\/uploads\/2022\/06\/Skizo-banner-praia-e1655376816933-600x352.jpg 600w, https:\/\/shoelutions.pt\/wp-content\/uploads\/2022\/06\/Skizo-banner-praia-300x176.jpg 300w, https:\/\/shoelutions.pt\/wp-content\/uploads\/2022\/06\/Skizo-banner-praia-1024x600.jpg 1024w, https:\/\/shoelutions.pt\/wp-content\/uploads\/2022\/06\/Skizo-banner-praia-1536x900.jpg 1536w, https:\/\/shoelutions.pt\/wp-content\/uploads\/2022\/06\/Skizo-banner-praia-18x12.jpg 18w, https:\/\/shoelutions.pt\/wp-content\/uploads\/2022\/06\/Skizo-banner-praia-e1655376816933.jpg 1500w\" sizes=\"(max-width: 768px) 100vw, 768px\" \/><\/div><\/a>\n\t\t\t\t<div class=\"elementor-post__text\">\n\t\t\t\t<h3 class=\"elementor-post__title\">\n\t\t\t<a href=\"https:\/\/shoelutions.pt\/pt\/projects\/project-skizo\/\" >\n\t\t\t\tSkizo\t\t\t<\/a>\n\t\t<\/h3>\n\t\t\t\t<div class=\"elementor-post__excerpt\">\n\t\t\t<p>Design e fabrico de sapatilhas vegan e sustent\u00e1veis feitas com pl\u00e1stico recolhido dos oceanos.<\/p>\n\t\t<\/div>\n\t\t\t\t\t<div class=\"elementor-post__read-more-wrapper\">\n\t\t\n\t\t<a class=\"elementor-post__read-more\" href=\"https:\/\/shoelutions.pt\/pt\/projects\/project-skizo\/\" aria-label=\"Saiba mais sobre Skizo\" tabindex=\"-1\" >\n\t\t\tVer projeto <span style=\"font-size:30px;color:#ff0500\">.<\/span>\t\t<\/a>\n\n\t\t\t\t\t<\/div>\n\t\t\t\t<\/div>\n\t\t\t\t\t<\/div>\n\t\t<\/article>\n\t\t\t\t<article class=\"elementor-post elementor-grid-item post-181 page type-page status-publish has-post-thumbnail hentry category-project category-project-branding category-project-commercial category-project-development tag-kids tag-man tag-sneakers tag-woman\" role=\"listitem\">\n\t\t\t<div class=\"elementor-post__card\">\n\t\t\t\t<a class=\"elementor-post__thumbnail__link\" href=\"https:\/\/shoelutions.pt\/pt\/projects\/project-three-land\/\" tabindex=\"-1\" ><div class=\"elementor-post__thumbnail\"><img loading=\"lazy\" decoding=\"async\" width=\"768\" height=\"513\" src=\"https:\/\/shoelutions.pt\/wp-content\/uploads\/2022\/06\/banner-threeland-768x513.jpg\" class=\"attachment-medium_large size-medium_large wp-image-2026\" alt=\"\" srcset=\"https:\/\/shoelutions.pt\/wp-content\/uploads\/2022\/06\/banner-threeland-768x513.jpg 768w, https:\/\/shoelutions.pt\/wp-content\/uploads\/2022\/06\/banner-threeland-600x400.jpg 600w, https:\/\/shoelutions.pt\/wp-content\/uploads\/2022\/06\/banner-threeland-300x200.jpg 300w, https:\/\/shoelutions.pt\/wp-content\/uploads\/2022\/06\/banner-threeland-1024x683.jpg 1024w, https:\/\/shoelutions.pt\/wp-content\/uploads\/2022\/06\/banner-threeland-18x12.jpg 18w, https:\/\/shoelutions.pt\/wp-content\/uploads\/2022\/06\/banner-threeland.jpg 1500w\" sizes=\"(max-width: 768px) 100vw, 768px\" \/><\/div><\/a>\n\t\t\t\t<div class=\"elementor-post__text\">\n\t\t\t\t<h3 class=\"elementor-post__title\">\n\t\t\t<a href=\"https:\/\/shoelutions.pt\/pt\/projects\/project-three-land\/\" >\n\t\t\t\tThree Land\t\t\t<\/a>\n\t\t<\/h3>\n\t\t\t\t<div class=\"elementor-post__excerpt\">\n\t\t\t<p>Cria\u00e7\u00e3o de um sapato slip-on sustent\u00e1vel para toda a fam\u00edlia.<\/p>\n\t\t<\/div>\n\t\t\t\t\t<div class=\"elementor-post__read-more-wrapper\">\n\t\t\n\t\t<a class=\"elementor-post__read-more\" href=\"https:\/\/shoelutions.pt\/pt\/projects\/project-three-land\/\" aria-label=\"Saiba mais sobre Three Land\" tabindex=\"-1\" >\n\t\t\tVer projeto <span style=\"font-size:30px;color:#ff0500\">.<\/span>\t\t<\/a>\n\n\t\t\t\t\t<\/div>\n\t\t\t\t<\/div>\n\t\t\t\t\t<\/div>\n\t\t<\/article>\n\t\t\t\t<article class=\"elementor-post elementor-grid-item post-153 page type-page status-publish has-post-thumbnail hentry category-project category-project-branding category-project-commercial category-project-development tag-woman\" role=\"listitem\">\n\t\t\t<div class=\"elementor-post__card\">\n\t\t\t\t<a class=\"elementor-post__thumbnail__link\" href=\"https:\/\/shoelutions.pt\/pt\/projects\/project-lazuli\/\" tabindex=\"-1\" ><div class=\"elementor-post__thumbnail\"><img loading=\"lazy\" decoding=\"async\" width=\"768\" height=\"512\" src=\"https:\/\/shoelutions.pt\/wp-content\/uploads\/2022\/08\/Recycled-Blue-w-768x512.jpg\" class=\"attachment-medium_large size-medium_large wp-image-5366\" alt=\"\" srcset=\"https:\/\/shoelutions.pt\/wp-content\/uploads\/2022\/08\/Recycled-Blue-w-768x512.jpg 768w, https:\/\/shoelutions.pt\/wp-content\/uploads\/2022\/08\/Recycled-Blue-w-600x400.jpg 600w, https:\/\/shoelutions.pt\/wp-content\/uploads\/2022\/08\/Recycled-Blue-w-300x200.jpg 300w, https:\/\/shoelutions.pt\/wp-content\/uploads\/2022\/08\/Recycled-Blue-w-1024x683.jpg 1024w, https:\/\/shoelutions.pt\/wp-content\/uploads\/2022\/08\/Recycled-Blue-w-18x12.jpg 18w, https:\/\/shoelutions.pt\/wp-content\/uploads\/2022\/08\/Recycled-Blue-w.jpg 1500w\" sizes=\"(max-width: 768px) 100vw, 768px\" \/><\/div><\/a>\n\t\t\t\t<div class=\"elementor-post__text\">\n\t\t\t\t<h3 class=\"elementor-post__title\">\n\t\t\t<a href=\"https:\/\/shoelutions.pt\/pt\/projects\/project-lazuli\/\" >\n\t\t\t\tLazuli\t\t\t<\/a>\n\t\t<\/h3>\n\t\t\t\t<div class=\"elementor-post__excerpt\">\n\t\t\t<p>Cria\u00e7\u00e3o de marca inspirada no azulejo portugu\u00eas. Cal\u00e7ado de mulher 100% vegan desde 2020.<\/p>\n\t\t<\/div>\n\t\t\t\t\t<div class=\"elementor-post__read-more-wrapper\">\n\t\t\n\t\t<a class=\"elementor-post__read-more\" href=\"https:\/\/shoelutions.pt\/pt\/projects\/project-lazuli\/\" aria-label=\"Saiba mais sobre Lazuli\" tabindex=\"-1\" >\n\t\t\tVer projeto <span style=\"font-size:30px;color:#ff0500\">.<\/span>\t\t<\/a>\n\n\t\t\t\t\t<\/div>\n\t\t\t\t<\/div>\n\t\t\t\t\t<\/div>\n\t\t<\/article>\n\t\t\t\t<article class=\"elementor-post elementor-grid-item post-138 page type-page status-publish has-post-thumbnail hentry category-project category-project-branding category-project-commercial category-project-development tag-man\" role=\"listitem\">\n\t\t\t<div class=\"elementor-post__card\">\n\t\t\t\t<a class=\"elementor-post__thumbnail__link\" href=\"https:\/\/shoelutions.pt\/pt\/projects\/project-elci\/\" tabindex=\"-1\" ><div class=\"elementor-post__thumbnail\"><img loading=\"lazy\" decoding=\"async\" width=\"768\" height=\"491\" src=\"https:\/\/shoelutions.pt\/wp-content\/uploads\/2022\/09\/ELCI-4-768x491.jpg\" class=\"attachment-medium_large size-medium_large wp-image-6755\" alt=\"\" srcset=\"https:\/\/shoelutions.pt\/wp-content\/uploads\/2022\/09\/ELCI-4-768x491.jpg 768w, https:\/\/shoelutions.pt\/wp-content\/uploads\/2022\/09\/ELCI-4-600x383.jpg 600w, https:\/\/shoelutions.pt\/wp-content\/uploads\/2022\/09\/ELCI-4-300x192.jpg 300w, https:\/\/shoelutions.pt\/wp-content\/uploads\/2022\/09\/ELCI-4-18x12.jpg 18w, https:\/\/shoelutions.pt\/wp-content\/uploads\/2022\/09\/ELCI-4.jpg 1000w\" sizes=\"(max-width: 768px) 100vw, 768px\" \/><\/div><\/a>\n\t\t\t\t<div class=\"elementor-post__text\">\n\t\t\t\t<h3 class=\"elementor-post__title\">\n\t\t\t<a href=\"https:\/\/shoelutions.pt\/pt\/projects\/project-elci\/\" >\n\t\t\t\tELCI\t\t\t<\/a>\n\t\t<\/h3>\n\t\t\t\t<div class=\"elementor-post__excerpt\">\n\t\t\t<p>Remodela\u00e7\u00e3o de marca e de toda a sua imagem.<br \/>\nMarca de cal\u00e7ados masculinos com muita tradi\u00e7\u00e3o.<\/p>\n\t\t<\/div>\n\t\t\t\t\t<div class=\"elementor-post__read-more-wrapper\">\n\t\t\n\t\t<a class=\"elementor-post__read-more\" href=\"https:\/\/shoelutions.pt\/pt\/projects\/project-elci\/\" aria-label=\"Saiba mais sobre ELCI\" tabindex=\"-1\" >\n\t\t\tVer projeto <span style=\"font-size:30px;color:#ff0500\">.<\/span>\t\t<\/a>\n\n\t\t\t\t\t<\/div>\n\t\t\t\t<\/div>\n\t\t\t\t\t<\/div>\n\t\t<\/article>\n\t\t\t\t<\/div>\n\t\t\t\t\t<span class=\"e-load-more-spinner\">\n\t\t\t\t<i aria-hidden=\"true\" class=\"fas fa-spinner\"><\/i>\t\t\t<\/span>\n\t\t\n\t\t\t\t\t\t<\/div>\n\t\t\t\t<\/div>\n\t\t\t\t<\/div>\n\t\t\t\t<\/div>\n\t\t\t\t<\/div>","protected":false},"excerpt":{"rendered":"<p>Os nossos projetos<\/p>","protected":false},"author":1,"featured_media":0,"parent":0,"menu_order":0,"comment_status":"closed","ping_status":"closed","template":"","meta":{"_acf_changed":false,"footnotes":""},"categories":[],"tags":[],"class_list":["post-99","page","type-page","status-publish","hentry"],"acf":[],"_links":{"self":[{"href":"https:\/\/shoelutions.pt\/pt\/wp-json\/wp\/v2\/pages\/99","targetHints":{"allow":["GET"]}}],"collection":[{"href":"https:\/\/shoelutions.pt\/pt\/wp-json\/wp\/v2\/pages"}],"about":[{"href":"https:\/\/shoelutions.pt\/pt\/wp-json\/wp\/v2\/types\/page"}],"author":[{"embeddable":true,"href":"https:\/\/shoelutions.pt\/pt\/wp-json\/wp\/v2\/users\/1"}],"replies":[{"embeddable":true,"href":"https:\/\/shoelutions.pt\/pt\/wp-json\/wp\/v2\/comments?post=99"}],"version-history":[{"count":49,"href":"https:\/\/shoelutions.pt\/pt\/wp-json\/wp\/v2\/pages\/99\/revisions"}],"predecessor-version":[{"id":12370,"href":"https:\/\/shoelutions.pt\/pt\/wp-json\/wp\/v2\/pages\/99\/revisions\/12370"}],"wp:attachment":[{"href":"https:\/\/shoelutions.pt\/pt\/wp-json\/wp\/v2\/media?parent=99"}],"wp:term":[{"taxonomy":"category","embeddable":true,"href":"https:\/\/shoelutions.pt\/pt\/wp-json\/wp\/v2\/categories?post=99"},{"taxonomy":"post_tag","embeddable":true,"href":"https:\/\/shoelutions.pt\/pt\/wp-json\/wp\/v2\/tags?post=99"}],"curies":[{"name":"wp","href":"https:\/\/api.w.org\/{rel}","templated":true}]}}