{"id":13569,"date":"2025-06-11T11:18:22","date_gmt":"2025-06-11T11:18:22","guid":{"rendered":"https:\/\/shoelutions.pt\/?post_type=product&#038;p=13569"},"modified":"2025-06-11T11:18:22","modified_gmt":"2025-06-11T11:18:22","slug":"altabix","status":"publish","type":"product","link":"https:\/\/shoelutions.pt\/pt\/produto\/altabix\/","title":{"rendered":"ALTABIX"},"content":{"rendered":"<p>Feito para conforto e durabilidade. Projetado para oferecer excelente ader\u00eancia e flexibilidade, \u00e9 ideal para uma ampla gama de t\u00eanis casuais.<\/p>\n<p>Dispon\u00edvel em uma variedade de cores para atender \u00e0s suas necessidades de marca ou design.<\/p>","protected":false},"excerpt":{"rendered":"<p>Feito para conforto e durabilidade. Projetado para oferecer excelente ader\u00eancia e flexibilidade, \u00e9 ideal para uma ampla gama de t\u00eanis casuais. Dispon\u00edvel em uma variedade de cores para atender \u00e0s necessidades da sua marca ou design.<\/p>","protected":false},"featured_media":13570,"template":"","meta":{"_acf_changed":false},"product_brand":[],"product_cat":[81],"product_tag":[405,227,392,293],"class_list":{"0":"post-13569","1":"product","2":"type-product","3":"status-publish","4":"has-post-thumbnail","6":"product_cat-sole","7":"product_tag-sneakers","8":"product_tag-sole","9":"product_tag-soles","10":"product_tag-tr","11":"pa_gender-man","12":"pa_size-106","13":"pa_size-107","14":"pa_size-108","15":"pa_size-109","16":"pa_size-110","17":"pa_size-225","18":"pa_sole-heigh-low-1-2-cm","19":"pa_sole-material-tr","20":"pa_sole-shoe-type-sneakers","22":"first","23":"instock","24":"shipping-taxable","25":"product-type-simple"},"acf":[],"_links":{"self":[{"href":"https:\/\/shoelutions.pt\/pt\/wp-json\/wp\/v2\/product\/13569","targetHints":{"allow":["GET"]}}],"collection":[{"href":"https:\/\/shoelutions.pt\/pt\/wp-json\/wp\/v2\/product"}],"about":[{"href":"https:\/\/shoelutions.pt\/pt\/wp-json\/wp\/v2\/types\/product"}],"version-history":[{"count":1,"href":"https:\/\/shoelutions.pt\/pt\/wp-json\/wp\/v2\/product\/13569\/revisions"}],"predecessor-version":[{"id":13571,"href":"https:\/\/shoelutions.pt\/pt\/wp-json\/wp\/v2\/product\/13569\/revisions\/13571"}],"wp:featuredmedia":[{"embeddable":true,"href":"https:\/\/shoelutions.pt\/pt\/wp-json\/wp\/v2\/media\/13570"}],"wp:attachment":[{"href":"https:\/\/shoelutions.pt\/pt\/wp-json\/wp\/v2\/media?parent=13569"}],"wp:term":[{"taxonomy":"product_brand","embeddable":true,"href":"https:\/\/shoelutions.pt\/pt\/wp-json\/wp\/v2\/product_brand?post=13569"},{"taxonomy":"product_cat","embeddable":true,"href":"https:\/\/shoelutions.pt\/pt\/wp-json\/wp\/v2\/product_cat?post=13569"},{"taxonomy":"product_tag","embeddable":true,"href":"https:\/\/shoelutions.pt\/pt\/wp-json\/wp\/v2\/product_tag?post=13569"}],"curies":[{"name":"wp","href":"https:\/\/api.w.org\/{rel}","templated":true}]}}